{"id":45527,"date":"2025-10-20T08:58:09","date_gmt":"2025-10-20T06:58:09","guid":{"rendered":"https:\/\/seaottereurope.com\/aplicacio-oficial-sea-otter-europe\/"},"modified":"2026-02-16T13:00:05","modified_gmt":"2026-02-16T12:00:05","slug":"aplicacio-oficial-sea-otter-europe","status":"publish","type":"page","link":"https:\/\/www.seaottereurope.com\/ca\/aplicacio-oficial-sea-otter-europe\/","title":{"rendered":"Aplicaci\u00f3 oficial Sea Otter Europe"},"content":{"rendered":"\t\t<div data-elementor-type=\"wp-page\" data-elementor-id=\"45527\" class=\"elementor elementor-45527 elementor-42375\" data-elementor-post-type=\"page\">\n\t\t\t\t<div class=\"elementor-element elementor-element-4b52ffc e-con-full e-flex e-con e-parent\" data-id=\"4b52ffc\" data-element_type=\"container\" data-e-type=\"container\" data-settings=\"{&quot;background_background&quot;:&quot;classic&quot;}\">\n\t\t<div class=\"elementor-element elementor-element-1e22726 e-flex e-con-boxed e-con e-child\" data-id=\"1e22726\" data-element_type=\"container\" data-e-type=\"container\">\n\t\t\t\t\t<div class=\"e-con-inner\">\n\t\t<div class=\"elementor-element elementor-element-7ebc465 e-con-full e-flex e-con e-child\" data-id=\"7ebc465\" data-element_type=\"container\" data-e-type=\"container\" data-settings=\"{&quot;background_background&quot;:&quot;classic&quot;}\">\n\t\t\t\t<div class=\"elementor-element elementor-element-b5128da elementor-widget elementor-widget-the7-heading\" data-id=\"b5128da\" data-element_type=\"widget\" data-e-type=\"widget\" data-widget_type=\"the7-heading.default\">\n\t\t\t\t<div class=\"elementor-widget-container\">\n\t\t\t\t\t<h3 class=\"the7-heading-title elementor-size-default\">Aplicaci\u00f3 oficial<\/h3>\t\t\t\t<\/div>\n\t\t\t\t<\/div>\n\t\t\t\t<div class=\"elementor-element elementor-element-8596169 elementor-widget-tablet__width-inherit elementor-widget elementor-widget-text-editor\" data-id=\"8596169\" data-element_type=\"widget\" data-e-type=\"widget\" data-widget_type=\"text-editor.default\">\n\t\t\t\t\t\t\t\t\t<p>Descarregueu-vos la nostra app<\/p>\t\t\t\t\t\t\t\t<\/div>\n\t\t\t\t<div class=\"elementor-element elementor-element-d587a5c elementor-widget-tablet__width-inherit elementor-widget elementor-widget-text-editor\" data-id=\"d587a5c\" data-element_type=\"widget\" data-e-type=\"widget\" data-widget_type=\"text-editor.default\">\n\t\t\t\t\t\t\t\t\t<p>L&#8217;app oficial de <strong>Sea Otter Europe <\/strong>\u00e9s l&#8217;eina ideal per a professionals i empreses del sector.<\/p><p>Dissenyada per facilitar el networking i generar noves oportunitats de negoci, et permet ampliar la teva xarxa de contactes de forma r\u00e0pida i estrat\u00e8gica durant el festival.<\/p>\t\t\t\t\t\t\t\t<\/div>\n\t\t\t\t<div class=\"elementor-element elementor-element-7aa7068 elementor-widget-tablet__width-inherit elementor-widget elementor-widget-text-editor\" data-id=\"7aa7068\" data-element_type=\"widget\" data-e-type=\"widget\" data-widget_type=\"text-editor.default\">\n\t\t\t\t\t\t\t\t\t<p><strong>1.-<\/strong> Si ets visitant, accedeix a les opcions generals de l&#8217;app: llistat d&#8217;expositors, mapa de l&#8217;expo, reservar demobike i\/o aconseguir la teva entrada de visitant gratu\u00efta.<\/p><p><strong>2.-<\/strong> Si ets professional, <span style=\"background-color: rgba(255, 255, 255, 0); word-spacing: normal;\">inicia sessi\u00f3 amb les teves credencials a <\/span><span style=\"background-color: rgba(255, 255, 255, 0); word-spacing: normal; font-weight: bold;\">Sea Otter Europe<\/span><span style=\"background-color: rgba(255, 255, 255, 0); word-spacing: normal;\"> i c<\/span><span style=\"background-color: rgba(255, 255, 255, 0); word-spacing: normal;\">omen\u00e7a a fer networking amb expositors i altres professionals.<\/span><\/p>\t\t\t\t\t\t\t\t<\/div>\n\t\t\t\t<div class=\"elementor-element elementor-element-f6f9efa elementor-widget-tablet__width-inherit elementor-widget elementor-widget-text-editor\" data-id=\"f6f9efa\" data-element_type=\"widget\" data-e-type=\"widget\" data-widget_type=\"text-editor.default\">\n\t\t\t\t\t\t\t\t\t<p>Descarregueu-vos l&#8217;aplicaci\u00f3 <strong>Sea Otter Europe<\/strong> al m\u00f2bil per accedir a totes les funcionalitats per a visitants o professionals:<\/p>\t\t\t\t\t\t\t\t<\/div>\n\t\t<div class=\"elementor-element elementor-element-c0646b2 e-con-full e-grid e-con e-child\" data-id=\"c0646b2\" data-element_type=\"container\" data-e-type=\"container\">\n\t\t\t\t<div class=\"elementor-element elementor-element-ba0f155 elementor-widget elementor-widget-image\" data-id=\"ba0f155\" data-element_type=\"widget\" data-e-type=\"widget\" data-widget_type=\"image.default\">\n\t\t\t\t\t\t\t\t\t\t\t\t\t\t\t\t<a href=\"https:\/\/apps.apple.com\/es\/app\/sea-otter-europe-match\/id6504678664\" target=\"_blank\" rel=\"noopener\">\n\t\t\t\t\t\t\t<img decoding=\"async\" width=\"200\" height=\"62\" src=\"https:\/\/www.seaottereurope.com\/wp-content\/uploads\/2025\/10\/app-sea-otter-europe-match-apple-store-200x62-1.png\" class=\"attachment-large size-large wp-image-45529\" alt=\"Bot\u00f3 per descarregar a l&#039;App Store l&#039;aplicaci\u00f3 Sea Otter Europe al m\u00f2bil per a dispositius iOS\" \/>\t\t\t\t\t\t\t\t<\/a>\n\t\t\t\t\t\t\t\t\t\t\t\t\t\t\t<\/div>\n\t\t\t\t<div class=\"elementor-element elementor-element-806799f elementor-widget elementor-widget-image\" data-id=\"806799f\" data-element_type=\"widget\" data-e-type=\"widget\" data-widget_type=\"image.default\">\n\t\t\t\t\t\t\t\t\t\t\t\t\t\t\t\t<a href=\"https:\/\/play.google.com\/store\/apps\/details?id=com.eventscase.soematch\" target=\"_blank\" rel=\"noopener\">\n\t\t\t\t\t\t\t<img decoding=\"async\" width=\"200\" height=\"63\" src=\"https:\/\/www.seaottereurope.com\/wp-content\/uploads\/2025\/10\/app-sea-otter-europe-match-google-play-store-200x63-1.png\" class=\"attachment-large size-large wp-image-45531\" alt=\"Bot\u00f3 per descarregar a Google Play l&#039;aplicaci\u00f3 Sea Otter Europe al m\u00f2bil per a dispositius Android\" \/>\t\t\t\t\t\t\t\t<\/a>\n\t\t\t\t\t\t\t\t\t\t\t\t\t\t\t<\/div>\n\t\t\t\t<\/div>\n\t\t\t\t<\/div>\n\t\t<div class=\"elementor-element elementor-element-5dc0198 e-con-full e-flex e-con e-child\" data-id=\"5dc0198\" data-element_type=\"container\" data-e-type=\"container\" data-settings=\"{&quot;background_background&quot;:&quot;classic&quot;}\">\n\t\t\t\t<div class=\"elementor-element elementor-element-83cff4d content-align-left the7-hover-visibility-disabled transform-overlay-yes exceeding-frame-yes elementor-widget elementor-widget-the7-image-widget\" data-id=\"83cff4d\" data-element_type=\"widget\" data-e-type=\"widget\" data-settings=\"{&quot;hover_visibility&quot;:&quot;disabled&quot;}\" data-widget_type=\"the7-image-widget.default\">\n\t\t\t\t<div class=\"elementor-widget-container\">\n\t\t\t\t\t<div class=\"the7-image-container\"><div class=\"the7-image-wrapper the7-elementor-widget the7-transform-container\"><div class=\"post-thumbnail-rollover layzr-bg img-css-resize-wrapper\"><img fetchpriority=\"high\" decoding=\"async\" width=\"1707\" height=\"2560\" src=\"data:image\/svg+xml,%3Csvg%20xmlns%3D&#039;http%3A%2F%2Fwww.w3.org%2F2000%2Fsvg&#039;%20viewBox%3D&#039;0%200%201707%202560&#039;%2F%3E\" class=\"attachment-full size-full preload-me aspect lazy lazy-load\" alt=\"\" sizes=\"(max-width: 1707px) 100vw, 1707px\" style=\"--ratio: 1707 \/ 2560;\" data-src=\"https:\/\/www.seaottereurope.com\/wp-content\/uploads\/2026\/02\/mockup_app_soe_26-scaled.jpg\" loading=\"eager\" data-srcset=\"https:\/\/www.seaottereurope.com\/wp-content\/uploads\/2026\/02\/mockup_app_soe_26-scaled.jpg 1707w, https:\/\/www.seaottereurope.com\/wp-content\/uploads\/2026\/02\/mockup_app_soe_26-200x300.jpg 200w, https:\/\/www.seaottereurope.com\/wp-content\/uploads\/2026\/02\/mockup_app_soe_26-683x1024.jpg 683w, https:\/\/www.seaottereurope.com\/wp-content\/uploads\/2026\/02\/mockup_app_soe_26-768x1152.jpg 768w, https:\/\/www.seaottereurope.com\/wp-content\/uploads\/2026\/02\/mockup_app_soe_26-1024x1536.jpg 1024w, https:\/\/www.seaottereurope.com\/wp-content\/uploads\/2026\/02\/mockup_app_soe_26-1365x2048.jpg 1365w\" \/><\/div><\/div><\/div>\t\t\t\t<\/div>\n\t\t\t\t<\/div>\n\t\t\t\t<\/div>\n\t\t\t\t\t<\/div>\n\t\t\t\t<\/div>\n\t\t\t\t<\/div>\n\t\t\t\t<\/div>\n\t\t","protected":false},"excerpt":{"rendered":"<p>Aplicaci\u00f3 oficial Descarregueu-vos la nostra app L&#8217;app oficial de Sea Otter Europe \u00e9s l&#8217;eina ideal per a professionals i empreses del sector. Dissenyada per facilitar el networking i generar noves oportunitats de negoci, et permet ampliar la teva xarxa de contactes de forma r\u00e0pida i estrat\u00e8gica durant el festival. 1.- Si ets visitant, accedeix a&hellip;<\/p>\n","protected":false},"author":4,"featured_media":0,"parent":0,"menu_order":0,"comment_status":"closed","ping_status":"closed","template":"","meta":{"footnotes":""},"class_list":["post-45527","page","type-page","status-publish","hentry"],"_links":{"self":[{"href":"https:\/\/www.seaottereurope.com\/ca\/wp-json\/wp\/v2\/pages\/45527","targetHints":{"allow":["GET"]}}],"collection":[{"href":"https:\/\/www.seaottereurope.com\/ca\/wp-json\/wp\/v2\/pages"}],"about":[{"href":"https:\/\/www.seaottereurope.com\/ca\/wp-json\/wp\/v2\/types\/page"}],"author":[{"embeddable":true,"href":"https:\/\/www.seaottereurope.com\/ca\/wp-json\/wp\/v2\/users\/4"}],"replies":[{"embeddable":true,"href":"https:\/\/www.seaottereurope.com\/ca\/wp-json\/wp\/v2\/comments?post=45527"}],"version-history":[{"count":2,"href":"https:\/\/www.seaottereurope.com\/ca\/wp-json\/wp\/v2\/pages\/45527\/revisions"}],"predecessor-version":[{"id":621321,"href":"https:\/\/www.seaottereurope.com\/ca\/wp-json\/wp\/v2\/pages\/45527\/revisions\/621321"}],"wp:attachment":[{"href":"https:\/\/www.seaottereurope.com\/ca\/wp-json\/wp\/v2\/media?parent=45527"}],"curies":[{"name":"wp","href":"https:\/\/api.w.org\/{rel}","templated":true}]}}