{"id":45650,"date":"2025-10-03T12:05:28","date_gmt":"2025-10-03T10:05:28","guid":{"rendered":"https:\/\/seaottereurope.com\/programa-esportiu\/"},"modified":"2026-02-05T10:57:51","modified_gmt":"2026-02-05T09:57:51","slug":"horari-proves-esportives","status":"publish","type":"page","link":"https:\/\/www.seaottereurope.com\/ca\/horari-proves-esportives\/","title":{"rendered":"Horari proves esportives"},"content":{"rendered":"\t\t<div data-elementor-type=\"wp-page\" data-elementor-id=\"45650\" class=\"elementor elementor-45650 elementor-41524\" data-elementor-post-type=\"page\">\n\t\t\t\t<div class=\"elementor-element elementor-element-006ad0a e-flex e-con-boxed e-con e-parent\" data-id=\"006ad0a\" data-element_type=\"container\" data-e-type=\"container\">\n\t\t\t\t\t<div class=\"e-con-inner\">\n\t\t\t\t<div class=\"elementor-element elementor-element-72956fa elementor-widget elementor-widget-text-editor\" data-id=\"72956fa\" data-element_type=\"widget\" data-e-type=\"widget\" data-widget_type=\"text-editor.default\">\n\t\t\t\t\t\t\t\t\t<p>Estem treballant en els horaris de les proves esportives.<\/p><p>Visita la p\u00e0gina m\u00e9s endavant. Gr\u00e0cies. <\/p>\t\t\t\t\t\t\t\t<\/div>\n\t\t\t\t\t<\/div>\n\t\t\t\t<\/div>\n\t\t<div class=\"elementor-element elementor-element-7b2dd75 elementor-hidden-desktop elementor-hidden-tablet elementor-hidden-mobile e-flex e-con-boxed e-con e-parent\" data-id=\"7b2dd75\" data-element_type=\"container\" data-e-type=\"container\">\n\t\t\t\t\t<div class=\"e-con-inner\">\n\t\t\t\t<div class=\"elementor-element elementor-element-18a7799 elementor-widget elementor-widget-text-editor\" data-id=\"18a7799\" data-element_type=\"widget\" data-e-type=\"widget\" data-widget_type=\"text-editor.default\">\n\t\t\t\t\t\t\t\t\t<p>Programa provisional subjecte a canvis<\/p>\t\t\t\t\t\t\t\t<\/div>\n\t\t\t\t<div class=\"elementor-element elementor-element-3cb27c1 elementor-widget elementor-widget-text-editor\" data-id=\"3cb27c1\" data-element_type=\"widget\" data-e-type=\"widget\" data-widget_type=\"text-editor.default\">\n\t\t\t\t\t\t\t\t\t<h2>Divendres 18<\/h2><table style=\"width: 100%; border-collapse: separate; border-spacing: 0 1px; background: #cfcfcf; font-family: Arial, sans-serif; font-size: 14px;\"><thead><tr style=\"background: #f5f5f5;\"><th style=\"padding: 10px 12px; text-align: left;\">Hora<\/th><th style=\"padding: 10px 12px; text-align: left;\">Activitat<\/th><th style=\"padding: 10px 12px; text-align: left;\">Ubicaci\u00f3<\/th><\/tr><\/thead><tbody><tr style=\"background: #fff;\"><td style=\"padding: 10px 12px;\">10.00h<\/td><td style=\"padding: 10px 12px;\">APERTURA DEL FESTIVAL<\/td><td style=\"padding: 10px 12px;\">FESTIVAL SEA OTTER EUROPE<\/td><\/tr><tr style=\"background: #fff;\"><td style=\"padding: 10px 12px;\">11.00h<\/td><td style=\"padding: 10px 12px;\">INICI DEMOBIKE<\/td><td style=\"padding: 10px 12px;\">CIRCUITS DEMOBIKE<\/td><\/tr><tr style=\"background: #fff;\"><td style=\"padding: 10px 12px;\">12.00h &#8211; 19.00h<\/td><td style=\"padding: 10px 12px;\">Entrenaments XCO<\/td><td style=\"padding: 10px 12px;\">SORTIDA XCO<\/td><\/tr><tr style=\"background: #fff;\"><td style=\"padding: 10px 12px;\">13.00h &#8211; 15.30h<\/td><td style=\"padding: 10px 12px;\">Entrenaments XCC\/XCE<\/td><td style=\"padding: 10px 12px;\">ZONA EURO MOBILITY<\/td><\/tr><tr style=\"background: #fff;\"><td style=\"padding: 10px 12px;\">16.00h<\/td><td style=\"padding: 10px 12px;\">Entrenaments XCE<\/td><td style=\"padding: 10px 12px;\">ZONA EURO MOBILITY<\/td><\/tr><tr style=\"background: #fff;\"><td style=\"padding: 10px 12px;\">16.40h<\/td><td style=\"padding: 10px 12px;\">TIME TRAILS WOMEN XCE<\/td><td style=\"padding: 10px 12px;\">ZONA EURO MOBILITY<\/td><\/tr><tr style=\"background: #fff;\"><td style=\"padding: 10px 12px;\">16.50h<\/td><td style=\"padding: 10px 12px;\">TIME TRAILS MEN XCE<\/td><td style=\"padding: 10px 12px;\">ZONA EURO MOBILITY<\/td><\/tr><tr style=\"background: #fff;\"><td style=\"padding: 10px 12px;\">17.10h &#8211; 18.10h<\/td><td style=\"padding: 10px 12px;\">FINALS WOMEN AND MEN<\/td><td style=\"padding: 10px 12px;\">ZONA EURO MOBILITY<\/td><\/tr><tr style=\"background: #fff;\"><td style=\"padding: 10px 12px;\">18.20h<\/td><td style=\"padding: 10px 12px;\">SHORT TRACK WOMEN<\/td><td style=\"padding: 10px 12px;\">ZONA EURO MOBILITY<\/td><\/tr><tr style=\"background: #fff;\"><td style=\"padding: 10px 12px;\">18.30h<\/td><td style=\"padding: 10px 12px;\">SHORT TRACK MEN<\/td><td style=\"padding: 10px 12px;\">ZONA EURO MOBILITY<\/td><\/tr><tr style=\"background: #fff;\"><td style=\"padding: 10px 12px;\">18.50h<\/td><td style=\"padding: 10px 12px;\">Entrega de premis SHORT TRACK and XCE<\/td><td style=\"padding: 10px 12px;\">ZONA EURO MOBILITY<\/td><\/tr><tr style=\"background: #fff;\"><td style=\"padding: 10px 12px;\">19.00h<\/td><td style=\"padding: 10px 12px;\">FIN DEMOBIKE<\/td><td style=\"padding: 10px 12px;\">CIRCUITS DEMOBIKE<\/td><\/tr><tr style=\"background: #fff;\"><td style=\"padding: 10px 12px;\">19.30h<\/td><td style=\"padding: 10px 12px;\">TANCAMENT DEL FESTIVAL<\/td><td style=\"padding: 10px 12px;\">FESTIVAL SEA OTTER EUROPE<\/td><\/tr><\/tbody><\/table>\t\t\t\t\t\t\t\t<\/div>\n\t\t\t\t<div class=\"elementor-element elementor-element-d402372 elementor-widget elementor-widget-text-editor\" data-id=\"d402372\" data-element_type=\"widget\" data-e-type=\"widget\" data-widget_type=\"text-editor.default\">\n\t\t\t\t\t\t\t\t\t<h2>Dissabte 19<\/h2><table style=\"width: 100%; border-collapse: separate; border-spacing: 0 1px; background: #cfcfcf; font-family: Arial, sans-serif; font-size: 14px;\"><thead><tr style=\"background: #f5f5f5;\"><th style=\"padding: 10px 12px; text-align: left;\">Hora<\/th><th style=\"padding: 10px 12px; text-align: left;\">Activitat<\/th><th style=\"padding: 10px 12px; text-align: left;\">Ubicaci\u00f3<\/th><\/tr><\/thead><tbody><tr style=\"background: #fff;\"><td style=\"padding: 10px 12px;\">9.00h<\/td><td style=\"padding: 10px 12px;\">APERTURA DEL FESTIVAL<\/td><td style=\"padding: 10px 12px;\">FESTIVAL SEA OTTER EUROPE<\/td><\/tr><tr style=\"background: #fff;\"><td style=\"padding: 10px 12px;\">9.30h<\/td><td style=\"padding: 10px 12px;\">INICI DEMOBIKE<\/td><td style=\"padding: 10px 12px;\">CIRCUITS DEMOBIKE<\/td><\/tr><tr style=\"background: #fff;\"><td style=\"padding: 10px 12px;\">9.00h<\/td><td style=\"padding: 10px 12px;\">PRIMERA SORTIDA SHIMANO SUPER CUP MASSI<\/td><td style=\"padding: 10px 12px;\">SORTIDA XCO<\/td><\/tr><tr style=\"background: #fff;\"><td style=\"padding: 10px 12px;\">10.30h<\/td><td style=\"padding: 10px 12px;\">SORTIDA 226ERS UCI GRAVEL WORLD SERIES<\/td><td style=\"padding: 10px 12px;\">JUI\u00c0<\/td><\/tr><tr style=\"background: #fff;\"><td style=\"padding: 10px 12px;\">10.40h<\/td><td style=\"padding: 10px 12px;\">SEGONA SORTIDA SHIMANO SUPER CUP MASSI<\/td><td style=\"padding: 10px 12px;\">SORTIDA XCO<\/td><\/tr><tr style=\"background: #fff;\"><td style=\"padding: 10px 12px;\">10.50h<\/td><td style=\"padding: 10px 12px;\">1a Entrega de premis SHIMANO SUPER CUP MASSI<\/td><td style=\"padding: 10px 12px;\">ESCENARI TRAILER<\/td><\/tr><tr style=\"background: #fff;\"><td style=\"padding: 10px 12px;\">12.30h<\/td><td style=\"padding: 10px 12px;\">TERCERA SORTIDA SHIMANO SUPER CUP MASSI<\/td><td style=\"padding: 10px 12px;\">SORTIDA XCO<\/td><\/tr><tr style=\"background: #fff;\"><td style=\"padding: 10px 12px;\">14.30h<\/td><td style=\"padding: 10px 12px;\">2a Entrega de premis SHIMANO SUPER CUP MASSI<\/td><td style=\"padding: 10px 12px;\">ESCENARI TRAILER<\/td><\/tr><tr style=\"background: #fff;\"><td style=\"padding: 10px 12px;\">16.00h<\/td><td style=\"padding: 10px 12px;\">YOUTH SHIMANO PreBenjamin<\/td><td style=\"padding: 10px 12px;\">SORTIDA XCO<\/td><\/tr><tr style=\"background: #fff;\"><td style=\"padding: 10px 12px;\">16.00h<\/td><td style=\"padding: 10px 12px;\">SORTIDA CAMPEONATO ESPA\u00d1A XCE<\/td><td style=\"padding: 10px 12px;\">ZONA EUROMOBILITY<\/td><\/tr><tr style=\"background: #fff;\"><td style=\"padding: 10px 12px;\">16.15h<\/td><td style=\"padding: 10px 12px;\">YOUTH SHIMANO Benjamin<\/td><td style=\"padding: 10px 12px;\">SORTIDA XCO<\/td><\/tr><tr style=\"background: #fff;\"><td style=\"padding: 10px 12px;\">16.30h<\/td><td style=\"padding: 10px 12px;\">YOUTH Principiantes<\/td><td style=\"padding: 10px 12px;\">SORTIDA XCO<\/td><\/tr><tr style=\"background: #fff;\"><td style=\"padding: 10px 12px;\">16.55h<\/td><td style=\"padding: 10px 12px;\">YOUTH Alevin<\/td><td style=\"padding: 10px 12px;\">SORTIDA XCO<\/td><\/tr><tr style=\"background: #fff;\"><td style=\"padding: 10px 12px;\">17.35h<\/td><td style=\"padding: 10px 12px;\">YOUTH Infantil<\/td><td style=\"padding: 10px 12px;\">SORTIDA XCO<\/td><\/tr><tr style=\"background: #fff;\"><td style=\"padding: 10px 12px;\">17.30h<\/td><td style=\"padding: 10px 12px;\">Entrega de premis 226ERS UCI GRAVEL WORLD SERIES<\/td><td style=\"padding: 10px 12px;\">ESCENARI TRAILER<\/td><\/tr><tr style=\"background: #fff;\"><td style=\"padding: 10px 12px;\">18.00h<\/td><td style=\"padding: 10px 12px;\">Entrega de premis SUPER CUP YOUTH<\/td><td style=\"padding: 10px 12px;\">ESCENARI TRAILER<\/td><\/tr><tr style=\"background: #fff;\"><td style=\"padding: 10px 12px;\">18.00h<\/td><td style=\"padding: 10px 12px;\">FINALES CAMPEONATO ESPA\u00d1A XCE<\/td><td style=\"padding: 10px 12px;\">ZONA EUROMOBILITY<\/td><\/tr><tr style=\"background: #fff;\"><td style=\"padding: 10px 12px;\">18.30h<\/td><td style=\"padding: 10px 12px;\">SORTIDA MTB CLASSIC<\/td><td style=\"padding: 10px 12px;\">SORTIDA XCO<\/td><\/tr><tr style=\"background: #fff;\"><td style=\"padding: 10px 12px;\">19.00h<\/td><td style=\"padding: 10px 12px;\">FIN DEMOBIKE<\/td><td style=\"padding: 10px 12px;\">CIRCUITS DEMOBIKE<\/td><\/tr><tr style=\"background: #fff;\"><td style=\"padding: 10px 12px;\">19.30h<\/td><td style=\"padding: 10px 12px;\">TANCAMENT DEL FESTIVAL<\/td><td style=\"padding: 10px 12px;\">FESTIVAL SEA OTTER EUROPE<\/td><\/tr><\/tbody><\/table>\t\t\t\t\t\t\t\t<\/div>\n\t\t\t\t<div class=\"elementor-element elementor-element-6d7b1d0 elementor-widget elementor-widget-text-editor\" data-id=\"6d7b1d0\" data-element_type=\"widget\" data-e-type=\"widget\" data-widget_type=\"text-editor.default\">\n\t\t\t\t\t\t\t\t\t<h2>Diumenge 20<\/h2>\n<table style=\"width: 100%; border-collapse: separate; border-spacing: 0 1px; background: #cfcfcf; font-family: Arial, sans-serif; font-size: 14px;\">\n<thead>\n<tr style=\"background: #f5f5f5;\">\n<th style=\"padding: 10px 12px; text-align: left;\">HORARI<\/th>\n<th style=\"padding: 10px 12px; text-align: left;\">ACTIVITAT<\/th>\n<th style=\"padding: 10px 12px; text-align: left;\">UBICACI\u00d3<\/th>\n<\/tr>\n<\/thead>\n<tbody>\n<tr style=\"background: #fff;\">\n<td style=\"padding: 10px 12px;\">08.00h<\/td>\n<td style=\"padding: 10px 12px;\">SORTIDA CICLOBRAVA by Orbea<\/td>\n<td style=\"padding: 10px 12px;\">PASSEIG DE LA DEVESA<\/td>\n<\/tr>\n<tr style=\"background: #fff;\">\n<td style=\"padding: 10px 12px;\">08.35h<\/td>\n<td style=\"padding: 10px 12px;\">SORTIDA SCOTT MARATHON XCM\/XCP<\/td>\n<td style=\"padding: 10px 12px;\">SORTIDA XCO<\/td>\n<\/tr>\n<tr style=\"background: #fff;\">\n<td style=\"padding: 10px 12px;\"><strong>09.00h<\/strong><\/td>\n<td style=\"padding: 10px 12px;\" colspan=\"2\"><strong>APERTURA DEL FESTIVAL SEA OTTER EUROPE<\/strong><\/td>\n<\/tr>\n<tr style=\"background: #fff;\">\n<td style=\"padding: 10px 12px;\">09.15h<\/td>\n<td style=\"padding: 10px 12px;\">SORTIDA GIRONA GRAVEL RIDE<\/td>\n<td style=\"padding: 10px 12px;\">PASSEIG DE LA DEVESA<\/td>\n<\/tr>\n<tr style=\"background: #fff;\">\n<td style=\"padding: 10px 12px;\">09.15h &#8211; 13.30h<\/td>\n<td style=\"padding: 10px 12px;\">INICI COPA GIRONA TRIAL by SEA OTTER EUROPE<\/td>\n<td style=\"padding: 10px 12px;\">ZONA EURO MOBILITY<\/td>\n<\/tr>\n<tr style=\"background: #fff;\">\n<td style=\"padding: 10px 12px;\">09.30h<\/td>\n<td style=\"padding: 10px 12px;\">INICI DEMOBIKE<\/td>\n<td style=\"padding: 10px 12px;\">CIRCUITS DEMOBIKE<\/td>\n<\/tr>\n<tr style=\"background: #fff;\">\n<td style=\"padding: 10px 12px;\">09.30h<\/td>\n<td style=\"padding: 10px 12px;\">SORTIDA UCI HERO &#8211; La Tramun<\/td>\n<td style=\"padding: 10px 12px;\">LES PLANES D&#8217;HOSTOLES<\/td>\n<\/tr>\n<tr style=\"background: #fff;\">\n<td style=\"padding: 10px 12px;\">10.00h &#8211; 14.00h<\/td>\n<td style=\"padding: 10px 12px;\">PINTACARAS Y TALLER DE CHAPAS<\/td>\n<td style=\"padding: 10px 12px;\">ZONA AMARILLA<\/td>\n<\/tr>\n<tr style=\"background: #fff;\">\n<td style=\"padding: 10px 12px;\">11.00h<\/td>\n<td style=\"padding: 10px 12px;\">SORTIDA PRIMERA M\u00c0NEGA DE MINI DH<\/td>\n<td style=\"padding: 10px 12px;\">ZONA PUIG D&#8217;EN ROCA<\/td>\n<\/tr>\n<tr style=\"background: #fff;\">\n<td style=\"padding: 10px 12px;\">11.30h &#8211; 13.30h<\/td>\n<td style=\"padding: 10px 12px;\">MAG LLUC<\/td>\n<td style=\"padding: 10px 12px;\">ZONA VERDE Y ZONA EURO MOBILITY<\/td>\n<\/tr>\n<tr style=\"background: #fff;\">\n<td style=\"padding: 10px 12px;\">12.00h &#8211; 14.00h<\/td>\n<td style=\"padding: 10px 12px;\">DJ MARVIN<\/td>\n<td style=\"padding: 10px 12px;\">ESCENARIO TRAILER<\/td>\n<\/tr>\n<tr style=\"background: #fff;\">\n<td style=\"padding: 10px 12px;\">12.00h<\/td>\n<td style=\"padding: 10px 12px;\">SORTIDA SEGONA M\u00c0NEGA DE MINI DH<\/td>\n<td style=\"padding: 10px 12px;\">ZONA PUIG D&#8217;EN ROCA<\/td>\n<\/tr>\n<tr style=\"background: #fff;\">\n<td style=\"padding: 10px 12px;\">12.30h<\/td>\n<td style=\"padding: 10px 12px;\">Entrega de premis SCOTT MARATHON CUP XCP<\/td>\n<td style=\"padding: 10px 12px;\">ESCENARIO ZONA VERDA<\/td>\n<\/tr>\n<tr style=\"background: #fff;\">\n<td style=\"padding: 10px 12px;\">13.00h<\/td>\n<td style=\"padding: 10px 12px;\">Entrega de premis MINI DH<\/td>\n<td style=\"padding: 10px 12px;\">ZONA PUIG D&#8217;EN ROCA<\/td>\n<\/tr>\n<tr style=\"background: #fff;\">\n<td style=\"padding: 10px 12px;\">13.30h<\/td>\n<td style=\"padding: 10px 12px;\">Entrega de premis COPA GIRONA TRIAL<\/td>\n<td style=\"padding: 10px 12px;\">ZONA EURO MOBILITY<\/td>\n<\/tr>\n<tr style=\"background: #fff;\">\n<td style=\"padding: 10px 12px;\">13.30h<\/td>\n<td style=\"padding: 10px 12px;\">Entrega de premis SCOTT MARATHON CUP XCM<\/td>\n<td style=\"padding: 10px 12px;\">ESCENARIO ZONA VERDA<\/td>\n<\/tr>\n<tr style=\"background: #fff;\">\n<td style=\"padding: 10px 12px;\">14.00h<\/td>\n<td style=\"padding: 10px 12px;\">FIN DEMOBIKE<\/td>\n<td style=\"padding: 10px 12px;\">CIRCUITS DEMOBIKE<\/td>\n<\/tr>\n<tr style=\"background: #fff;\">\n<td style=\"padding: 10px 12px;\"><strong>14.30h<\/strong><\/td>\n<td style=\"padding: 10px 12px;\" colspan=\"2\"><strong>TANCAMENT DEL FESTIVAL SEA OTTER EUROPE<\/strong><\/td>\n<\/tr>\n<tr style=\"background: #fff;\">\n<td style=\"padding: 10px 12px;\">14.30h<\/td>\n<td style=\"padding: 10px 12px;\">Entrega de premis UCI HERO LA TRAMUN<\/td>\n<td style=\"padding: 10px 12px;\">ESCENARIO ZONA VERDE EXTERIOR<\/td>\n<\/tr>\n<tr style=\"background: #fff;\">\n<td style=\"padding: 10px 12px;\">15.00h<\/td>\n<td style=\"padding: 10px 12px;\">Entrega de premis UCI HERO General<\/td>\n<td style=\"padding: 10px 12px;\">ESCENARIO ZONA VERDE EXTERIOR<\/td>\n<\/tr>\n<\/tbody>\n<\/table>\t\t\t\t\t\t\t\t<\/div>\n\t\t\t\t\t<\/div>\n\t\t\t\t<\/div>\n\t\t\t\t<\/div>\n\t\t","protected":false},"excerpt":{"rendered":"<p>Estem treballant en els horaris de les proves esportives. Visita la p\u00e0gina m\u00e9s endavant. Gr\u00e0cies. Programa provisional subjecte a canvis Divendres 18 Hora Activitat Ubicaci\u00f3 10.00h APERTURA DEL FESTIVAL FESTIVAL SEA OTTER EUROPE 11.00h INICI DEMOBIKE CIRCUITS DEMOBIKE 12.00h &#8211; 19.00h Entrenaments XCO SORTIDA XCO 13.00h &#8211; 15.30h Entrenaments XCC\/XCE ZONA EURO MOBILITY 16.00h Entrenaments&hellip;<\/p>\n","protected":false},"author":4,"featured_media":0,"parent":0,"menu_order":0,"comment_status":"closed","ping_status":"closed","template":"","meta":{"footnotes":""},"class_list":["post-45650","page","type-page","status-publish","hentry"],"_links":{"self":[{"href":"https:\/\/www.seaottereurope.com\/ca\/wp-json\/wp\/v2\/pages\/45650","targetHints":{"allow":["GET"]}}],"collection":[{"href":"https:\/\/www.seaottereurope.com\/ca\/wp-json\/wp\/v2\/pages"}],"about":[{"href":"https:\/\/www.seaottereurope.com\/ca\/wp-json\/wp\/v2\/types\/page"}],"author":[{"embeddable":true,"href":"https:\/\/www.seaottereurope.com\/ca\/wp-json\/wp\/v2\/users\/4"}],"replies":[{"embeddable":true,"href":"https:\/\/www.seaottereurope.com\/ca\/wp-json\/wp\/v2\/comments?post=45650"}],"version-history":[{"count":4,"href":"https:\/\/www.seaottereurope.com\/ca\/wp-json\/wp\/v2\/pages\/45650\/revisions"}],"predecessor-version":[{"id":620623,"href":"https:\/\/www.seaottereurope.com\/ca\/wp-json\/wp\/v2\/pages\/45650\/revisions\/620623"}],"wp:attachment":[{"href":"https:\/\/www.seaottereurope.com\/ca\/wp-json\/wp\/v2\/media?parent=45650"}],"curies":[{"name":"wp","href":"https:\/\/api.w.org\/{rel}","templated":true}]}}