{"id":45726,"date":"2025-10-10T09:23:54","date_gmt":"2025-10-10T07:23:54","guid":{"rendered":"https:\/\/seaottereurope.com\/turisme-a-girona-i-la-costa-brava\/"},"modified":"2026-01-12T13:37:37","modified_gmt":"2026-01-12T12:37:37","slug":"turisme-a-girona-i-la-costa-brava","status":"publish","type":"page","link":"https:\/\/www.seaottereurope.com\/ca\/turisme-a-girona-i-la-costa-brava\/","title":{"rendered":"Turisme a Girona i la Costa Brava"},"content":{"rendered":"\t\t<div data-elementor-type=\"wp-page\" data-elementor-id=\"45726\" class=\"elementor elementor-45726 elementor-41540\" data-elementor-post-type=\"page\">\n\t\t\t\t<div class=\"elementor-element elementor-element-799d9fa e-con-full e-flex e-con e-parent\" data-id=\"799d9fa\" data-element_type=\"container\" data-e-type=\"container\">\n\t\t<div class=\"elementor-element elementor-element-1e89f05 e-flex e-con-boxed e-con e-child\" data-id=\"1e89f05\" data-element_type=\"container\" data-e-type=\"container\">\n\t\t\t\t\t<div class=\"e-con-inner\">\n\t\t<div class=\"elementor-element elementor-element-6ecd501 e-con-full e-flex e-con e-child\" data-id=\"6ecd501\" data-element_type=\"container\" data-e-type=\"container\">\n\t\t\t\t<div class=\"elementor-element elementor-element-aad1bfb content-align-right the7-hover-visibility-disabled preserve-img-ratio-cover transform-overlay-yes exceeding-frame-yes elementor-widget elementor-widget-the7-image-widget\" data-id=\"aad1bfb\" data-element_type=\"widget\" data-e-type=\"widget\" data-settings=\"{&quot;hover_visibility&quot;:&quot;disabled&quot;}\" data-widget_type=\"the7-image-widget.default\">\n\t\t\t\t<div class=\"elementor-widget-container\">\n\t\t\t\t\t<div class=\"the7-image-container\"><div class=\"the7-image-wrapper the7-elementor-widget the7-transform-container\"><div class=\"post-thumbnail-rollover layzr-bg img-css-resize-wrapper\"><img fetchpriority=\"high\" decoding=\"async\" width=\"1200\" height=\"801\" src=\"data:image\/svg+xml,%3Csvg%20xmlns%3D&#039;http%3A%2F%2Fwww.w3.org%2F2000%2Fsvg&#039;%20viewBox%3D&#039;0%200%201200%20801&#039;%2F%3E\" class=\"attachment-full size-full preload-me aspect lazy lazy-load\" alt=\"Primer pla de diversos ciclistes que fan una ruta tur\u00edstica i que han fet una parada davant de la catedral de Girona aprofitant la seva visita al festival Sea Otter Europe\" sizes=\"(max-width: 1200px) 100vw, 1200px\" style=\"--ratio: 1200 \/ 801;\" data-src=\"https:\/\/www.seaottereurope.com\/wp-content\/uploads\/2025\/07\/catedral-girona-festival-sea-otter-europe.jpg\" loading=\"eager\" data-srcset=\"https:\/\/www.seaottereurope.com\/wp-content\/uploads\/2025\/07\/catedral-girona-festival-sea-otter-europe.jpg 1200w, https:\/\/www.seaottereurope.com\/wp-content\/uploads\/2025\/07\/catedral-girona-festival-sea-otter-europe-300x200.jpg 300w, https:\/\/www.seaottereurope.com\/wp-content\/uploads\/2025\/07\/catedral-girona-festival-sea-otter-europe-1024x684.jpg 1024w, https:\/\/www.seaottereurope.com\/wp-content\/uploads\/2025\/07\/catedral-girona-festival-sea-otter-europe-768x513.jpg 768w\" \/><\/div><\/div><\/div>\t\t\t\t<\/div>\n\t\t\t\t<\/div>\n\t\t\t\t<\/div>\n\t\t<div class=\"elementor-element elementor-element-627bb14 e-con-full e-flex e-con e-child\" data-id=\"627bb14\" data-element_type=\"container\" data-e-type=\"container\">\n\t\t\t\t<div class=\"elementor-element elementor-element-883a6a8 elementor-widget elementor-widget-the7-heading\" data-id=\"883a6a8\" data-element_type=\"widget\" data-e-type=\"widget\" data-widget_type=\"the7-heading.default\">\n\t\t\t\t<div class=\"elementor-widget-container\">\n\t\t\t\t\t<h3 class=\"the7-heading-title elementor-size-default\">Explora Girona<\/h3>\t\t\t\t<\/div>\n\t\t\t\t<\/div>\n\t\t\t\t<div class=\"elementor-element elementor-element-bedd6ca elementor-widget-tablet__width-inherit elementor-widget elementor-widget-the7-heading\" data-id=\"bedd6ca\" data-element_type=\"widget\" data-e-type=\"widget\" data-widget_type=\"the7-heading.default\">\n\t\t\t\t<div class=\"elementor-widget-container\">\n\t\t\t\t\t<div class=\"the7-heading-title elementor-size-default\">M\u00e9s que un festival: una experi\u00e8ncia a Girona i la Costa Brava<\/div>\t\t\t\t<\/div>\n\t\t\t\t<\/div>\n\t\t\t\t<div class=\"elementor-element elementor-element-ebd8efb elementor-widget-tablet__width-inherit elementor-widget elementor-widget-text-editor\" data-id=\"ebd8efb\" data-element_type=\"widget\" data-e-type=\"widget\" data-widget_type=\"text-editor.default\">\n\t\t\t\t\t\t\t\t\t<p><span style=\"background-color: rgba(255, 255, 255, 0); word-spacing: normal;\">Participar a <b>Sea Otter Europe<\/b> no \u00e9s nom\u00e9s viure un dels festivals ciclistes m\u00e9s grans d&#8217;Europa: \u00e9s tamb\u00e9 una oportunitat \u00fanica per descobrir <strong>Girona<\/strong> i la <strong>Costa Brava<\/strong>, una destinaci\u00f3 de somni per als amants de l&#8217;esport, la natura i la cultura.<\/span><\/p><p><b>Girona<\/b>, amb el seu barri antic ple d&#8217;hist\u00f2ria, carrers empedrats i muralles medievals, convida a perdre&#8217;s entre els seus racons plens d&#8217;encant. Passejar pel <b>Barri Vell<\/b>, creuar l&#8217;ic\u00f2nic <b>Pont de les Peixateries Velles<\/b> dissenyat per Eiffel, o gaudir de la gastronomia local s\u00f3n nom\u00e9s algunes de les experi\u00e8ncies imprescindibles. <\/p><p>A pocs quil\u00f2metres, la <strong>Costa Brava<\/strong> desplega paisatges espectaculars: cales amagades, penya-segats, pobles mariners i rutes costaneres perfectes per rec\u00f3rrer amb bicicleta o a peu. Localitats com <b>Cadaqu\u00e9s<\/b>, <b>Calella de Palafrugell<\/b>, <b>Begur<\/b> o <b>Tossa de Mar<\/b> combinen mar, muntanya i tradici\u00f3 en un entorn natural incomparable. <\/p>\t\t\t\t\t\t\t\t<\/div>\n\t\t\t\t<\/div>\n\t\t\t\t\t<\/div>\n\t\t\t\t<\/div>\n\t\t\t\t<\/div>\n\t\t<div class=\"elementor-element elementor-element-6151268 e-con-full e-flex e-con e-parent\" data-id=\"6151268\" data-element_type=\"container\" data-e-type=\"container\" data-settings=\"{&quot;background_background&quot;:&quot;classic&quot;}\">\n\t\t<div class=\"elementor-element elementor-element-960bd20 e-flex e-con-boxed e-con e-child\" data-id=\"960bd20\" data-element_type=\"container\" data-e-type=\"container\">\n\t\t\t\t\t<div class=\"e-con-inner\">\n\t\t<div class=\"elementor-element elementor-element-f08ad40 e-flex e-con-boxed e-con e-child\" data-id=\"f08ad40\" data-element_type=\"container\" data-e-type=\"container\">\n\t\t\t\t\t<div class=\"e-con-inner\">\n\t\t\t\t<div class=\"elementor-element elementor-element-d4a66b6 elementor-widget elementor-widget-the7-heading\" data-id=\"d4a66b6\" data-element_type=\"widget\" data-e-type=\"widget\" data-widget_type=\"the7-heading.default\">\n\t\t\t\t<div class=\"elementor-widget-container\">\n\t\t\t\t\t<h3 class=\"the7-heading-title elementor-size-default\">Turisme i Entorn<\/h3>\t\t\t\t<\/div>\n\t\t\t\t<\/div>\n\t\t\t\t<div class=\"elementor-element elementor-element-aad7b71 elementor-widget elementor-widget-the7-heading\" data-id=\"aad7b71\" data-element_type=\"widget\" data-e-type=\"widget\" data-widget_type=\"the7-heading.default\">\n\t\t\t\t<div class=\"elementor-widget-container\">\n\t\t\t\t\t<div class=\"the7-heading-title elementor-size-default\">El parad\u00eds dels ciclistes<\/div>\t\t\t\t<\/div>\n\t\t\t\t<\/div>\n\t\t\t\t<div class=\"elementor-element elementor-element-e5c80b3 elementor-widget-tablet__width-inherit elementor-widget__width-initial elementor-widget elementor-widget-text-editor\" data-id=\"e5c80b3\" data-element_type=\"widget\" data-e-type=\"widget\" data-widget_type=\"text-editor.default\">\n\t\t\t\t\t\t\t\t\t<p>A m\u00e9s, Girona i la Costa Brava s\u00f3n un aut\u00e8ntic parad\u00eds per als ciclistes. Les seves carreteres sinuoses, camins de grava i rutes de muntanya atrauen esportistes de tot el m\u00f3n. Aqu\u00ed entrenen alguns dels millors professionals del ciclisme, i no \u00e9s casualitat: el clima, el paisatge i les infraestructures el converteixen en un territori ideal per pedalar durant tot l&#8217;any.  <\/p><p> <\/p><p>Aprofita la teva visita al Sea Otter Europe per gaudir tamb\u00e9 de tot el que ofereix aquesta terra: cultura, esport, gastronomia i natura en una mateixa destinaci\u00f3<span style=\"background-color: rgba(255, 255, 255, 0); word-spacing: normal;\">.<\/span><\/p>\t\t\t\t\t\t\t\t<\/div>\n\t\t\t\t\t<\/div>\n\t\t\t\t<\/div>\n\t\t<div class=\"elementor-element elementor-element-b1c48ff e-grid e-con-full e-con e-child\" data-id=\"b1c48ff\" data-element_type=\"container\" data-e-type=\"container\">\n\t\t<div class=\"elementor-element elementor-element-d952fb1 e-con-full e-flex e-con e-child\" data-id=\"d952fb1\" data-element_type=\"container\" data-e-type=\"container\">\n\t\t\t\t<div class=\"elementor-element elementor-element-162538f elementor-widget__width-initial the7-hover-visibility-hover content-align-left preserve-img-ratio-cover transform-overlay-yes exceeding-frame-yes elementor-widget elementor-widget-the7-image-widget\" data-id=\"162538f\" data-element_type=\"widget\" data-e-type=\"widget\" data-settings=\"{&quot;hover_visibility&quot;:&quot;hover&quot;}\" data-widget_type=\"the7-image-widget.default\">\n\t\t\t\t<div class=\"elementor-widget-container\">\n\t\t\t\t\t<div class=\"the7-image-container\"><div class=\"the7-image-wrapper the7-elementor-widget the7-transform-container\"><div class=\"post-thumbnail-rollover img-css-resize-wrapper\"><img decoding=\"async\" width=\"768\" height=\"512\" src=\"https:\/\/www.seaottereurope.com\/wp-content\/uploads\/2025\/10\/vistes-riu-girona-sea-otter-europe-min-768x512.jpg\" class=\"attachment-medium_large size-medium_large preload-me aspect\" alt=\"Hermosas vistas del r\u00edo Ter pasando por la ciudad de Girona, sede del festival europeo del ciclismo Sea Otter Europe\" srcset=\"https:\/\/www.seaottereurope.com\/wp-content\/uploads\/2025\/10\/vistes-riu-girona-sea-otter-europe-min-768x512.jpg 768w, https:\/\/www.seaottereurope.com\/wp-content\/uploads\/2025\/10\/vistes-riu-girona-sea-otter-europe-min-300x200.jpg 300w, https:\/\/www.seaottereurope.com\/wp-content\/uploads\/2025\/10\/vistes-riu-girona-sea-otter-europe-min-1024x683.jpg 1024w, https:\/\/www.seaottereurope.com\/wp-content\/uploads\/2025\/10\/vistes-riu-girona-sea-otter-europe-min-1536x1024.jpg 1536w, https:\/\/www.seaottereurope.com\/wp-content\/uploads\/2025\/10\/vistes-riu-girona-sea-otter-europe-min.jpg 2016w\" sizes=\"(max-width: 768px) 100vw, 768px\" style=\"--ratio: 768 \/ 512;\" \/><\/div><\/div><\/div>\t\t\t\t<\/div>\n\t\t\t\t<\/div>\n\t\t<div class=\"elementor-element elementor-element-92e5b8b e-con-full e-flex e-con e-child\" data-id=\"92e5b8b\" data-element_type=\"container\" data-e-type=\"container\">\n\t\t\t\t<div class=\"elementor-element elementor-element-1fb5d13 elementor-widget elementor-widget-the7-heading\" data-id=\"1fb5d13\" data-element_type=\"widget\" data-e-type=\"widget\" data-widget_type=\"the7-heading.default\">\n\t\t\t\t<div class=\"elementor-widget-container\">\n\t\t\t\t\t<h3 class=\"the7-heading-title elementor-size-default\">Visita Girona<\/h3>\t\t\t\t<\/div>\n\t\t\t\t<\/div>\n\t\t\t\t<div class=\"elementor-element elementor-element-a2d1525 elementor-widget elementor-widget-text-editor\" data-id=\"a2d1525\" data-element_type=\"widget\" data-e-type=\"widget\" data-widget_type=\"text-editor.default\">\n\t\t\t\t\t\t\t\t\t<p><strong data-start=\"88\" data-end=\"98\">Girona<\/strong> \u00e9s una de les prov\u00edncies de Catalunya plena d&#8217;hist\u00f2ria i encant, on els seus carrers medievals, el seu patrimoni cultural i el seu ambient ciclista la converteixen en una destinaci\u00f3 \u00fanica per gaudir durant tot l&#8217;any.<\/p>\t\t\t\t\t\t\t\t<\/div>\n\t\t\t\t<div class=\"elementor-element elementor-element-db23d5a elementor-widget elementor-widget-button\" data-id=\"db23d5a\" data-element_type=\"widget\" data-e-type=\"widget\" data-widget_type=\"button.default\">\n\t\t\t\t\t\t\t\t\t\t<a class=\"elementor-button elementor-button-link elementor-size-sm\" href=\"https:\/\/web.girona.cat\/\" target=\"_blank\" rel=\"noopener\">\n\t\t\t\t\t\t<span class=\"elementor-button-content-wrapper\">\n\t\t\t\t\t\t\t\t\t<span class=\"elementor-button-text\">M\u00c9S INFO<\/span>\n\t\t\t\t\t<\/span>\n\t\t\t\t\t<\/a>\n\t\t\t\t\t\t\t\t<\/div>\n\t\t\t\t<\/div>\n\t\t\t\t<\/div>\n\t\t<div class=\"elementor-element elementor-element-23e0a53 e-con-full e-flex e-con e-child\" data-id=\"23e0a53\" data-element_type=\"container\" data-e-type=\"container\">\n\t\t\t\t<div class=\"elementor-element elementor-element-b748da6 elementor-widget__width-initial the7-hover-visibility-hover content-align-left preserve-img-ratio-cover transform-overlay-yes exceeding-frame-yes elementor-widget elementor-widget-the7-image-widget\" data-id=\"b748da6\" data-element_type=\"widget\" data-e-type=\"widget\" data-settings=\"{&quot;hover_visibility&quot;:&quot;hover&quot;}\" data-widget_type=\"the7-image-widget.default\">\n\t\t\t\t<div class=\"elementor-widget-container\">\n\t\t\t\t\t<div class=\"the7-image-container\"><div class=\"the7-image-wrapper the7-elementor-widget the7-transform-container\"><div class=\"post-thumbnail-rollover img-css-resize-wrapper\"><img decoding=\"async\" width=\"768\" height=\"512\" src=\"https:\/\/www.seaottereurope.com\/wp-content\/uploads\/2025\/10\/costa-brava-sea-otter-europe-768x512.jpg\" class=\"attachment-medium_large size-medium_large preload-me aspect\" alt=\"Fant\u00e1stica vista del mar de la Costa Brava en Girona para visitar durante su estancia en Sea Otter Europe\" srcset=\"https:\/\/www.seaottereurope.com\/wp-content\/uploads\/2025\/10\/costa-brava-sea-otter-europe-768x512.jpg 768w, https:\/\/www.seaottereurope.com\/wp-content\/uploads\/2025\/10\/costa-brava-sea-otter-europe-300x200.jpg 300w, https:\/\/www.seaottereurope.com\/wp-content\/uploads\/2025\/10\/costa-brava-sea-otter-europe-1024x682.jpg 1024w, https:\/\/www.seaottereurope.com\/wp-content\/uploads\/2025\/10\/costa-brava-sea-otter-europe-1536x1024.jpg 1536w, https:\/\/www.seaottereurope.com\/wp-content\/uploads\/2025\/10\/costa-brava-sea-otter-europe.jpg 2000w\" sizes=\"(max-width: 768px) 100vw, 768px\" style=\"--ratio: 768 \/ 512;\" \/><\/div><\/div><\/div>\t\t\t\t<\/div>\n\t\t\t\t<\/div>\n\t\t<div class=\"elementor-element elementor-element-085fb13 e-con-full e-flex e-con e-child\" data-id=\"085fb13\" data-element_type=\"container\" data-e-type=\"container\">\n\t\t\t\t<div class=\"elementor-element elementor-element-97489c5 elementor-widget elementor-widget-the7-heading\" data-id=\"97489c5\" data-element_type=\"widget\" data-e-type=\"widget\" data-widget_type=\"the7-heading.default\">\n\t\t\t\t<div class=\"elementor-widget-container\">\n\t\t\t\t\t<h3 class=\"the7-heading-title elementor-size-default\">Costa Brava, Pirineu de Girona<\/h3>\t\t\t\t<\/div>\n\t\t\t\t<\/div>\n\t\t\t\t<div class=\"elementor-element elementor-element-911fec1 elementor-widget elementor-widget-text-editor\" data-id=\"911fec1\" data-element_type=\"widget\" data-e-type=\"widget\" data-widget_type=\"text-editor.default\">\n\t\t\t\t\t\t\t\t\t<p><strong data-start=\"290\" data-end=\"308\">La Costa Brava<\/strong> \u00e9s la joia del Mediterrani catal\u00e0: un litoral espectacular que combina platges, cales, natura i pobles amb car\u00e0cter, perfecte per explorar sobre dues rodes o simplement relaxar-se al costat del mar.<\/p>\t\t\t\t\t\t\t\t<\/div>\n\t\t\t\t<div class=\"elementor-element elementor-element-dab9e14 elementor-widget elementor-widget-button\" data-id=\"dab9e14\" data-element_type=\"widget\" data-e-type=\"widget\" data-widget_type=\"button.default\">\n\t\t\t\t\t\t\t\t\t\t<a class=\"elementor-button elementor-button-link elementor-size-sm\" href=\"https:\/\/costabrava.org\/es\/\" target=\"_blank\" rel=\"noopener\">\n\t\t\t\t\t\t<span class=\"elementor-button-content-wrapper\">\n\t\t\t\t\t\t\t\t\t<span class=\"elementor-button-text\">M\u00c9S INFO<\/span>\n\t\t\t\t\t<\/span>\n\t\t\t\t\t<\/a>\n\t\t\t\t\t\t\t\t<\/div>\n\t\t\t\t<\/div>\n\t\t\t\t<\/div>\n\t\t\t\t<\/div>\n\t\t\t\t\t<\/div>\n\t\t\t\t<\/div>\n\t\t\t\t<\/div>\n\t\t<div class=\"elementor-element elementor-element-90d9923 e-con-full e-flex e-con e-child\" data-id=\"90d9923\" data-element_type=\"container\" data-e-type=\"container\" data-settings=\"{&quot;background_background&quot;:&quot;classic&quot;}\">\n\t\t<div class=\"elementor-element elementor-element-214b30d e-flex e-con-boxed e-con e-child\" data-id=\"214b30d\" data-element_type=\"container\" data-e-type=\"container\" data-settings=\"{&quot;background_background&quot;:&quot;gradient&quot;}\">\n\t\t\t\t\t<div class=\"e-con-inner\">\n\t\t<div class=\"elementor-element elementor-element-449cc1e e-con-full e-flex e-con e-child\" data-id=\"449cc1e\" data-element_type=\"container\" data-e-type=\"container\">\n\t\t\t\t<div class=\"elementor-element elementor-element-28ea909 elementor-widget-tablet__width-inherit elementor-widget__width-initial elementor-widget elementor-widget-the7-heading\" data-id=\"28ea909\" data-element_type=\"widget\" data-e-type=\"widget\" data-widget_type=\"the7-heading.default\">\n\t\t\t\t<div class=\"elementor-widget-container\">\n\t\t\t\t\t<div class=\"the7-heading-title elementor-size-default\">Vens al festival Sea Otter Europe?<\/div>\t\t\t\t<\/div>\n\t\t\t\t<\/div>\n\t\t\t\t<div class=\"elementor-element elementor-element-a2124d9 elementor-widget-tablet__width-inherit elementor-widget__width-initial elementor-widget elementor-widget-the7-heading\" data-id=\"a2124d9\" data-element_type=\"widget\" data-e-type=\"widget\" data-widget_type=\"the7-heading.default\">\n\t\t\t\t<div class=\"elementor-widget-container\">\n\t\t\t\t\t<div class=\"the7-heading-title elementor-size-default\">t'expliquem com pots arribar al festival<\/div>\t\t\t\t<\/div>\n\t\t\t\t<\/div>\n\t\t\t\t<\/div>\n\t\t<div class=\"elementor-element elementor-element-f6c5fcf e-con-full e-flex e-con e-child\" data-id=\"f6c5fcf\" data-element_type=\"container\" data-e-type=\"container\">\n\t\t\t\t<div class=\"elementor-element elementor-element-602be66 elementor-align-justify elementor-widget elementor-widget-the7_button_widget\" data-id=\"602be66\" data-element_type=\"widget\" data-e-type=\"widget\" data-widget_type=\"the7_button_widget.default\">\n\t\t\t\t<div class=\"elementor-widget-container\">\n\t\t\t\t\t<div class=\"elementor-button-wrapper\"><a href=\"https:\/\/seaottereurope.com\/ca\/com-arribar-hi-i-aparcar\/\" class=\"box-button elementor-button elementor-size-xl\">COM ARRIBAR-HI<\/a><\/div>\t\t\t\t<\/div>\n\t\t\t\t<\/div>\n\t\t\t\t<\/div>\n\t\t\t\t\t<\/div>\n\t\t\t\t<\/div>\n\t\t\t\t<\/div>\n\t\t\t\t<\/div>\n\t\t","protected":false},"excerpt":{"rendered":"<p>Explora Girona M\u00e9s que un festival: una experi\u00e8ncia a Girona i la Costa Brava Participar a Sea Otter Europe no \u00e9s nom\u00e9s viure un dels festivals ciclistes m\u00e9s grans d&#8217;Europa: \u00e9s tamb\u00e9 una oportunitat \u00fanica per descobrir Girona i la Costa Brava, una destinaci\u00f3 de somni per als amants de l&#8217;esport, la natura i la&hellip;<\/p>\n","protected":false},"author":4,"featured_media":0,"parent":0,"menu_order":10,"comment_status":"closed","ping_status":"closed","template":"","meta":{"footnotes":""},"class_list":["post-45726","page","type-page","status-publish","hentry"],"_links":{"self":[{"href":"https:\/\/www.seaottereurope.com\/ca\/wp-json\/wp\/v2\/pages\/45726","targetHints":{"allow":["GET"]}}],"collection":[{"href":"https:\/\/www.seaottereurope.com\/ca\/wp-json\/wp\/v2\/pages"}],"about":[{"href":"https:\/\/www.seaottereurope.com\/ca\/wp-json\/wp\/v2\/types\/page"}],"author":[{"embeddable":true,"href":"https:\/\/www.seaottereurope.com\/ca\/wp-json\/wp\/v2\/users\/4"}],"replies":[{"embeddable":true,"href":"https:\/\/www.seaottereurope.com\/ca\/wp-json\/wp\/v2\/comments?post=45726"}],"version-history":[{"count":3,"href":"https:\/\/www.seaottereurope.com\/ca\/wp-json\/wp\/v2\/pages\/45726\/revisions"}],"predecessor-version":[{"id":619116,"href":"https:\/\/www.seaottereurope.com\/ca\/wp-json\/wp\/v2\/pages\/45726\/revisions\/619116"}],"wp:attachment":[{"href":"https:\/\/www.seaottereurope.com\/ca\/wp-json\/wp\/v2\/media?parent=45726"}],"curies":[{"name":"wp","href":"https:\/\/api.w.org\/{rel}","templated":true}]}}