{"id":40679,"date":"2025-07-15T08:58:27","date_gmt":"2025-07-15T06:58:27","guid":{"rendered":"https:\/\/seaottereurope.com\/?page_id=40679"},"modified":"2026-02-11T08:39:09","modified_gmt":"2026-02-11T07:39:09","slug":"sobre-sea-otter-europe","status":"publish","type":"page","link":"https:\/\/www.seaottereurope.com\/es\/sobre-sea-otter-europe\/","title":{"rendered":"Sobre Sea Otter Europe"},"content":{"rendered":"\t\t<div data-elementor-type=\"wp-page\" data-elementor-id=\"40679\" class=\"elementor elementor-40679\" data-elementor-post-type=\"page\">\n\t\t\t\t<div class=\"elementor-element elementor-element-5a3082d e-con-full e-flex e-con e-parent\" data-id=\"5a3082d\" data-element_type=\"container\" data-e-type=\"container\">\n\t\t<div class=\"elementor-element elementor-element-aceeffd e-flex e-con-boxed e-con e-child\" data-id=\"aceeffd\" data-element_type=\"container\" data-e-type=\"container\">\n\t\t\t\t\t<div class=\"e-con-inner\">\n\t\t<div class=\"elementor-element elementor-element-1d385d9 e-con-full e-flex e-con e-child\" data-id=\"1d385d9\" data-element_type=\"container\" data-e-type=\"container\">\n\t\t\t\t<div class=\"elementor-element elementor-element-710301d content-align-right the7-hover-visibility-disabled preserve-img-ratio-cover transform-overlay-yes exceeding-frame-yes elementor-widget elementor-widget-the7-image-widget\" data-id=\"710301d\" data-element_type=\"widget\" data-e-type=\"widget\" data-settings=\"{&quot;hover_visibility&quot;:&quot;disabled&quot;}\" data-widget_type=\"the7-image-widget.default\">\n\t\t\t\t<div class=\"elementor-widget-container\">\n\t\t\t\t\t<div class=\"the7-image-container\"><div class=\"the7-image-wrapper the7-elementor-widget the7-transform-container\"><div class=\"post-thumbnail-rollover layzr-bg img-css-resize-wrapper\"><img fetchpriority=\"high\" decoding=\"async\" width=\"1800\" height=\"1200\" src=\"data:image\/svg+xml,%3Csvg%20xmlns%3D&#039;http%3A%2F%2Fwww.w3.org%2F2000%2Fsvg&#039;%20viewBox%3D&#039;0%200%201800%201200&#039;%2F%3E\" class=\"attachment-full size-full preload-me aspect lazy lazy-load\" alt=\"Salida de una carrera de BTT en el Sea Otter Classic en Monterey, California con numerosos ciclistas iniciando la prueba bajo el arco oficial del evento de ciclismo.\" sizes=\"(max-width: 1800px) 100vw, 1800px\" style=\"--ratio: 1800 \/ 1200;\" data-src=\"https:\/\/www.seaottereurope.com\/wp-content\/uploads\/2025\/11\/sea-otter-europe-classsic.jpg\" loading=\"eager\" data-srcset=\"https:\/\/www.seaottereurope.com\/wp-content\/uploads\/2025\/11\/sea-otter-europe-classsic.jpg 1800w, https:\/\/www.seaottereurope.com\/wp-content\/uploads\/2025\/11\/sea-otter-europe-classsic-300x200.jpg 300w, https:\/\/www.seaottereurope.com\/wp-content\/uploads\/2025\/11\/sea-otter-europe-classsic-1024x683.jpg 1024w, https:\/\/www.seaottereurope.com\/wp-content\/uploads\/2025\/11\/sea-otter-europe-classsic-768x512.jpg 768w, https:\/\/www.seaottereurope.com\/wp-content\/uploads\/2025\/11\/sea-otter-europe-classsic-1536x1024.jpg 1536w\" \/><\/div><\/div><\/div>\t\t\t\t<\/div>\n\t\t\t\t<\/div>\n\t\t\t\t<\/div>\n\t\t<div class=\"elementor-element elementor-element-87d48a9 e-con-full e-flex e-con e-child\" data-id=\"87d48a9\" data-element_type=\"container\" data-e-type=\"container\">\n\t\t\t\t<div class=\"elementor-element elementor-element-7b22b37 elementor-widget elementor-widget-the7-heading\" data-id=\"7b22b37\" data-element_type=\"widget\" data-e-type=\"widget\" data-widget_type=\"the7-heading.default\">\n\t\t\t\t<div class=\"elementor-widget-container\">\n\t\t\t\t\t<h3 class=\"the7-heading-title elementor-size-default\">historia<\/h3>\t\t\t\t<\/div>\n\t\t\t\t<\/div>\n\t\t\t\t<div class=\"elementor-element elementor-element-0e381f6 elementor-widget-tablet__width-inherit elementor-widget elementor-widget-text-editor\" data-id=\"0e381f6\" data-element_type=\"widget\" data-e-type=\"widget\" data-widget_type=\"text-editor.default\">\n\t\t\t\t\t\t\t\t\t<p>El origen de Sea Otter Europe<\/p>\t\t\t\t\t\t\t\t<\/div>\n\t\t\t\t<div class=\"elementor-element elementor-element-831938e elementor-widget-tablet__width-inherit elementor-widget elementor-widget-text-editor\" data-id=\"831938e\" data-element_type=\"widget\" data-e-type=\"widget\" data-widget_type=\"text-editor.default\">\n\t\t\t\t\t\t\t\t\t<p>Sea Otter Europe naci\u00f3 como la versi\u00f3n europea de <b>Sea Otter Classic<\/b>, el festival ciclista m\u00e1s grande del mundo, que se celebra desde 1991 en Laguna Seca (California). En 2017, el evento lleg\u00f3 a Girona &#8211; Costa Brava, convirti\u00e9ndose r\u00e1pidamente en el referente ciclista en Europa.<\/p>\n<p>Desde entonces, Sea Otter Europe ha crecido a\u00f1o tras a\u00f1o hasta posicionarse como un evento clave para todos los agentes del sector, como profesionales de la industria, corredores y p\u00fablico final.<\/p>\n<p>Un festival que re\u00fane las \u00faltimas novedades del sector, un programa deportivo enorme, servicios exclusivos para profesionales, pruebas de bicicletas gratuitas, actividades para toda la familia y mucho m\u00e1s. Sea Otter Europe crea el ecosistema ciclista definitivo.&nbsp;<\/p><p>Un evento hecho para cualquier amante de la bicicleta.<\/p>\t\t\t\t\t\t\t\t<\/div>\n\t\t\t\t<\/div>\n\t\t\t\t\t<\/div>\n\t\t\t\t<\/div>\n\t\t\t\t<div class=\"elementor-element elementor-element-ca1eeff elementor-widget elementor-widget-spacer\" data-id=\"ca1eeff\" data-element_type=\"widget\" data-e-type=\"widget\" data-widget_type=\"spacer.default\">\n\t\t\t\t\t\t\t<div class=\"elementor-spacer\">\n\t\t\t<div class=\"elementor-spacer-inner\"><\/div>\n\t\t<\/div>\n\t\t\t\t\t\t<\/div>\n\t\t\t\t<\/div>\n\t\t<div class=\"elementor-element elementor-element-8d6b95a e-con-full e-flex e-con e-parent\" data-id=\"8d6b95a\" data-element_type=\"container\" data-e-type=\"container\">\n\t\t\t\t<div class=\"elementor-element elementor-element-d95dd41 elementor-widget elementor-widget-spacer\" data-id=\"d95dd41\" data-element_type=\"widget\" data-e-type=\"widget\" data-widget_type=\"spacer.default\">\n\t\t\t\t\t\t\t<div class=\"elementor-spacer\">\n\t\t\t<div class=\"elementor-spacer-inner\"><\/div>\n\t\t<\/div>\n\t\t\t\t\t\t<\/div>\n\t\t<div class=\"elementor-element elementor-element-b6550d3 e-flex e-con-boxed e-con e-child\" data-id=\"b6550d3\" data-element_type=\"container\" data-e-type=\"container\">\n\t\t\t\t\t<div class=\"e-con-inner\">\n\t\t<div class=\"elementor-element elementor-element-8673d7f e-flex e-con-boxed e-con e-child\" data-id=\"8673d7f\" data-element_type=\"container\" data-e-type=\"container\">\n\t\t\t\t\t<div class=\"e-con-inner\">\n\t\t\t\t<div class=\"elementor-element elementor-element-ff1af39 elementor-widget elementor-widget-the7-heading\" data-id=\"ff1af39\" data-element_type=\"widget\" data-e-type=\"widget\" data-widget_type=\"the7-heading.default\">\n\t\t\t\t<div class=\"elementor-widget-container\">\n\t\t\t\t\t<h3 class=\"the7-heading-title elementor-size-default\">Cronologia<\/h3>\t\t\t\t<\/div>\n\t\t\t\t<\/div>\n\t\t\t\t<div class=\"elementor-element elementor-element-3326355 elementor-widget-tablet__width-inherit elementor-widget elementor-widget-text-editor\" data-id=\"3326355\" data-element_type=\"widget\" data-e-type=\"widget\" data-widget_type=\"text-editor.default\">\n\t\t\t\t\t\t\t\t\t<p>Descubre la evoluci\u00f3n del festival<\/p>\t\t\t\t\t\t\t\t<\/div>\n\t\t\t\t<div class=\"elementor-element elementor-element-85a6183 elementor-widget-tablet__width-inherit elementor-widget__width-initial elementor-widget elementor-widget-text-editor\" data-id=\"85a6183\" data-element_type=\"widget\" data-e-type=\"widget\" data-widget_type=\"text-editor.default\">\n\t\t\t\t\t\t\t\t\t<p>La <strong>Sea Otter Europe<\/strong> se ha consolidado como un punto de encuentro clave entre la comunidad ciclista.<\/p>\t\t\t\t\t\t\t\t<\/div>\n\t\t\t\t\t<\/div>\n\t\t\t\t<\/div>\n\t\t\t\t<div class=\"elementor-element elementor-element-53c4ab4 elementor-widget elementor-widget-timeline-widget-addon\" data-id=\"53c4ab4\" data-element_type=\"widget\" data-e-type=\"widget\" data-widget_type=\"timeline-widget-addon.default\">\n\t\t\t\t<div class=\"elementor-widget-container\">\n\t\t\t\t\t<!-- ========= Timeline Widget  Addon For Elementor 1.6.24 ========= -->\n<div id=\"twae-wrapper-53c4ab4\" class=\"twae-wrapper twae-horizontal-timeline\">\n<div class=\"twae-wrapper-inside\">\n <div id=\"twae-slider-container-53c4ab4\" data-dir=\"\" data-slidestoshow=\"5\" data-autoplay=\"false\" data-auto-height=\"true\" class=\"twae-slider-container swiper-container\">\n <div  class=\"twae-slider-wrapper swiper-wrapper no-height\"><!-- Start of Story Repeater Content --><div id=\"twae-article-f908847\" class=\"twae-repeater-item twae-story swiper-slide twae-story-no-icon\"><!-- Story Label --><div class=\"twae-labels\"><div class=\"twae-label-big\">2025<\/div><\/div><!-- Story Icon --><div class=\"twae-icon\"><i aria-hidden=\"true\" class=\"far fa-clock\"><\/i><\/div><!-- Story Arrow --><div class=\"twae-arrow\"><\/div><!-- Start of Story Content --><div class=\"twae-content\"><!-- Story Description --><div class=\"twae-description\"><div class=\"content-box-percentage content-box-counter\" style=\"text-align: left\"><strong><span class=\"display-counter\" data-value=\"44.000\" data-direction=\"up\" data-decimals=\"3\">44.000<\/span>m\u00b2<\/strong> zona expo<br \/><span class=\"display-counter\" data-value=\"44.000\" data-direction=\"up\" data-decimals=\"3\"><strong>74.000<\/strong> visitantes<br \/><\/span><strong>301<\/strong> estands<br \/><strong>507<\/strong> marcas<br \/><strong>581<\/strong> demobike<br \/><strong>6.124<\/strong> participantes<\/div><div style=\"text-align: left\"><strong>114<\/strong> nacionalidades<\/div><\/div><\/div><\/div><!-- Start of Story Repeater Content --><div id=\"twae-article-5fcf491\" class=\"twae-repeater-item twae-story swiper-slide twae-story-no-icon\"><!-- Story Label --><div class=\"twae-labels\"><div class=\"twae-label-big twae-label-big\">2024<\/div><\/div><!-- Story Icon --><div class=\"twae-icon\"><i aria-hidden=\"true\" class=\"far fa-clock\"><\/i><\/div><!-- Story Arrow --><div class=\"twae-arrow\"><\/div><!-- Start of Story Content --><div class=\"twae-content\"><!-- Story Description --><div class=\"twae-description twae-description\"><div class=\"content-box-percentage content-box-counter\" style=\"text-align: left\"><strong><span class=\"display-counter\" data-value=\"44.000\" data-direction=\"up\" data-decimals=\"3\">42.000<\/span>m\u00b2<\/strong>\u00a0zona expo<br \/><span class=\"display-counter\" data-value=\"44.000\" data-direction=\"up\" data-decimals=\"3\"><strong>68.000<\/strong> visitantes<br \/><\/span><strong>298<\/strong> estands<br \/><strong>500<\/strong> marcas<br \/><strong>597<\/strong> demobike<br \/><strong>6.000<\/strong> participantes<\/div><div style=\"text-align: left\"><strong>115<\/strong> nacionalidades<\/div><\/div><\/div><\/div><!-- Start of Story Repeater Content --><div id=\"twae-article-20af932\" class=\"twae-repeater-item twae-story swiper-slide twae-story-no-icon\"><!-- Story Label --><div class=\"twae-labels\"><div class=\"twae-label-big twae-label-big twae-label-big\">2023<\/div><\/div><!-- Story Icon --><div class=\"twae-icon\"><i aria-hidden=\"true\" class=\"far fa-clock\"><\/i><\/div><!-- Story Arrow --><div class=\"twae-arrow\"><\/div><!-- Start of Story Content --><div class=\"twae-content\"><!-- Story Description --><div class=\"twae-description twae-description twae-description\"><div class=\"content-box-percentage content-box-counter\" style=\"text-align: left\"><strong><span class=\"display-counter\" data-value=\"44.000\" data-direction=\"up\" data-decimals=\"3\">35.000<\/span>m\u00b2<\/strong>\u00a0zona expo<br \/><span class=\"display-counter\" data-value=\"44.000\" data-direction=\"up\" data-decimals=\"3\"><strong>64.160<\/strong> visitantes<br \/><\/span><strong>250<\/strong> estands<br \/><strong>402<\/strong> marcas<br \/><strong>525 <\/strong>demobike<br \/><strong>5.300<\/strong> participantes<\/div><div style=\"text-align: left\"><strong>112<\/strong> nacionalidades<\/div><\/div><\/div><\/div><!-- Start of Story Repeater Content --><div id=\"twae-article-6a8cc48\" class=\"twae-repeater-item twae-story swiper-slide twae-story-no-icon\"><!-- Story Label --><div class=\"twae-labels\"><div class=\"twae-label-big twae-label-big twae-label-big twae-label-big\">2022<\/div><\/div><!-- Story Icon --><div class=\"twae-icon\"><i aria-hidden=\"true\" class=\"far fa-clock\"><\/i><\/div><!-- Story Arrow --><div class=\"twae-arrow\"><\/div><!-- Start of Story Content --><div class=\"twae-content\"><!-- Story Description --><div class=\"twae-description twae-description twae-description twae-description\"><div class=\"content-box-percentage content-box-counter\" style=\"text-align: left\"><strong><span class=\"display-counter\" data-value=\"44.000\" data-direction=\"up\" data-decimals=\"3\">31.000<\/span>m\u00b2<\/strong>\u00a0zona expo<br \/><span class=\"display-counter\" data-value=\"44.000\" data-direction=\"up\" data-decimals=\"3\"><strong>60.000<\/strong> visitantes<br \/><\/span><strong>210<\/strong> estands<br \/><strong>350<\/strong> marcas<br \/><strong>431 <\/strong>demobike<br \/><strong>4.400<\/strong> participantes<\/div><div style=\"text-align: left\"><strong>54<\/strong> nacionalidades<\/div><\/div><\/div><\/div><!-- Start of Story Repeater Content --><div id=\"twae-article-48266a4\" class=\"twae-repeater-item twae-story swiper-slide twae-story-no-icon\"><!-- Story Label --><div class=\"twae-labels\"><div class=\"twae-label-big twae-label-big twae-label-big twae-label-big twae-label-big\">2021<\/div><\/div><!-- Story Icon --><div class=\"twae-icon\"><i aria-hidden=\"true\" class=\"far fa-clock\"><\/i><\/div><!-- Story Arrow --><div class=\"twae-arrow\"><\/div><!-- Start of Story Content --><div class=\"twae-content\"><!-- Story Description --><div class=\"twae-description twae-description twae-description twae-description twae-description\"><div class=\"content-box-percentage content-box-counter\" style=\"text-align: left\"><strong><span class=\"display-counter\" data-value=\"44.000\" data-direction=\"up\" data-decimals=\"3\">26.000<\/span>m\u00b2<\/strong>\u00a0zona expo<br \/><span class=\"display-counter\" data-value=\"44.000\" data-direction=\"up\" data-decimals=\"3\"><strong>45.000<\/strong> visitantes<br \/><\/span><b>150 <\/b>estands<br \/><strong>290<\/strong> marcas<br \/><strong>350 <\/strong>demobike<br \/><strong>4.350<\/strong> participantes<\/div><div style=\"text-align: left\"><strong>50<\/strong> nacionalidades<\/div><div>(Edici\u00f3n post-pandemia)<\/div><\/div><\/div><\/div><!-- Start of Story Repeater Content --><div id=\"twae-article-1c5beb0\" class=\"twae-repeater-item twae-story swiper-slide twae-story-no-icon\"><!-- Story Label --><div class=\"twae-labels\"><div class=\"twae-label-big twae-label-big twae-label-big twae-label-big twae-label-big twae-label-big\">2020<\/div><\/div><!-- Story Icon --><div class=\"twae-icon\"><i aria-hidden=\"true\" class=\"far fa-clock\"><\/i><\/div><!-- Story Arrow --><div class=\"twae-arrow\"><\/div><!-- Start of Story Content --><div class=\"twae-content\"><!-- Story Description --><div class=\"twae-description twae-description twae-description twae-description twae-description twae-description\"><div class=\"content-box-percentage content-box-counter\" style=\"text-align: left\">Edici\u00f3n en la que se llevan a cabo las pruebas deportivas mientras el Covid-19 obliga a cancelar el resto del festival.<\/div><\/div><\/div><\/div><!-- Start of Story Repeater Content --><div id=\"twae-article-7198382\" class=\"twae-repeater-item twae-story swiper-slide twae-story-no-icon\"><!-- Story Label --><div class=\"twae-labels\"><div class=\"twae-label-big twae-label-big twae-label-big twae-label-big twae-label-big twae-label-big twae-label-big\">2019<\/div><\/div><!-- Story Icon --><div class=\"twae-icon\"><i aria-hidden=\"true\" class=\"far fa-clock\"><\/i><\/div><!-- Story Arrow --><div class=\"twae-arrow\"><\/div><!-- Start of Story Content --><div class=\"twae-content\"><!-- Story Description --><div class=\"twae-description twae-description twae-description twae-description twae-description twae-description twae-description\"><div class=\"content-box-percentage content-box-counter\"><div class=\"content-box-percentage content-box-counter\" style=\"text-align: left\"><strong><span class=\"display-counter\" data-value=\"44.000\" data-direction=\"up\" data-decimals=\"3\">26.000<\/span>m\u00b2<\/strong> zona expo<br \/><span class=\"display-counter\" data-value=\"44.000\" data-direction=\"up\" data-decimals=\"3\"><strong>50.000<\/strong> visitantes<br \/><\/span><b>200 <\/b>estands<br \/><strong>420<\/strong> marcas<br \/><strong>500<\/strong> demobike<br \/><strong>6.100<\/strong> participantes<\/div><div style=\"text-align: left\"><strong>50<\/strong> nacionalidades<\/div><\/div><\/div><\/div><\/div><!-- Start of Story Repeater Content --><div id=\"twae-article-3e7e9be\" class=\"twae-repeater-item twae-story swiper-slide twae-story-no-icon\"><!-- Story Label --><div class=\"twae-labels\"><div class=\"twae-label-big twae-label-big twae-label-big twae-label-big twae-label-big twae-label-big twae-label-big twae-label-big\">2018<\/div><\/div><!-- Story Icon --><div class=\"twae-icon\"><i aria-hidden=\"true\" class=\"far fa-clock\"><\/i><\/div><!-- Story Arrow --><div class=\"twae-arrow\"><\/div><!-- Start of Story Content --><div class=\"twae-content\"><!-- Story Description --><div class=\"twae-description twae-description twae-description twae-description twae-description twae-description twae-description twae-description\"><div class=\"content-box-percentage content-box-counter\"><div class=\"content-box-percentage content-box-counter\" style=\"text-align: left\"><strong><span class=\"display-counter\" data-value=\"44.000\" data-direction=\"up\" data-decimals=\"3\">26.000<\/span>m\u00b2<\/strong> zona expo<br \/><span class=\"display-counter\" data-value=\"44.000\" data-direction=\"up\" data-decimals=\"3\"><strong>42.000<\/strong> visitantes<br \/><\/span><b>190 <\/b>estands<br \/><strong>380<\/strong> marcas<br \/><strong>300<\/strong> demobike<br \/><strong>5.000<\/strong> participantes<\/div><div style=\"text-align: left\"><strong>19<\/strong> nacionalidades<\/div><\/div><\/div><\/div><\/div><!-- Start of Story Repeater Content --><div id=\"twae-article-cbcf975\" class=\"twae-repeater-item twae-story swiper-slide twae-story-no-icon\"><!-- Story Label --><div class=\"twae-labels\"><div class=\"twae-label-big twae-label-big twae-label-big twae-label-big twae-label-big twae-label-big twae-label-big twae-label-big twae-label-big\">2017<\/div><\/div><!-- Story Icon --><div class=\"twae-icon\"><i aria-hidden=\"true\" class=\"far fa-clock\"><\/i><\/div><!-- Story Arrow --><div class=\"twae-arrow\"><\/div><!-- Start of Story Content --><div class=\"twae-content\"><!-- Story Description --><div class=\"twae-description twae-description twae-description twae-description twae-description twae-description twae-description twae-description twae-description\"><div class=\"content-box-percentage content-box-counter\"><div class=\"content-box-percentage content-box-counter\" style=\"text-align: left\"><strong><span class=\"display-counter\" data-value=\"44.000\" data-direction=\"up\" data-decimals=\"3\">20.000<\/span>m\u00b2<\/strong> zona expo<br \/><span class=\"display-counter\" data-value=\"44.000\" data-direction=\"up\" data-decimals=\"3\"><strong>30.000<\/strong> visitantes<br \/><\/span><b>150 <\/b>estands<br \/><strong>350<\/strong> marcas<br \/><strong>220<\/strong> demobike<br \/><strong>4.200<\/strong> participantes<\/div><div style=\"text-align: left\"><strong>12<\/strong> nacionalidades<\/div><\/div><\/div><\/div><\/div><\/div><\/div><\/div> <!-- Add Arrows -->\n       <div class=\"twae-button-prev\"><i class=\"fas fa-chevron-left\"><\/i><\/div>\n       <div class=\"twae-button-next\"><i class=\"fas fa-chevron-right\"><\/i><\/div>\n       <div class=\"twae-h-line\"><\/div>\n       <div class=\"twae-line-fill\"><\/div>\n    <\/div>\t\t\t\t<\/div>\n\t\t\t\t<\/div>\n\t\t\t\t\t<\/div>\n\t\t\t\t<\/div>\n\t\t\t\t<\/div>\n\t\t<div class=\"elementor-element elementor-element-a9d43cf e-con-full e-flex e-con e-child\" data-id=\"a9d43cf\" data-element_type=\"container\" data-e-type=\"container\" data-settings=\"{&quot;background_background&quot;:&quot;classic&quot;}\">\n\t\t<div class=\"elementor-element elementor-element-a11bbcb e-flex e-con-boxed e-con e-child\" data-id=\"a11bbcb\" data-element_type=\"container\" data-e-type=\"container\" data-settings=\"{&quot;background_background&quot;:&quot;gradient&quot;}\">\n\t\t\t\t\t<div class=\"e-con-inner\">\n\t\t\t\t<div class=\"elementor-element elementor-element-e502b1d elementor-widget-tablet__width-inherit elementor-widget elementor-widget-the7-heading\" data-id=\"e502b1d\" data-element_type=\"widget\" data-e-type=\"widget\" data-widget_type=\"the7-heading.default\">\n\t\t\t\t<div class=\"elementor-widget-container\">\n\t\t\t\t\t<div class=\"the7-heading-title elementor-size-default\">Planea tu visita ...<\/div>\t\t\t\t<\/div>\n\t\t\t\t<\/div>\n\t\t\t\t<div class=\"elementor-element elementor-element-25143ac elementor-widget-tablet__width-inherit elementor-widget elementor-widget-the7-heading\" data-id=\"25143ac\" data-element_type=\"widget\" data-e-type=\"widget\" data-widget_type=\"the7-heading.default\">\n\t\t\t\t<div class=\"elementor-widget-container\">\n\t\t\t\t\t<div class=\"the7-heading-title elementor-size-default\">\u00a1Ven a disfutar del festival Sea Otter Europe!<\/div>\t\t\t\t<\/div>\n\t\t\t\t<\/div>\n\t\t<div class=\"elementor-element elementor-element-b184cae e-flex e-con-boxed e-con e-child\" data-id=\"b184cae\" data-element_type=\"container\" data-e-type=\"container\">\n\t\t\t\t\t<div class=\"e-con-inner\">\n\t\t\t\t<div class=\"elementor-element elementor-element-b9dc9b0 elementor-align-center elementor-widget__width-inherit elementor-widget elementor-widget-the7_button_widget\" data-id=\"b9dc9b0\" data-element_type=\"widget\" data-e-type=\"widget\" data-widget_type=\"the7_button_widget.default\">\n\t\t\t\t<div class=\"elementor-widget-container\">\n\t\t\t\t\t<div class=\"elementor-button-wrapper\"><a href=\"https:\/\/seaottereurope.com\/es\/programa-general-festival\/\" class=\"box-button elementor-button elementor-size-xl\">DESCUBRE EL PROGRAMA<\/a><\/div>\t\t\t\t<\/div>\n\t\t\t\t<\/div>\n\t\t\t\t\t<\/div>\n\t\t\t\t<\/div>\n\t\t\t\t\t<\/div>\n\t\t\t\t<\/div>\n\t\t\t\t<\/div>\n\t\t\t\t<\/div>\n\t\t","protected":false},"excerpt":{"rendered":"<p>historia El origen de Sea Otter Europe Sea Otter Europe naci\u00f3 como la versi\u00f3n europea de Sea Otter Classic, el festival ciclista m\u00e1s grande del mundo, que se celebra desde 1991 en Laguna Seca (California). En 2017, el evento lleg\u00f3 a Girona &#8211; Costa Brava, convirti\u00e9ndose r\u00e1pidamente en el referente ciclista en Europa. Desde entonces,&hellip;<\/p>\n","protected":false},"author":4,"featured_media":40596,"parent":0,"menu_order":5,"comment_status":"closed","ping_status":"closed","template":"","meta":{"footnotes":""},"class_list":["post-40679","page","type-page","status-publish","has-post-thumbnail","hentry"],"_links":{"self":[{"href":"https:\/\/www.seaottereurope.com\/es\/wp-json\/wp\/v2\/pages\/40679","targetHints":{"allow":["GET"]}}],"collection":[{"href":"https:\/\/www.seaottereurope.com\/es\/wp-json\/wp\/v2\/pages"}],"about":[{"href":"https:\/\/www.seaottereurope.com\/es\/wp-json\/wp\/v2\/types\/page"}],"author":[{"embeddable":true,"href":"https:\/\/www.seaottereurope.com\/es\/wp-json\/wp\/v2\/users\/4"}],"replies":[{"embeddable":true,"href":"https:\/\/www.seaottereurope.com\/es\/wp-json\/wp\/v2\/comments?post=40679"}],"version-history":[{"count":88,"href":"https:\/\/www.seaottereurope.com\/es\/wp-json\/wp\/v2\/pages\/40679\/revisions"}],"predecessor-version":[{"id":620942,"href":"https:\/\/www.seaottereurope.com\/es\/wp-json\/wp\/v2\/pages\/40679\/revisions\/620942"}],"wp:featuredmedia":[{"embeddable":true,"href":"https:\/\/www.seaottereurope.com\/es\/wp-json\/wp\/v2\/media\/40596"}],"wp:attachment":[{"href":"https:\/\/www.seaottereurope.com\/es\/wp-json\/wp\/v2\/media?parent=40679"}],"curies":[{"name":"wp","href":"https:\/\/api.w.org\/{rel}","templated":true}]}}