{"id":41524,"date":"2025-10-03T12:05:28","date_gmt":"2025-10-03T10:05:28","guid":{"rendered":"https:\/\/seaottereurope.com\/?page_id=41524"},"modified":"2026-02-03T13:09:19","modified_gmt":"2026-02-03T12:09:19","slug":"horario-pruebas-deportivas","status":"publish","type":"page","link":"https:\/\/www.seaottereurope.com\/es\/horario-pruebas-deportivas\/","title":{"rendered":"Horario pruebas deportivas"},"content":{"rendered":"\t\t<div data-elementor-type=\"wp-page\" data-elementor-id=\"41524\" class=\"elementor elementor-41524\" data-elementor-post-type=\"page\">\n\t\t\t\t<div class=\"elementor-element elementor-element-006ad0a e-flex e-con-boxed e-con e-parent\" data-id=\"006ad0a\" data-element_type=\"container\" data-e-type=\"container\">\n\t\t\t\t\t<div class=\"e-con-inner\">\n\t\t\t\t<div class=\"elementor-element elementor-element-72956fa elementor-widget elementor-widget-text-editor\" data-id=\"72956fa\" data-element_type=\"widget\" data-e-type=\"widget\" data-widget_type=\"text-editor.default\">\n\t\t\t\t\t\t\t\t\t<p>Estamos trabajando en los horarios de las pruebas deportivas.<\/p><p>Visita la p\u00e1gina m\u00e1s adelante. Gracias.<\/p>\t\t\t\t\t\t\t\t<\/div>\n\t\t\t\t\t<\/div>\n\t\t\t\t<\/div>\n\t\t<div class=\"elementor-element elementor-element-7b2dd75 elementor-hidden-desktop elementor-hidden-tablet elementor-hidden-mobile e-flex e-con-boxed e-con e-parent\" data-id=\"7b2dd75\" data-element_type=\"container\" data-e-type=\"container\">\n\t\t\t\t\t<div class=\"e-con-inner\">\n\t\t\t\t<div class=\"elementor-element elementor-element-18a7799 elementor-widget elementor-widget-text-editor\" data-id=\"18a7799\" data-element_type=\"widget\" data-e-type=\"widget\" data-widget_type=\"text-editor.default\">\n\t\t\t\t\t\t\t\t\t<p>Programa provisional sujeto a cambios<\/p>\t\t\t\t\t\t\t\t<\/div>\n\t\t\t\t<div class=\"elementor-element elementor-element-3cb27c1 elementor-widget elementor-widget-text-editor\" data-id=\"3cb27c1\" data-element_type=\"widget\" data-e-type=\"widget\" data-widget_type=\"text-editor.default\">\n\t\t\t\t\t\t\t\t\t<h2>Viernes 18<\/h2><table style=\"width: 100%; border-collapse: separate; border-spacing: 0 1px; background: #cfcfcf; font-family: Arial, sans-serif; font-size: 14px;\"><thead><tr style=\"background: #f5f5f5;\"><th style=\"padding: 10px 12px; text-align: left;\">Hora<\/th><th style=\"padding: 10px 12px; text-align: left;\">Actividad<\/th><th style=\"padding: 10px 12px; text-align: left;\">Ubicaci\u00f3n<\/th><\/tr><\/thead><tbody><tr style=\"background: #fff;\"><td style=\"padding: 10px 12px;\">10.00h<\/td><td style=\"padding: 10px 12px;\">APERTURA DEL FESTIVAL<\/td><td style=\"padding: 10px 12px;\">FESTIVAL SEA OTTER EUROPE<\/td><\/tr><tr style=\"background: #fff;\"><td style=\"padding: 10px 12px;\">11.00h<\/td><td style=\"padding: 10px 12px;\">INICIO DEMOBIKE<\/td><td style=\"padding: 10px 12px;\">CIRCUITOS DEMOBIKE<\/td><\/tr><tr style=\"background: #fff;\"><td style=\"padding: 10px 12px;\">12.00h &#8211; 19.00h<\/td><td style=\"padding: 10px 12px;\">Entrenamientos XCO<\/td><td style=\"padding: 10px 12px;\">SALIDA XCO<\/td><\/tr><tr style=\"background: #fff;\"><td style=\"padding: 10px 12px;\">13.00h &#8211; 15.30h<\/td><td style=\"padding: 10px 12px;\">Entrenamientos XCC\/XCE<\/td><td style=\"padding: 10px 12px;\">ZONA EURO MOBILITY<\/td><\/tr><tr style=\"background: #fff;\"><td style=\"padding: 10px 12px;\">16.00h<\/td><td style=\"padding: 10px 12px;\">Entrenamientos XCE<\/td><td style=\"padding: 10px 12px;\">ZONA EURO MOBILITY<\/td><\/tr><tr style=\"background: #fff;\"><td style=\"padding: 10px 12px;\">16.40h<\/td><td style=\"padding: 10px 12px;\">TIME TRAILS WOMEN XCE<\/td><td style=\"padding: 10px 12px;\">ZONA EURO MOBILITY<\/td><\/tr><tr style=\"background: #fff;\"><td style=\"padding: 10px 12px;\">16.50h<\/td><td style=\"padding: 10px 12px;\">TIME TRAILS MEN XCE<\/td><td style=\"padding: 10px 12px;\">ZONA EURO MOBILITY<\/td><\/tr><tr style=\"background: #fff;\"><td style=\"padding: 10px 12px;\">17.10h &#8211; 18.10h<\/td><td style=\"padding: 10px 12px;\">FINALS WOMEN AND MEN<\/td><td style=\"padding: 10px 12px;\">ZONA EURO MOBILITY<\/td><\/tr><tr style=\"background: #fff;\"><td style=\"padding: 10px 12px;\">18.20h<\/td><td style=\"padding: 10px 12px;\">SHORT TRACK WOMEN<\/td><td style=\"padding: 10px 12px;\">ZONA EURO MOBILITY<\/td><\/tr><tr style=\"background: #fff;\"><td style=\"padding: 10px 12px;\">18.30h<\/td><td style=\"padding: 10px 12px;\">SHORT TRACK MEN<\/td><td style=\"padding: 10px 12px;\">ZONA EURO MOBILITY<\/td><\/tr><tr style=\"background: #fff;\"><td style=\"padding: 10px 12px;\">18.50h<\/td><td style=\"padding: 10px 12px;\">Entrega de premios SHORT TRACK and XCE<\/td><td style=\"padding: 10px 12px;\">ZONA EURO MOBILITY<\/td><\/tr><tr style=\"background: #fff;\"><td style=\"padding: 10px 12px;\">19.00h<\/td><td style=\"padding: 10px 12px;\">FIN DEMOBIKE<\/td><td style=\"padding: 10px 12px;\">CIRCUITOS DEMOBIKE<\/td><\/tr><tr style=\"background: #fff;\"><td style=\"padding: 10px 12px;\">19.30h<\/td><td style=\"padding: 10px 12px;\">CIERRE DEL FESTIVAL<\/td><td style=\"padding: 10px 12px;\">FESTIVAL SEA OTTER EUROPE<\/td><\/tr><\/tbody><\/table>\t\t\t\t\t\t\t\t<\/div>\n\t\t\t\t<div class=\"elementor-element elementor-element-d402372 elementor-widget elementor-widget-text-editor\" data-id=\"d402372\" data-element_type=\"widget\" data-e-type=\"widget\" data-widget_type=\"text-editor.default\">\n\t\t\t\t\t\t\t\t\t<h2>S\u00e1bado 19<\/h2><table style=\"width: 100%; border-collapse: separate; border-spacing: 0 1px; background: #cfcfcf; font-family: Arial, sans-serif; font-size: 14px;\"><thead><tr style=\"background: #f5f5f5;\"><th style=\"padding: 10px 12px; text-align: left;\">Hora<\/th><th style=\"padding: 10px 12px; text-align: left;\">Actividad<\/th><th style=\"padding: 10px 12px; text-align: left;\">Ubicaci\u00f3n<\/th><\/tr><\/thead><tbody><tr style=\"background: #fff;\"><td style=\"padding: 10px 12px;\">9.00h<\/td><td style=\"padding: 10px 12px;\">APERTURA DEL FESTIVAL<\/td><td style=\"padding: 10px 12px;\">FESTIVAL SEA OTTER EUROPE<\/td><\/tr><tr style=\"background: #fff;\"><td style=\"padding: 10px 12px;\">9.30h<\/td><td style=\"padding: 10px 12px;\">INICI DEMOBIKE<\/td><td style=\"padding: 10px 12px;\">CIRCUITOS DEMOBIKE<\/td><\/tr><tr style=\"background: #fff;\"><td style=\"padding: 10px 12px;\">9.00h<\/td><td style=\"padding: 10px 12px;\">PRIMERA SALIDA SHIMANO SUPER CUP MASSI<\/td><td style=\"padding: 10px 12px;\">SALIDA XCO<\/td><\/tr><tr style=\"background: #fff;\"><td style=\"padding: 10px 12px;\">10.30h<\/td><td style=\"padding: 10px 12px;\">SALIDA 226ERS UCI GRAVEL WORLD SERIES<\/td><td style=\"padding: 10px 12px;\">JUI\u00c0<\/td><\/tr><tr style=\"background: #fff;\"><td style=\"padding: 10px 12px;\">10.40h<\/td><td style=\"padding: 10px 12px;\">SEGUNDA SALIDA SHIMANO SUPER CUP MASSI<\/td><td style=\"padding: 10px 12px;\">SALIDA XCO<\/td><\/tr><tr style=\"background: #fff;\"><td style=\"padding: 10px 12px;\">10.50h<\/td><td style=\"padding: 10px 12px;\">1a Entrega de premios SHIMANO SUPER CUP MASSI<\/td><td style=\"padding: 10px 12px;\">ESCENARIO TRAILER<\/td><\/tr><tr style=\"background: #fff;\"><td style=\"padding: 10px 12px;\">12.30h<\/td><td style=\"padding: 10px 12px;\">TERCERA SALIDA SHIMANO SUPER CUP MASSI<\/td><td style=\"padding: 10px 12px;\">SALIDA XCO<\/td><\/tr><tr style=\"background: #fff;\"><td style=\"padding: 10px 12px;\">14.30h<\/td><td style=\"padding: 10px 12px;\">2a Entrega de premios SHIMANO SUPER CUP MASSI<\/td><td style=\"padding: 10px 12px;\">ESCENARIO TRAILER<\/td><\/tr><tr style=\"background: #fff;\"><td style=\"padding: 10px 12px;\">16.00h<\/td><td style=\"padding: 10px 12px;\">YOUTH SHIMANO PreBenjamin<\/td><td style=\"padding: 10px 12px;\">SALIDA XCO<\/td><\/tr><tr style=\"background: #fff;\"><td style=\"padding: 10px 12px;\">16.00h<\/td><td style=\"padding: 10px 12px;\">SALIDA CAMPEONATO ESPA\u00d1A XCE<\/td><td style=\"padding: 10px 12px;\">ZONA EUROMOBILITY<\/td><\/tr><tr style=\"background: #fff;\"><td style=\"padding: 10px 12px;\">16.15h<\/td><td style=\"padding: 10px 12px;\">YOUTH SHIMANO Benjamin<\/td><td style=\"padding: 10px 12px;\">SALIDA XCO<\/td><\/tr><tr style=\"background: #fff;\"><td style=\"padding: 10px 12px;\">16.30h<\/td><td style=\"padding: 10px 12px;\">YOUTH Principiantes<\/td><td style=\"padding: 10px 12px;\">SALIDA XCO<\/td><\/tr><tr style=\"background: #fff;\"><td style=\"padding: 10px 12px;\">16.55h<\/td><td style=\"padding: 10px 12px;\">YOUTH Alevin<\/td><td style=\"padding: 10px 12px;\">SALIDA XCO<\/td><\/tr><tr style=\"background: #fff;\"><td style=\"padding: 10px 12px;\">17.35h<\/td><td style=\"padding: 10px 12px;\">YOUTH Infantil<\/td><td style=\"padding: 10px 12px;\">SALIDA XCO<\/td><\/tr><tr style=\"background: #fff;\"><td style=\"padding: 10px 12px;\">17.30h<\/td><td style=\"padding: 10px 12px;\">Entrega de premios 226ERS UCI GRAVEL WORLD SERIES<\/td><td style=\"padding: 10px 12px;\">ESCENARIO TRAILER<\/td><\/tr><tr style=\"background: #fff;\"><td style=\"padding: 10px 12px;\">18.00h<\/td><td style=\"padding: 10px 12px;\">Entrega de premios SUPER CUP YOUTH<\/td><td style=\"padding: 10px 12px;\">ESCENARIO TRAILER<\/td><\/tr><tr style=\"background: #fff;\"><td style=\"padding: 10px 12px;\">18.00h<\/td><td style=\"padding: 10px 12px;\">FINALES CAMPEONATO ESPA\u00d1A XCE<\/td><td style=\"padding: 10px 12px;\">ZONA EUROMOBILITY<\/td><\/tr><tr style=\"background: #fff;\"><td style=\"padding: 10px 12px;\">18.30h<\/td><td style=\"padding: 10px 12px;\">SALIDA MTB CLASSIC<\/td><td style=\"padding: 10px 12px;\">SALIDA XCO<\/td><\/tr><tr style=\"background: #fff;\"><td style=\"padding: 10px 12px;\">19.00h<\/td><td style=\"padding: 10px 12px;\">FIN DEMOBIKE<\/td><td style=\"padding: 10px 12px;\">CIRCUITOS DEMOBIKE<\/td><\/tr><tr style=\"background: #fff;\"><td style=\"padding: 10px 12px;\">19.30h<\/td><td style=\"padding: 10px 12px;\">CIERRE DEL FESTIVAL<\/td><td style=\"padding: 10px 12px;\">FESTIVAL SEA OTTER EUROPE<\/td><\/tr><\/tbody><\/table>\t\t\t\t\t\t\t\t<\/div>\n\t\t\t\t<div class=\"elementor-element elementor-element-6d7b1d0 elementor-widget elementor-widget-text-editor\" data-id=\"6d7b1d0\" data-element_type=\"widget\" data-e-type=\"widget\" data-widget_type=\"text-editor.default\">\n\t\t\t\t\t\t\t\t\t<h2>Domingo 20<\/h2>\n<table style=\"width: 100%; border-collapse: separate; border-spacing: 0 1px; background: #cfcfcf; font-family: Arial, sans-serif; font-size: 14px;\">\n<thead>\n<tr style=\"background: #f5f5f5;\">\n<th style=\"padding: 10px 12px; text-align: left;\">HORARIO<\/th>\n<th style=\"padding: 10px 12px; text-align: left;\">ACTIVIDAD<\/th>\n<th style=\"padding: 10px 12px; text-align: left;\">UBICACI\u00d3N<\/th>\n<\/tr>\n<\/thead>\n<tbody>\n<tr style=\"background: #fff;\">\n<td style=\"padding: 10px 12px;\">08.00h<\/td>\n<td style=\"padding: 10px 12px;\">SALIDA CICLOBRAVA by Orbea<\/td>\n<td style=\"padding: 10px 12px;\">PASSEIG DE LA DEVESA<\/td>\n<\/tr>\n<tr style=\"background: #fff;\">\n<td style=\"padding: 10px 12px;\">08.35h<\/td>\n<td style=\"padding: 10px 12px;\">SALIDA SCOTT MARATHON XCM\/XCP<\/td>\n<td style=\"padding: 10px 12px;\">SALIDA XCO<\/td>\n<\/tr>\n<tr style=\"background: #fff;\">\n<td style=\"padding: 10px 12px;\"><strong>09.00h<\/strong><\/td>\n<td style=\"padding: 10px 12px;\" colspan=\"2\"><strong>APERTURA DEL FESTIVAL SEA OTTER EUROPE<\/strong><\/td>\n<\/tr>\n<tr style=\"background: #fff;\">\n<td style=\"padding: 10px 12px;\">09.15h<\/td>\n<td style=\"padding: 10px 12px;\">SALIDA GIRONA GRAVEL RIDE<\/td>\n<td style=\"padding: 10px 12px;\">PASSEIG DE LA DEVESA<\/td>\n<\/tr>\n<tr style=\"background: #fff;\">\n<td style=\"padding: 10px 12px;\">09.15h &#8211; 13.30h<\/td>\n<td style=\"padding: 10px 12px;\">INICIO COPA GIRONA TRIAL by SEA OTTER EUROPE<\/td>\n<td style=\"padding: 10px 12px;\">ZONA EURO MOBILITY<\/td>\n<\/tr>\n<tr style=\"background: #fff;\">\n<td style=\"padding: 10px 12px;\">09.30h<\/td>\n<td style=\"padding: 10px 12px;\">INICIO DEMOBIKE<\/td>\n<td style=\"padding: 10px 12px;\">CIRCUITOS DEMOBIKE<\/td>\n<\/tr>\n<tr style=\"background: #fff;\">\n<td style=\"padding: 10px 12px;\">09.30h<\/td>\n<td style=\"padding: 10px 12px;\">SALIDA UCI HERO &#8211; La Tramun<\/td>\n<td style=\"padding: 10px 12px;\">LES PLANES D&#8217;HOSTOLES<\/td>\n<\/tr>\n<tr style=\"background: #fff;\">\n<td style=\"padding: 10px 12px;\">10.00h &#8211; 14.00h<\/td>\n<td style=\"padding: 10px 12px;\">PINTACARAS Y TALLER DE CHAPAS<\/td>\n<td style=\"padding: 10px 12px;\">ZONA AMARILLA<\/td>\n<\/tr>\n<tr style=\"background: #fff;\">\n<td style=\"padding: 10px 12px;\">11.00h<\/td>\n<td style=\"padding: 10px 12px;\">SALIDA PRIMERA M\u00c0NEGA DE MINI DH<\/td>\n<td style=\"padding: 10px 12px;\">ZONA PUIG D&#8217;EN ROCA<\/td>\n<\/tr>\n<tr style=\"background: #fff;\">\n<td style=\"padding: 10px 12px;\">11.30h &#8211; 13.30h<\/td>\n<td style=\"padding: 10px 12px;\">MAG LLUC<\/td>\n<td style=\"padding: 10px 12px;\">ZONA VERDE Y ZONA EURO MOBILITY<\/td>\n<\/tr>\n<tr style=\"background: #fff;\">\n<td style=\"padding: 10px 12px;\">12.00h &#8211; 14.00h<\/td>\n<td style=\"padding: 10px 12px;\">DJ MARVIN<\/td>\n<td style=\"padding: 10px 12px;\">ESCENARIO TRAILER<\/td>\n<\/tr>\n<tr style=\"background: #fff;\">\n<td style=\"padding: 10px 12px;\">12.00h<\/td>\n<td style=\"padding: 10px 12px;\">SALIDA SEGONA M\u00c0NEGA DE MINI DH<\/td>\n<td style=\"padding: 10px 12px;\">ZONA PUIG D&#8217;EN ROCA<\/td>\n<\/tr>\n<tr style=\"background: #fff;\">\n<td style=\"padding: 10px 12px;\">12.30h<\/td>\n<td style=\"padding: 10px 12px;\">Entrega de premios SCOTT MARATHON CUP XCP<\/td>\n<td style=\"padding: 10px 12px;\">ESCENARIO ZONA VERDA<\/td>\n<\/tr>\n<tr style=\"background: #fff;\">\n<td style=\"padding: 10px 12px;\">13.00h<\/td>\n<td style=\"padding: 10px 12px;\">Entrega de premios MINI DH<\/td>\n<td style=\"padding: 10px 12px;\">ZONA PUIG D&#8217;EN ROCA<\/td>\n<\/tr>\n<tr style=\"background: #fff;\">\n<td style=\"padding: 10px 12px;\">13.30h<\/td>\n<td style=\"padding: 10px 12px;\">Entrega de premios COPA GIRONA TRIAL<\/td>\n<td style=\"padding: 10px 12px;\">ZONA EURO MOBILITY<\/td>\n<\/tr>\n<tr style=\"background: #fff;\">\n<td style=\"padding: 10px 12px;\">13.30h<\/td>\n<td style=\"padding: 10px 12px;\">Entrega de premios SCOTT MARATHON CUP XCM<\/td>\n<td style=\"padding: 10px 12px;\">ESCENARIO ZONA VERDA<\/td>\n<\/tr>\n<tr style=\"background: #fff;\">\n<td style=\"padding: 10px 12px;\">14.00h<\/td>\n<td style=\"padding: 10px 12px;\">FIN DEMOBIKE<\/td>\n<td style=\"padding: 10px 12px;\">CIRCUITOS DEMOBIKE<\/td>\n<\/tr>\n<tr style=\"background: #fff;\">\n<td style=\"padding: 10px 12px;\"><strong>14.30h<\/strong><\/td>\n<td style=\"padding: 10px 12px;\" colspan=\"2\"><strong>CIERRE DEL FESTIVAL SEA OTTER EUROPE<\/strong><\/td>\n<\/tr>\n<tr style=\"background: #fff;\">\n<td style=\"padding: 10px 12px;\">14.30h<\/td>\n<td style=\"padding: 10px 12px;\">Entrega de premios UCI HERO LA TRAMUN<\/td>\n<td style=\"padding: 10px 12px;\">ESCENARIO ZONA VERDE EXTERIOR<\/td>\n<\/tr>\n<tr style=\"background: #fff;\">\n<td style=\"padding: 10px 12px;\">15.00h<\/td>\n<td style=\"padding: 10px 12px;\">Entrega de premios UCI HERO General<\/td>\n<td style=\"padding: 10px 12px;\">ESCENARIO ZONA VERDE EXTERIOR<\/td>\n<\/tr>\n<\/tbody>\n<\/table>\t\t\t\t\t\t\t\t<\/div>\n\t\t\t\t\t<\/div>\n\t\t\t\t<\/div>\n\t\t\t\t<\/div>\n\t\t","protected":false},"excerpt":{"rendered":"<p>Estamos trabajando en los horarios de las pruebas deportivas. Visita la p\u00e1gina m\u00e1s adelante. Gracias. Programa provisional sujeto a cambios Viernes 18 Hora Actividad Ubicaci\u00f3n 10.00h APERTURA DEL FESTIVAL FESTIVAL SEA OTTER EUROPE 11.00h INICIO DEMOBIKE CIRCUITOS DEMOBIKE 12.00h &#8211; 19.00h Entrenamientos XCO SALIDA XCO 13.00h &#8211; 15.30h Entrenamientos XCC\/XCE ZONA EURO MOBILITY 16.00h Entrenamientos&hellip;<\/p>\n","protected":false},"author":4,"featured_media":0,"parent":0,"menu_order":0,"comment_status":"closed","ping_status":"closed","template":"","meta":{"footnotes":""},"class_list":["post-41524","page","type-page","status-publish","hentry"],"_links":{"self":[{"href":"https:\/\/www.seaottereurope.com\/es\/wp-json\/wp\/v2\/pages\/41524","targetHints":{"allow":["GET"]}}],"collection":[{"href":"https:\/\/www.seaottereurope.com\/es\/wp-json\/wp\/v2\/pages"}],"about":[{"href":"https:\/\/www.seaottereurope.com\/es\/wp-json\/wp\/v2\/types\/page"}],"author":[{"embeddable":true,"href":"https:\/\/www.seaottereurope.com\/es\/wp-json\/wp\/v2\/users\/4"}],"replies":[{"embeddable":true,"href":"https:\/\/www.seaottereurope.com\/es\/wp-json\/wp\/v2\/comments?post=41524"}],"version-history":[{"count":23,"href":"https:\/\/www.seaottereurope.com\/es\/wp-json\/wp\/v2\/pages\/41524\/revisions"}],"predecessor-version":[{"id":620390,"href":"https:\/\/www.seaottereurope.com\/es\/wp-json\/wp\/v2\/pages\/41524\/revisions\/620390"}],"wp:attachment":[{"href":"https:\/\/www.seaottereurope.com\/es\/wp-json\/wp\/v2\/media?parent=41524"}],"curies":[{"name":"wp","href":"https:\/\/api.w.org\/{rel}","templated":true}]}}