{"id":41552,"date":"2025-10-03T12:49:22","date_gmt":"2025-10-03T10:49:22","guid":{"rendered":"https:\/\/seaottereurope.com\/?page_id=41552"},"modified":"2026-02-25T12:18:57","modified_gmt":"2026-02-25T11:18:57","slug":"acreditacion-expositor","status":"publish","type":"page","link":"https:\/\/www.seaottereurope.com\/es\/acreditacion-expositor\/","title":{"rendered":"Acreditaci\u00f3n expositor"},"content":{"rendered":"\t\t<div data-elementor-type=\"wp-page\" data-elementor-id=\"41552\" class=\"elementor elementor-41552\" data-elementor-post-type=\"page\">\n\t\t\t\t<div class=\"elementor-element elementor-element-2681ebb e-con-full e-flex e-con e-parent\" data-id=\"2681ebb\" data-element_type=\"container\" data-e-type=\"container\">\n\t\t<div class=\"elementor-element elementor-element-7c98f83 e-flex e-con-boxed e-con e-child\" data-id=\"7c98f83\" data-element_type=\"container\" data-e-type=\"container\">\n\t\t\t\t\t<div class=\"e-con-inner\">\n\t\t<div class=\"elementor-element elementor-element-064054b e-con-full e-flex e-con e-child\" data-id=\"064054b\" data-element_type=\"container\" data-e-type=\"container\">\n\t\t\t\t<div class=\"elementor-element elementor-element-34772e9 content-align-right the7-hover-visibility-disabled preserve-img-ratio-cover transform-overlay-yes exceeding-frame-yes elementor-widget elementor-widget-the7-image-widget\" data-id=\"34772e9\" data-element_type=\"widget\" data-e-type=\"widget\" data-settings=\"{&quot;hover_visibility&quot;:&quot;disabled&quot;}\" data-widget_type=\"the7-image-widget.default\">\n\t\t\t\t<div class=\"elementor-widget-container\">\n\t\t\t\t\t<div class=\"the7-image-container\"><div class=\"the7-image-wrapper the7-elementor-widget the7-transform-container\"><div class=\"post-thumbnail-rollover layzr-bg img-css-resize-wrapper\"><img fetchpriority=\"high\" decoding=\"async\" width=\"477\" height=\"581\" src=\"data:image\/svg+xml,%3Csvg%20xmlns%3D&#039;http%3A%2F%2Fwww.w3.org%2F2000%2Fsvg&#039;%20viewBox%3D&#039;0%200%20477%20581&#039;%2F%3E\" class=\"attachment-full size-full preload-me aspect lazy lazy-load\" alt=\"Acreditaci\u00f3n expo para los profesionales de las marcas expositoras del festival de ciclismo europeo Sea Otter Europe\" sizes=\"(max-width: 477px) 100vw, 477px\" style=\"--ratio: 477 \/ 581;\" data-src=\"https:\/\/www.seaottereurope.com\/wp-content\/uploads\/2025\/10\/acreditacion-soe-expo.png\" loading=\"eager\" data-srcset=\"https:\/\/www.seaottereurope.com\/wp-content\/uploads\/2025\/10\/acreditacion-soe-expo.png 477w, https:\/\/www.seaottereurope.com\/wp-content\/uploads\/2025\/10\/acreditacion-soe-expo-246x300.png 246w\" \/><\/div><\/div><\/div>\t\t\t\t<\/div>\n\t\t\t\t<\/div>\n\t\t\t\t<\/div>\n\t\t<div class=\"elementor-element elementor-element-870bdf6 e-con-full e-flex e-con e-child\" data-id=\"870bdf6\" data-element_type=\"container\" data-e-type=\"container\">\n\t\t\t\t<div class=\"elementor-element elementor-element-f4e30a8 elementor-widget elementor-widget-the7-heading\" data-id=\"f4e30a8\" data-element_type=\"widget\" data-e-type=\"widget\" data-widget_type=\"the7-heading.default\">\n\t\t\t\t<div class=\"elementor-widget-container\">\n\t\t\t\t\t<h3 class=\"the7-heading-title elementor-size-default\">CONSIGUE TU ACREDITACI\u00d3N<\/h3>\t\t\t\t<\/div>\n\t\t\t\t<\/div>\n\t\t\t\t<div class=\"elementor-element elementor-element-1359d8c elementor-widget-tablet__width-inherit elementor-widget elementor-widget-the7-heading\" data-id=\"1359d8c\" data-element_type=\"widget\" data-e-type=\"widget\" data-widget_type=\"the7-heading.default\">\n\t\t\t\t<div class=\"elementor-widget-container\">\n\t\t\t\t\t<div class=\"the7-heading-title elementor-size-default\">\u00bfEres un EXPOSITOR?<\/div>\t\t\t\t<\/div>\n\t\t\t\t<\/div>\n\t\t\t\t<div class=\"elementor-element elementor-element-5e41e97 elementor-widget-tablet__width-inherit elementor-widget elementor-widget-text-editor\" data-id=\"5e41e97\" data-element_type=\"widget\" data-e-type=\"widget\" data-widget_type=\"text-editor.default\">\n\t\t\t\t\t\t\t\t\t<p>Ser expositor en Sea Otter Europe, es mucho m\u00e1s que un espacio en el festival.\u00a0<span style=\"background-color: rgba(255, 255, 255, 0); word-spacing: normal;\">Con tu acreditaci\u00f3n, accedes a ventajas y servicios dise\u00f1ados para mejorar tu experiencia y maximizar tu presencia en el evento.<\/span><\/p><p>\u00a1Aprovecha todos los beneficios y vive Sea Otter Europe al m\u00e1ximo!<\/p>\t\t\t\t\t\t\t\t<\/div>\n\t\t\t\t<div class=\"elementor-element elementor-element-6be1dc4 elementor-widget elementor-widget-the7_button_widget\" data-id=\"6be1dc4\" data-element_type=\"widget\" data-e-type=\"widget\" data-widget_type=\"the7_button_widget.default\">\n\t\t\t\t<div class=\"elementor-widget-container\">\n\t\t\t\t\t<div class=\"elementor-button-wrapper\"><a href=\"https:\/\/seaottereurope.eventscase.com\/attendance\/event\/index\/44721\/ES?private_ticket_codes=7VzdKF&#038;categoryCode=c047\" target=\"_blank\" class=\"box-button elementor-button elementor-size-xl\" rel=\"noopener\">CONSIGUE TU ACREDITACI\u00d3N EXPO<\/a><\/div>\t\t\t\t<\/div>\n\t\t\t\t<\/div>\n\t\t\t\t<\/div>\n\t\t\t\t\t<\/div>\n\t\t\t\t<\/div>\n\t\t<div class=\"elementor-element elementor-element-5633eac e-flex e-con-boxed e-con e-child\" data-id=\"5633eac\" data-element_type=\"container\" data-e-type=\"container\">\n\t\t\t\t\t<div class=\"e-con-inner\">\n\t\t<div class=\"elementor-element elementor-element-488546e e-flex e-con-boxed e-con e-child\" data-id=\"488546e\" data-element_type=\"container\" data-e-type=\"container\">\n\t\t\t\t\t<div class=\"e-con-inner\">\n\t\t\t\t<div class=\"elementor-element elementor-element-8ac1b92 elementor-widget elementor-widget-the7-heading\" data-id=\"8ac1b92\" data-element_type=\"widget\" data-e-type=\"widget\" data-widget_type=\"the7-heading.default\">\n\t\t\t\t<div class=\"elementor-widget-container\">\n\t\t\t\t\t<h3 class=\"the7-heading-title elementor-size-default\">QU\u00c9 INCLUYE<\/h3>\t\t\t\t<\/div>\n\t\t\t\t<\/div>\n\t\t\t\t<div class=\"elementor-element elementor-element-0e13ad9 elementor-widget-tablet__width-inherit elementor-widget elementor-widget-text-editor\" data-id=\"0e13ad9\" data-element_type=\"widget\" data-e-type=\"widget\" data-widget_type=\"text-editor.default\">\n\t\t\t\t\t\t\t\t\t<p>Servicios exclusivos para expositores<\/p>\t\t\t\t\t\t\t\t<\/div>\n\t\t\t\t<div class=\"elementor-element elementor-element-e6d6fcc elementor-widget elementor-widget-text-editor\" data-id=\"e6d6fcc\" data-element_type=\"widget\" data-e-type=\"widget\" data-widget_type=\"text-editor.default\">\n\t\t\t\t\t\t\t\t\t<p>Todas las marcas expositoras y los profesionales que reservan<br \/>\u00a0la\u00a0acreditaci\u00f3n cuentan con los siguientes ventajas:<\/p>\t\t\t\t\t\t\t\t<\/div>\n\t\t\t\t\t<\/div>\n\t\t\t\t<\/div>\n\t\t\t\t\t<\/div>\n\t\t\t\t<\/div>\n\t\t<div class=\"elementor-element elementor-element-f53fe23 e-flex e-con-boxed e-con e-child\" data-id=\"f53fe23\" data-element_type=\"container\" data-e-type=\"container\">\n\t\t\t\t\t<div class=\"e-con-inner\">\n\t\t\t\t<div class=\"elementor-element elementor-element-fd148bd icon-position-top content-align-left icon-box-vertical-align-top icon-vertical-align-start elementor-widget elementor-widget-the7_icon_box_grid_widget\" data-id=\"fd148bd\" data-element_type=\"widget\" data-e-type=\"widget\" data-widget_type=\"the7_icon_box_grid_widget.default\">\n\t\t\t\t<div class=\"elementor-widget-container\">\n\t\t\t\t\t<div class=\"the7-box-grid-wrapper the7-elementor-widget loading-effect-none the7_icon_box_grid_widget-fd148bd\">\t\t\t<div class=\"dt-css-grid\">\n\t\t\t\t\t\t\t\t\t<div class=\"wf-cell shown\">\n\t\t\t\t\t\t<div class=\"the7-icon-box-grid\">\t\t\t\t\t\t\t<div class=\"box-content-wrapper\">\n\t\t\t\t\t\t\t\t\t\t\t\t\t\t\t\t\t<a class=\"elementor-icon-div\" href=\"\/es\/acreditacion-profesional\/#match\/\" aria-label=\"Sea Otter Europe Match\">\t\t\t\t\t\t\t\t\t\t<div class=\"elementor-icon\">\n\t\t\t\t\t\t\t\t\t\t\t<svg xmlns=\"http:\/\/www.w3.org\/2000\/svg\" width=\"56\" height=\"56\" fill=\"#000000\" viewBox=\"0 0 256 256\"><path d=\"M200,152l-40,40L96,176,40,136,72.68,70.63,128,56l55.32,14.63L183.6,72H144L98.34,116.29a8,8,0,0,0,1.38,12.42C117.23,139.9,141,139.13,160,120Z\" opacity=\"0.2\"><\/path><path d=\"M254.3,107.91,228.78,56.85a16,16,0,0,0-21.47-7.15L182.44,62.13,130.05,48.27a8.14,8.14,0,0,0-4.1,0L73.56,62.13,48.69,49.7a16,16,0,0,0-21.47,7.15L1.7,107.9a16,16,0,0,0,7.15,21.47l27,13.51,55.49,39.63a8.06,8.06,0,0,0,2.71,1.25l64,16a8,8,0,0,0,7.6-2.1l55.07-55.08,26.42-13.21a16,16,0,0,0,7.15-21.46Zm-54.89,33.37L165,113.72a8,8,0,0,0-10.68.61C136.51,132.27,116.66,130,104,122L147.24,80h31.81l27.21,54.41ZM41.53,64,62,74.22,36.43,125.27,16,115.06Zm116,119.13L99.42,168.61l-49.2-35.14,28-56L128,64.28l9.8,2.59-45,43.68-.08.09a16,16,0,0,0,2.72,24.81c20.56,13.13,45.37,11,64.91-5L188,152.66Zm62-57.87-25.52-51L214.47,64,240,115.06Zm-87.75,92.67a8,8,0,0,1-7.75,6.06,8.13,8.13,0,0,1-1.95-.24L80.41,213.33a7.89,7.89,0,0,1-2.71-1.25L51.35,193.26a8,8,0,0,1,9.3-13l25.11,17.94L126,208.24A8,8,0,0,1,131.82,217.94Z\"><\/path><\/svg>\t\t\t\t\t\t\t\t\t\t<\/div>\n\t\t\t\t\t\t\t\t\t<\/a>\t\t\t\t\t\t\t\t\t\t\t\t\t\t\t\t<div class=\"box-content\">\n\t\t\t\t\t\t\t\t\t\t\t\t\t\t\t\t\t\t\t\t\t\t\t\t\t\t\t\t\t<h4 class=\"box-heading\">\n\t\t\t\t\t\t\t\t\t\t\t<a href=\"\/es\/acreditacion-profesional\/#match\/\" aria-label=\"Sea Otter Europe Match\">\t\t\t\t\t\t\t\t\t\t\t\tSea Otter Europe Match\t\t\t\t\t\t\t\t\t\t\t<\/a>\t\t\t\t\t\t\t\t\t\t<\/h4>\n\t\t\t\t\t\t\t\t\t\t\t\t\t\t\t\t\t\t\t\t\t\t\t\t\t\t\t\t<div class=\"box-description\">Haz \u201cMatch\u201d con expositores e inicia conversaciones directamente para explorar oportunidades comerciales.<\/div>\n\t\t\t\t\t\t\t\t\t\t\t\t\t\t\t\t\t\t<a href=\"\/es\/acreditacion-profesional\/#match\/\" aria-label=\"Sea Otter Europe Match\" class=\"box-button elementor-button elementor-size-sm\">M\u00c1S INFO<\/a>\t\t\t\t\t\t\t\t<\/div>\n\t\t\t\t\t\t\t<\/div>\n\t\t\t\t\t\t<\/div>\t\t\t\t\t<\/div>\n\t\t\t\t\t\t\t\t\t<div class=\"wf-cell shown\">\n\t\t\t\t\t\t<div class=\"the7-icon-box-grid\">\t\t\t\t\t\t\t<div class=\"box-content-wrapper\">\n\t\t\t\t\t\t\t\t\t\t\t\t\t\t\t\t\t<a class=\"elementor-icon-div\" href=\"\/es\/acreditacion-profesional\/#club\/\" aria-label=\"Sea Otter Europe Business Club\">\t\t\t\t\t\t\t\t\t\t<div class=\"elementor-icon\">\n\t\t\t\t\t\t\t\t\t\t\t<svg xmlns=\"http:\/\/www.w3.org\/2000\/svg\" width=\"56\" height=\"56\" fill=\"#000000\" viewBox=\"0 0 256 256\"><path d=\"M224,40V76a8,8,0,0,1-16,0V48H180a8,8,0,0,1,0-16h36A8,8,0,0,1,224,40Zm-8,132a8,8,0,0,0-8,8v28H180a8,8,0,0,0,0,16h36a8,8,0,0,0,8-8V180A8,8,0,0,0,216,172ZM76,208H48V180a8,8,0,0,0-16,0v36a8,8,0,0,0,8,8H76a8,8,0,0,0,0-16ZM40,84a8,8,0,0,0,8-8V48H76a8,8,0,0,0,0-16H40a8,8,0,0,0-8,8V76A8,8,0,0,0,40,84Zm136,92a8,8,0,0,1-6.41-3.19,52,52,0,0,0-83.2,0,8,8,0,1,1-12.8-9.62A67.94,67.94,0,0,1,101,141.51a40,40,0,1,1,53.94,0,67.94,67.94,0,0,1,27.43,21.68A8,8,0,0,1,176,176Zm-48-40a24,24,0,1,0-24-24A24,24,0,0,0,128,136Z\"><\/path><\/svg>\t\t\t\t\t\t\t\t\t\t<\/div>\n\t\t\t\t\t\t\t\t\t<\/a>\t\t\t\t\t\t\t\t\t\t\t\t\t\t\t\t<div class=\"box-content\">\n\t\t\t\t\t\t\t\t\t\t\t\t\t\t\t\t\t\t\t\t\t\t\t\t\t\t\t\t\t<h4 class=\"box-heading\">\n\t\t\t\t\t\t\t\t\t\t\t<a href=\"\/es\/acreditacion-profesional\/#club\/\" aria-label=\"Sea Otter Europe Business Club\">\t\t\t\t\t\t\t\t\t\t\t\tSea Otter Europe Business Club\t\t\t\t\t\t\t\t\t\t\t<\/a>\t\t\t\t\t\t\t\t\t\t<\/h4>\n\t\t\t\t\t\t\t\t\t\t\t\t\t\t\t\t\t\t\t\t\t\t\t\t\t\t\t\t<div class=\"box-description\">Espacio tranquilo y reservado, equipado para tener un lugar para conectar y hacer networking.<\/div>\n\t\t\t\t\t\t\t\t\t\t\t\t\t\t\t\t\t\t<a href=\"\/es\/acreditacion-profesional\/#club\/\" aria-label=\"Sea Otter Europe Business Club\" class=\"box-button elementor-button elementor-size-sm\">M\u00c1S INFO<\/a>\t\t\t\t\t\t\t\t<\/div>\n\t\t\t\t\t\t\t<\/div>\n\t\t\t\t\t\t<\/div>\t\t\t\t\t<\/div>\n\t\t\t\t\t\t\t\t\t<div class=\"wf-cell shown\">\n\t\t\t\t\t\t<div class=\"the7-icon-box-grid\">\t\t\t\t\t\t\t<div class=\"box-content-wrapper\">\n\t\t\t\t\t\t\t\t\t\t\t\t\t\t\t\t\t<a class=\"elementor-icon-div\" href=\"\/es\/sea-otter-europe-connect\/\" aria-label=\"Sea Otter Europe Connect\">\t\t\t\t\t\t\t\t\t\t<div class=\"elementor-icon\">\n\t\t\t\t\t\t\t\t\t\t\t<svg xmlns=\"http:\/\/www.w3.org\/2000\/svg\" width=\"56\" height=\"56\" fill=\"#000000\" viewBox=\"0 0 256 256\"><path d=\"M244.8,150.4a8,8,0,0,1-11.2-1.6A51.6,51.6,0,0,0,192,128a8,8,0,0,1-7.37-4.89,8,8,0,0,1,0-6.22A8,8,0,0,1,192,112a24,24,0,1,0-23.24-30,8,8,0,1,1-15.5-4A40,40,0,1,1,219,117.51a67.94,67.94,0,0,1,27.43,21.68A8,8,0,0,1,244.8,150.4ZM190.92,212a8,8,0,1,1-13.84,8,57,57,0,0,0-98.16,0,8,8,0,1,1-13.84-8,72.06,72.06,0,0,1,33.74-29.92,48,48,0,1,1,58.36,0A72.06,72.06,0,0,1,190.92,212ZM128,176a32,32,0,1,0-32-32A32,32,0,0,0,128,176ZM72,120a8,8,0,0,0-8-8A24,24,0,1,1,87.24,82a8,8,0,1,0,15.5-4A40,40,0,1,0,37,117.51,67.94,67.94,0,0,0,9.6,139.19a8,8,0,1,0,12.8,9.61A51.6,51.6,0,0,1,64,128,8,8,0,0,0,72,120Z\"><\/path><\/svg>\t\t\t\t\t\t\t\t\t\t<\/div>\n\t\t\t\t\t\t\t\t\t<\/a>\t\t\t\t\t\t\t\t\t\t\t\t\t\t\t\t<div class=\"box-content\">\n\t\t\t\t\t\t\t\t\t\t\t\t\t\t\t\t\t\t\t\t\t\t\t\t\t\t\t\t\t<h4 class=\"box-heading\">\n\t\t\t\t\t\t\t\t\t\t\t<a href=\"\/es\/sea-otter-europe-connect\/\" aria-label=\"Sea Otter Europe Connect\">\t\t\t\t\t\t\t\t\t\t\t\tSea Otter Europe Connect\t\t\t\t\t\t\t\t\t\t\t<\/a>\t\t\t\t\t\t\t\t\t\t<\/h4>\n\t\t\t\t\t\t\t\t\t\t\t\t\t\t\t\t\t\t\t\t\t\t\t\t\t\t\t\t<div class=\"box-description\">Espacio exclusivo para profesionales del sector, con conferencias y ponencias de expertos de la industria.<\/div>\n\t\t\t\t\t\t\t\t\t\t\t\t\t\t\t\t\t\t<a href=\"\/es\/sea-otter-europe-connect\/\" aria-label=\"Sea Otter Europe Connect\" class=\"box-button elementor-button elementor-size-sm\">M\u00c1S INFO<\/a>\t\t\t\t\t\t\t\t<\/div>\n\t\t\t\t\t\t\t<\/div>\n\t\t\t\t\t\t<\/div>\t\t\t\t\t<\/div>\n\t\t\t\t\t\t\t\t\t<div class=\"wf-cell shown\">\n\t\t\t\t\t\t<div class=\"the7-icon-box-grid\">\t\t\t\t\t\t\t<div class=\"box-content-wrapper\">\n\t\t\t\t\t\t\t\t\t\t\t\t\t\t\t\t\t<a class=\"elementor-icon-div\" href=\"https:\/\/maps.app.goo.gl\/wznb1E6xAipmKzNt8\" target=\"_blank\" aria-label=\"Parking reservado\" rel=\"noopener\">\t\t\t\t\t\t\t\t\t\t<div class=\"elementor-icon\">\n\t\t\t\t\t\t\t\t\t\t\t<svg aria-hidden=\"true\" class=\"e-font-icon-svg e-fas-parking\" viewBox=\"0 0 448 512\" xmlns=\"http:\/\/www.w3.org\/2000\/svg\"><path d=\"M400 32H48C21.5 32 0 53.5 0 80v352c0 26.5 21.5 48 48 48h352c26.5 0 48-21.5 48-48V80c0-26.5-21.5-48-48-48zM240 320h-48v48c0 8.8-7.2 16-16 16h-32c-8.8 0-16-7.2-16-16V144c0-8.8 7.2-16 16-16h96c52.9 0 96 43.1 96 96s-43.1 96-96 96zm0-128h-48v64h48c17.6 0 32-14.4 32-32s-14.4-32-32-32z\"><\/path><\/svg>\t\t\t\t\t\t\t\t\t\t<\/div>\n\t\t\t\t\t\t\t\t\t<\/a>\t\t\t\t\t\t\t\t\t\t\t\t\t\t\t\t<div class=\"box-content\">\n\t\t\t\t\t\t\t\t\t\t\t\t\t\t\t\t\t\t\t\t\t\t\t\t\t\t\t\t\t<h4 class=\"box-heading\">\n\t\t\t\t\t\t\t\t\t\t\t<a href=\"https:\/\/maps.app.goo.gl\/wznb1E6xAipmKzNt8\" target=\"_blank\" aria-label=\"Parking reservado\" rel=\"noopener\">\t\t\t\t\t\t\t\t\t\t\t\tParking reservado\t\t\t\t\t\t\t\t\t\t\t<\/a>\t\t\t\t\t\t\t\t\t\t<\/h4>\n\t\t\t\t\t\t\t\t\t\t\t\t\t\t\t\t\t\t\t\t\t\t\t\t\t\t\t\t<div class=\"box-description\">Aparcamiento exclusivo cerca del festival para profesionales con acreditaci\u00f3n especial.<\/div>\n\t\t\t\t\t\t\t\t\t\t\t\t\t\t\t\t\t\t<a href=\"https:\/\/maps.app.goo.gl\/wznb1E6xAipmKzNt8\" target=\"_blank\" aria-label=\"Parking reservado\" class=\"box-button elementor-button elementor-size-sm\" rel=\"noopener\">VER MAPA<\/a>\t\t\t\t\t\t\t\t<\/div>\n\t\t\t\t\t\t\t<\/div>\n\t\t\t\t\t\t<\/div>\t\t\t\t\t<\/div>\n\t\t\t\t\t\t\t\t\t<div class=\"wf-cell shown\">\n\t\t\t\t\t\t<div class=\"the7-icon-box-grid\">\t\t\t\t\t\t\t<div class=\"box-content-wrapper\">\n\t\t\t\t\t\t\t\t\t\t\t\t\t\t\t\t\t<a class=\"elementor-icon-div\" href=\"https:\/\/seaottereurope.com\/es\/alojamiento\/\" aria-label=\"Alojamiento\">\t\t\t\t\t\t\t\t\t\t<div class=\"elementor-icon\">\n\t\t\t\t\t\t\t\t\t\t\t<svg aria-hidden=\"true\" class=\"e-font-icon-svg e-fas-bed\" viewBox=\"0 0 640 512\" xmlns=\"http:\/\/www.w3.org\/2000\/svg\"><path d=\"M176 256c44.11 0 80-35.89 80-80s-35.89-80-80-80-80 35.89-80 80 35.89 80 80 80zm352-128H304c-8.84 0-16 7.16-16 16v144H64V80c0-8.84-7.16-16-16-16H16C7.16 64 0 71.16 0 80v352c0 8.84 7.16 16 16 16h32c8.84 0 16-7.16 16-16v-48h512v48c0 8.84 7.16 16 16 16h32c8.84 0 16-7.16 16-16V240c0-61.86-50.14-112-112-112z\"><\/path><\/svg>\t\t\t\t\t\t\t\t\t\t<\/div>\n\t\t\t\t\t\t\t\t\t<\/a>\t\t\t\t\t\t\t\t\t\t\t\t\t\t\t\t<div class=\"box-content\">\n\t\t\t\t\t\t\t\t\t\t\t\t\t\t\t\t\t\t\t\t\t\t\t\t\t\t\t\t\t<h4 class=\"box-heading\">\n\t\t\t\t\t\t\t\t\t\t\t<a href=\"https:\/\/seaottereurope.com\/es\/alojamiento\/\" aria-label=\"Alojamiento\">\t\t\t\t\t\t\t\t\t\t\t\tAlojamiento\t\t\t\t\t\t\t\t\t\t\t<\/a>\t\t\t\t\t\t\t\t\t\t<\/h4>\n\t\t\t\t\t\t\t\t\t\t\t\t\t\t\t\t\t\t\t\t\t\t\t\t\t\t\t\t<div class=\"box-description\">Opci\u00f3n de alojarse en el hotel oficial del festival y poder disfrutar de tarifas especiales.<\/div>\n\t\t\t\t\t\t\t\t\t\t\t\t\t\t\t\t\t\t<a href=\"https:\/\/seaottereurope.com\/es\/alojamiento\/\" aria-label=\"Alojamiento\" class=\"box-button elementor-button elementor-size-sm\">DONDE ALOJARSE<\/a>\t\t\t\t\t\t\t\t<\/div>\n\t\t\t\t\t\t\t<\/div>\n\t\t\t\t\t\t<\/div>\t\t\t\t\t<\/div>\n\t\t\t\t\t\t\t<\/div>\n\t\t<\/div>\t\t\t\t<\/div>\n\t\t\t\t<\/div>\n\t\t\t\t\t<\/div>\n\t\t\t\t<\/div>\n\t\t\t\t<\/div>\n\t\t<div class=\"elementor-element elementor-element-284a8ec e-flex e-con-boxed e-con e-child\" data-id=\"284a8ec\" data-element_type=\"container\" data-e-type=\"container\">\n\t\t\t\t\t<div class=\"e-con-inner\">\n\t\t<div class=\"elementor-element elementor-element-1ac68cf e-con-full e-flex e-con e-child\" data-id=\"1ac68cf\" data-element_type=\"container\" data-e-type=\"container\">\n\t\t\t\t<div class=\"elementor-element elementor-element-07e6808 elementor-widget elementor-widget-menu-anchor\" data-id=\"07e6808\" data-element_type=\"widget\" data-e-type=\"widget\" data-widget_type=\"menu-anchor.default\">\n\t\t\t\t\t\t\t<div class=\"elementor-menu-anchor\" id=\"montaje\"><\/div>\n\t\t\t\t\t\t<\/div>\n\t\t\t\t<div class=\"elementor-element elementor-element-5c35d03 content-align-left icon-box-vertical-align-top icon-position-left icon-vertical-align-start elementor-widget elementor-widget-the7_icon_box_grid_widget\" data-id=\"5c35d03\" data-element_type=\"widget\" data-e-type=\"widget\" data-widget_type=\"the7_icon_box_grid_widget.default\">\n\t\t\t\t<div class=\"elementor-widget-container\">\n\t\t\t\t\t<div class=\"the7-box-grid-wrapper the7-elementor-widget loading-effect-none the7_icon_box_grid_widget-5c35d03\">\t\t\t<div class=\"dt-css-grid\">\n\t\t\t\t\t\t\t\t\t<div class=\"wf-cell shown\">\n\t\t\t\t\t\t<div class=\"the7-icon-box-grid\">\t\t\t\t\t\t\t<div class=\"box-content-wrapper\">\n\t\t\t\t\t\t\t\t\t\t\t\t\t\t\t\t\t<a class=\"elementor-icon-div\" href=\"https:\/\/eu.jotform.com\/form\/243254591338359\" target=\"_blank\" aria-label=\"Como expositor ofrecemos acceso anticipado al montaje del estand\" rel=\"noopener\">\t\t\t\t\t\t\t\t\t\t<div class=\"elementor-icon\">\n\t\t\t\t\t\t\t\t\t\t\t<svg aria-hidden=\"true\" class=\"e-font-icon-svg e-fas-shipping-fast\" viewBox=\"0 0 640 512\" xmlns=\"http:\/\/www.w3.org\/2000\/svg\"><path d=\"M624 352h-16V243.9c0-12.7-5.1-24.9-14.1-33.9L494 110.1c-9-9-21.2-14.1-33.9-14.1H416V48c0-26.5-21.5-48-48-48H112C85.5 0 64 21.5 64 48v48H8c-4.4 0-8 3.6-8 8v16c0 4.4 3.6 8 8 8h272c4.4 0 8 3.6 8 8v16c0 4.4-3.6 8-8 8H40c-4.4 0-8 3.6-8 8v16c0 4.4 3.6 8 8 8h208c4.4 0 8 3.6 8 8v16c0 4.4-3.6 8-8 8H8c-4.4 0-8 3.6-8 8v16c0 4.4 3.6 8 8 8h208c4.4 0 8 3.6 8 8v16c0 4.4-3.6 8-8 8H64v128c0 53 43 96 96 96s96-43 96-96h128c0 53 43 96 96 96s96-43 96-96h48c8.8 0 16-7.2 16-16v-32c0-8.8-7.2-16-16-16zM160 464c-26.5 0-48-21.5-48-48s21.5-48 48-48 48 21.5 48 48-21.5 48-48 48zm320 0c-26.5 0-48-21.5-48-48s21.5-48 48-48 48 21.5 48 48-21.5 48-48 48zm80-208H416V144h44.1l99.9 99.9V256z\"><\/path><\/svg>\t\t\t\t\t\t\t\t\t\t<\/div>\n\t\t\t\t\t\t\t\t\t<\/a>\t\t\t\t\t\t\t\t\t\t\t\t\t\t\t\t<div class=\"box-content\">\n\t\t\t\t\t\t\t\t\t\t\t\t\t\t\t\t\t\t\t\t\t\t\t\t\t\t\t\t\t<h4 class=\"box-heading\">\n\t\t\t\t\t\t\t\t\t\t\t<a href=\"https:\/\/eu.jotform.com\/form\/243254591338359\" target=\"_blank\" aria-label=\"Como expositor ofrecemos acceso anticipado al montaje del estand\" rel=\"noopener\">\t\t\t\t\t\t\t\t\t\t\t\tComo expositor ofrecemos acceso anticipado al montaje del estand\t\t\t\t\t\t\t\t\t\t\t<\/a>\t\t\t\t\t\t\t\t\t\t<\/h4>\n\t\t\t\t\t\t\t\t\t\t\t\t\t\t\t\t\t\t\t\t\t\t\t\t\t\t\t\t<div class=\"box-description\">Facilitamos el acceso anticipado a las jornadas de montaje de las marcas expositoras para que puedan instalar su estand y materiales con total tranquilidad.\n<br><br>\nPara agilizar el control de acceso al montaje del stand, es obligatorio completar el formulario de registro para montaje. El formulario estar\u00e1 <strong>abierto hasta el dia 14 de septiembre<\/strong> y puede modificarse en caso de que se necesite actualizar la informaci\u00f3n.<\/div>\n\t\t\t\t\t\t\t\t\t\t\t\t\t\t\t\t\t\t<a href=\"https:\/\/eu.jotform.com\/form\/243254591338359\" target=\"_blank\" aria-label=\"Como expositor ofrecemos acceso anticipado al montaje del estand\" class=\"box-button elementor-button elementor-size-sm\" rel=\"noopener\">RELLENAR FORMULARIO (PR\u00d3XIMAMENTE)<svg aria-hidden=\"true\" class=\"elementor-button-icon e-font-icon-svg e-fas-external-link-alt\" viewBox=\"0 0 512 512\" xmlns=\"http:\/\/www.w3.org\/2000\/svg\"><path d=\"M432,320H400a16,16,0,0,0-16,16V448H64V128H208a16,16,0,0,0,16-16V80a16,16,0,0,0-16-16H48A48,48,0,0,0,0,112V464a48,48,0,0,0,48,48H400a48,48,0,0,0,48-48V336A16,16,0,0,0,432,320ZM488,0h-128c-21.37,0-32.05,25.91-17,41l35.73,35.73L135,320.37a24,24,0,0,0,0,34L157.67,377a24,24,0,0,0,34,0L435.28,133.32,471,169c15,15,41,4.5,41-17V24A24,24,0,0,0,488,0Z\"><\/path><\/svg><\/a>\t\t\t\t\t\t\t\t<\/div>\n\t\t\t\t\t\t\t<\/div>\n\t\t\t\t\t\t<\/div>\t\t\t\t\t<\/div>\n\t\t\t\t\t\t\t<\/div>\n\t\t<\/div>\t\t\t\t<\/div>\n\t\t\t\t<\/div>\n\t\t\t\t<\/div>\n\t\t\t\t\t<\/div>\n\t\t\t\t<\/div>\n\t\t<div class=\"elementor-element elementor-element-249208e e-flex e-con-boxed e-con e-child\" data-id=\"249208e\" data-element_type=\"container\" data-e-type=\"container\">\n\t\t\t\t\t<div class=\"e-con-inner\">\n\t\t\t\t<div class=\"elementor-element elementor-element-6142f76 elementor-cta--layout-image-left elementor-cta--skin-classic elementor-animated-content elementor-bg-transform elementor-bg-transform-zoom-in elementor-widget elementor-widget-call-to-action\" data-id=\"6142f76\" data-element_type=\"widget\" data-e-type=\"widget\" data-widget_type=\"call-to-action.default\">\n\t\t\t\t\t\t\t<div class=\"elementor-cta\">\n\t\t\t\t\t\t\t<div class=\"elementor-cta__content\">\n\t\t\t\t\n\t\t\t\t\t\t\t\t\t<h2 class=\"elementor-cta__title elementor-cta__content-item elementor-content-item\">\n\t\t\t\t\t\tATENCI\u00d3N:\t\t\t\t\t<\/h2>\n\t\t\t\t\n\t\t\t\t\t\t\t\t\t<div class=\"elementor-cta__description elementor-cta__content-item elementor-content-item\">\n\t\t\t\t\t\tPara acceder al evento, debes recoger tu entrada expo mostrando el c\u00f3digo QR de tu perfil en la sala de acreditaciones que encontrar\u00e1s dentro del pabell\u00f3n municipal Fontajau.\t\t\t\t\t<\/div>\n\t\t\t\t\n\t\t\t\t\t\t\t<\/div>\n\t\t\t\t\t\t<\/div>\n\t\t\t\t\t\t<\/div>\n\t\t\t\t\t<\/div>\n\t\t\t\t<\/div>\n\t\t\t\t<\/div>\n\t\t","protected":false},"excerpt":{"rendered":"<p>CONSIGUE TU ACREDITACI\u00d3N \u00bfEres un EXPOSITOR? Ser expositor en Sea Otter Europe, es mucho m\u00e1s que un espacio en el festival.\u00a0Con tu acreditaci\u00f3n, accedes a ventajas y servicios dise\u00f1ados para mejorar tu experiencia y maximizar tu presencia en el evento. \u00a1Aprovecha todos los beneficios y vive Sea Otter Europe al m\u00e1ximo! CONSIGUE TU ACREDITACI\u00d3N EXPO&hellip;<\/p>\n","protected":false},"author":4,"featured_media":0,"parent":0,"menu_order":2,"comment_status":"closed","ping_status":"closed","template":"","meta":{"footnotes":""},"class_list":["post-41552","page","type-page","status-publish","hentry"],"_links":{"self":[{"href":"https:\/\/www.seaottereurope.com\/es\/wp-json\/wp\/v2\/pages\/41552","targetHints":{"allow":["GET"]}}],"collection":[{"href":"https:\/\/www.seaottereurope.com\/es\/wp-json\/wp\/v2\/pages"}],"about":[{"href":"https:\/\/www.seaottereurope.com\/es\/wp-json\/wp\/v2\/types\/page"}],"author":[{"embeddable":true,"href":"https:\/\/www.seaottereurope.com\/es\/wp-json\/wp\/v2\/users\/4"}],"replies":[{"embeddable":true,"href":"https:\/\/www.seaottereurope.com\/es\/wp-json\/wp\/v2\/comments?post=41552"}],"version-history":[{"count":107,"href":"https:\/\/www.seaottereurope.com\/es\/wp-json\/wp\/v2\/pages\/41552\/revisions"}],"predecessor-version":[{"id":621985,"href":"https:\/\/www.seaottereurope.com\/es\/wp-json\/wp\/v2\/pages\/41552\/revisions\/621985"}],"wp:attachment":[{"href":"https:\/\/www.seaottereurope.com\/es\/wp-json\/wp\/v2\/media?parent=41552"}],"curies":[{"name":"wp","href":"https:\/\/api.w.org\/{rel}","templated":true}]}}