{"id":42375,"date":"2025-10-20T08:58:09","date_gmt":"2025-10-20T06:58:09","guid":{"rendered":"https:\/\/seaottereurope.com\/?page_id=42375"},"modified":"2026-02-12T16:22:13","modified_gmt":"2026-02-12T15:22:13","slug":"aplicacion-oficial-sea-otter-europe","status":"publish","type":"page","link":"https:\/\/www.seaottereurope.com\/es\/aplicacion-oficial-sea-otter-europe\/","title":{"rendered":"Aplicaci\u00f3n oficial Sea Otter Europe"},"content":{"rendered":"\t\t<div data-elementor-type=\"wp-page\" data-elementor-id=\"42375\" class=\"elementor elementor-42375\" data-elementor-post-type=\"page\">\n\t\t\t\t<div class=\"elementor-element elementor-element-4b52ffc e-con-full e-flex e-con e-parent\" data-id=\"4b52ffc\" data-element_type=\"container\" data-e-type=\"container\" data-settings=\"{&quot;background_background&quot;:&quot;classic&quot;}\">\n\t\t<div class=\"elementor-element elementor-element-1e22726 e-flex e-con-boxed e-con e-child\" data-id=\"1e22726\" data-element_type=\"container\" data-e-type=\"container\">\n\t\t\t\t\t<div class=\"e-con-inner\">\n\t\t<div class=\"elementor-element elementor-element-7ebc465 e-con-full e-flex e-con e-child\" data-id=\"7ebc465\" data-element_type=\"container\" data-e-type=\"container\" data-settings=\"{&quot;background_background&quot;:&quot;classic&quot;}\">\n\t\t\t\t<div class=\"elementor-element elementor-element-b5128da elementor-widget elementor-widget-the7-heading\" data-id=\"b5128da\" data-element_type=\"widget\" data-e-type=\"widget\" data-widget_type=\"the7-heading.default\">\n\t\t\t\t<div class=\"elementor-widget-container\">\n\t\t\t\t\t<h3 class=\"the7-heading-title elementor-size-default\">Aplicaci\u00f3n oficial<\/h3>\t\t\t\t<\/div>\n\t\t\t\t<\/div>\n\t\t\t\t<div class=\"elementor-element elementor-element-8596169 elementor-widget-tablet__width-inherit elementor-widget elementor-widget-text-editor\" data-id=\"8596169\" data-element_type=\"widget\" data-e-type=\"widget\" data-widget_type=\"text-editor.default\">\n\t\t\t\t\t\t\t\t\t<p>Desc\u00e1rgate nuestra app<\/p>\t\t\t\t\t\t\t\t<\/div>\n\t\t\t\t<div class=\"elementor-element elementor-element-d587a5c elementor-widget-tablet__width-inherit elementor-widget elementor-widget-text-editor\" data-id=\"d587a5c\" data-element_type=\"widget\" data-e-type=\"widget\" data-widget_type=\"text-editor.default\">\n\t\t\t\t\t\t\t\t\t<p>La app oficial de\u00a0<strong>Sea Otter Europe\u00a0<\/strong>es la herramienta ideal para profesionales y empresas del sector.<\/p><p>Dise\u00f1ada para facilitar networking y generar nuevas oportunidades de negocio, te permite ampliar tu red de contactos de forma r\u00e1pida y estrat\u00e9gica durante el festival.<\/p>\t\t\t\t\t\t\t\t<\/div>\n\t\t\t\t<div class=\"elementor-element elementor-element-7aa7068 elementor-widget-tablet__width-inherit elementor-widget elementor-widget-text-editor\" data-id=\"7aa7068\" data-element_type=\"widget\" data-e-type=\"widget\" data-widget_type=\"text-editor.default\">\n\t\t\t\t\t\t\t\t\t<p><strong>1.-<\/strong>\u00a0Si eres visitante accede a las opciones generales de la app: listado expositores, mapa expo, reservar demobike y\/o conseguir tu entrada de visitante gratuita.<\/p><p><strong>2.-<\/strong>\u00a0Si eres profesional\u00a0<span style=\"background-color: rgba(255, 255, 255, 0); word-spacing: normal;\">inicia sesi\u00f3n con tus credenciales en\u00a0<\/span><span style=\"background-color: rgba(255, 255, 255, 0); word-spacing: normal; font-weight: bold;\">Sea Otter Europe<\/span><span style=\"background-color: rgba(255, 255, 255, 0); word-spacing: normal;\"> y e<\/span><span style=\"background-color: rgba(255, 255, 255, 0); word-spacing: normal;\">mpieza a hacer networking con expositores y otros profesionales.<\/span><\/p>\t\t\t\t\t\t\t\t<\/div>\n\t\t\t\t<div class=\"elementor-element elementor-element-f6f9efa elementor-widget-tablet__width-inherit elementor-widget elementor-widget-text-editor\" data-id=\"f6f9efa\" data-element_type=\"widget\" data-e-type=\"widget\" data-widget_type=\"text-editor.default\">\n\t\t\t\t\t\t\t\t\t<p>Desc\u00e1rgate la aplicaci\u00f3n\u00a0<strong>Sea Otter Europe<\/strong> en el m\u00f3vil para acceder a todas las funcionalidades para visitante o profesionales:<\/p>\t\t\t\t\t\t\t\t<\/div>\n\t\t<div class=\"elementor-element elementor-element-c0646b2 e-con-full e-grid e-con e-child\" data-id=\"c0646b2\" data-element_type=\"container\" data-e-type=\"container\">\n\t\t\t\t<div class=\"elementor-element elementor-element-ba0f155 elementor-widget elementor-widget-image\" data-id=\"ba0f155\" data-element_type=\"widget\" data-e-type=\"widget\" data-widget_type=\"image.default\">\n\t\t\t\t\t\t\t\t\t\t\t\t\t\t\t\t<a href=\"https:\/\/apps.apple.com\/es\/app\/sea-otter-europe-match\/id6504678664\" target=\"_blank\" rel=\"noopener\">\n\t\t\t\t\t\t\t<img decoding=\"async\" width=\"200\" height=\"62\" src=\"https:\/\/www.seaottereurope.com\/wp-content\/uploads\/2025\/10\/app-sea-otter-europe-match-apple-store-200x62-1.png\" class=\"attachment-large size-large wp-image-42346\" alt=\"Bot\u00f3n para descargar en App Store la aplicaci\u00f3n Sea Otter Europe en el m\u00f3vil para dispositivos iOS\" \/>\t\t\t\t\t\t\t\t<\/a>\n\t\t\t\t\t\t\t\t\t\t\t\t\t\t\t<\/div>\n\t\t\t\t<div class=\"elementor-element elementor-element-806799f elementor-widget elementor-widget-image\" data-id=\"806799f\" data-element_type=\"widget\" data-e-type=\"widget\" data-widget_type=\"image.default\">\n\t\t\t\t\t\t\t\t\t\t\t\t\t\t\t\t<a href=\"https:\/\/play.google.com\/store\/apps\/details?id=com.eventscase.soematch\" target=\"_blank\" rel=\"noopener\">\n\t\t\t\t\t\t\t<img decoding=\"async\" width=\"200\" height=\"63\" src=\"https:\/\/www.seaottereurope.com\/wp-content\/uploads\/2025\/10\/app-sea-otter-europe-match-google-play-store-200x63-1.png\" class=\"attachment-large size-large wp-image-42347\" alt=\"Bot\u00f3n para descargar en Google Play la aplicaci\u00f3n Sea Otter Europe en el m\u00f3vil para dispositivos Android\" \/>\t\t\t\t\t\t\t\t<\/a>\n\t\t\t\t\t\t\t\t\t\t\t\t\t\t\t<\/div>\n\t\t\t\t<\/div>\n\t\t\t\t<\/div>\n\t\t<div class=\"elementor-element elementor-element-5dc0198 e-con-full e-flex e-con e-child\" data-id=\"5dc0198\" data-element_type=\"container\" data-e-type=\"container\" data-settings=\"{&quot;background_background&quot;:&quot;classic&quot;}\">\n\t\t\t\t<div class=\"elementor-element elementor-element-83cff4d content-align-left the7-hover-visibility-disabled transform-overlay-yes exceeding-frame-yes elementor-widget elementor-widget-the7-image-widget\" data-id=\"83cff4d\" data-element_type=\"widget\" data-e-type=\"widget\" data-settings=\"{&quot;hover_visibility&quot;:&quot;disabled&quot;}\" data-widget_type=\"the7-image-widget.default\">\n\t\t\t\t<div class=\"elementor-widget-container\">\n\t\t\t\t\t<div class=\"the7-image-container\"><div class=\"the7-image-wrapper the7-elementor-widget the7-transform-container\"><div class=\"post-thumbnail-rollover layzr-bg img-css-resize-wrapper\"><img fetchpriority=\"high\" decoding=\"async\" width=\"1707\" height=\"2560\" src=\"data:image\/svg+xml,%3Csvg%20xmlns%3D&#039;http%3A%2F%2Fwww.w3.org%2F2000%2Fsvg&#039;%20viewBox%3D&#039;0%200%201707%202560&#039;%2F%3E\" class=\"attachment-full size-full preload-me aspect lazy lazy-load\" alt=\"\" sizes=\"(max-width: 1707px) 100vw, 1707px\" style=\"--ratio: 1707 \/ 2560;\" data-src=\"https:\/\/www.seaottereurope.com\/wp-content\/uploads\/2026\/02\/mockup_app_soe_26-scaled.jpg\" loading=\"eager\" data-srcset=\"https:\/\/www.seaottereurope.com\/wp-content\/uploads\/2026\/02\/mockup_app_soe_26-scaled.jpg 1707w, https:\/\/www.seaottereurope.com\/wp-content\/uploads\/2026\/02\/mockup_app_soe_26-200x300.jpg 200w, https:\/\/www.seaottereurope.com\/wp-content\/uploads\/2026\/02\/mockup_app_soe_26-683x1024.jpg 683w, https:\/\/www.seaottereurope.com\/wp-content\/uploads\/2026\/02\/mockup_app_soe_26-768x1152.jpg 768w, https:\/\/www.seaottereurope.com\/wp-content\/uploads\/2026\/02\/mockup_app_soe_26-1024x1536.jpg 1024w, https:\/\/www.seaottereurope.com\/wp-content\/uploads\/2026\/02\/mockup_app_soe_26-1365x2048.jpg 1365w\" \/><\/div><\/div><\/div>\t\t\t\t<\/div>\n\t\t\t\t<\/div>\n\t\t\t\t<\/div>\n\t\t\t\t\t<\/div>\n\t\t\t\t<\/div>\n\t\t\t\t<\/div>\n\t\t\t\t<\/div>\n\t\t","protected":false},"excerpt":{"rendered":"<p>Aplicaci\u00f3n oficial Desc\u00e1rgate nuestra app La app oficial de\u00a0Sea Otter Europe\u00a0es la herramienta ideal para profesionales y empresas del sector. Dise\u00f1ada para facilitar networking y generar nuevas oportunidades de negocio, te permite ampliar tu red de contactos de forma r\u00e1pida y estrat\u00e9gica durante el festival. 1.-\u00a0Si eres visitante accede a las opciones generales de la&hellip;<\/p>\n","protected":false},"author":4,"featured_media":0,"parent":0,"menu_order":0,"comment_status":"closed","ping_status":"closed","template":"","meta":{"footnotes":""},"class_list":["post-42375","page","type-page","status-publish","hentry"],"_links":{"self":[{"href":"https:\/\/www.seaottereurope.com\/es\/wp-json\/wp\/v2\/pages\/42375","targetHints":{"allow":["GET"]}}],"collection":[{"href":"https:\/\/www.seaottereurope.com\/es\/wp-json\/wp\/v2\/pages"}],"about":[{"href":"https:\/\/www.seaottereurope.com\/es\/wp-json\/wp\/v2\/types\/page"}],"author":[{"embeddable":true,"href":"https:\/\/www.seaottereurope.com\/es\/wp-json\/wp\/v2\/users\/4"}],"replies":[{"embeddable":true,"href":"https:\/\/www.seaottereurope.com\/es\/wp-json\/wp\/v2\/comments?post=42375"}],"version-history":[{"count":10,"href":"https:\/\/www.seaottereurope.com\/es\/wp-json\/wp\/v2\/pages\/42375\/revisions"}],"predecessor-version":[{"id":621093,"href":"https:\/\/www.seaottereurope.com\/es\/wp-json\/wp\/v2\/pages\/42375\/revisions\/621093"}],"wp:attachment":[{"href":"https:\/\/www.seaottereurope.com\/es\/wp-json\/wp\/v2\/media?parent=42375"}],"curies":[{"name":"wp","href":"https:\/\/api.w.org\/{rel}","templated":true}]}}