{"id":45623,"date":"2025-08-05T12:03:08","date_gmt":"2025-08-05T10:03:08","guid":{"rendered":"https:\/\/seaottereurope.com\/liste-des-exposants\/"},"modified":"2026-02-24T12:27:43","modified_gmt":"2026-02-24T11:27:43","slug":"liste-des-exposants","status":"publish","type":"page","link":"https:\/\/www.seaottereurope.com\/fr\/liste-des-exposants\/","title":{"rendered":"Liste des exposants"},"content":{"rendered":"\t\t<div data-elementor-type=\"wp-page\" data-elementor-id=\"45623\" class=\"elementor elementor-45623 elementor-41020\" data-elementor-post-type=\"page\">\n\t\t\t\t<div class=\"elementor-element elementor-element-7721b66 e-con-full e-flex e-con e-parent\" data-id=\"7721b66\" data-element_type=\"container\" data-e-type=\"container\">\n\t\t<div class=\"elementor-element elementor-element-0063073 e-flex e-con-boxed e-con e-child\" data-id=\"0063073\" data-element_type=\"container\" data-e-type=\"container\">\n\t\t\t\t\t<div class=\"e-con-inner\">\n\t\t<div class=\"elementor-element elementor-element-b4ecafa e-con-full e-flex e-con e-child\" data-id=\"b4ecafa\" data-element_type=\"container\" data-e-type=\"container\">\n\t\t\t\t<div class=\"elementor-element elementor-element-6b96b4c content-align-left icon-box-vertical-align-top icon-position-left icon-vertical-align-start elementor-widget elementor-widget-the7_icon_box_grid_widget\" data-id=\"6b96b4c\" data-element_type=\"widget\" data-e-type=\"widget\" data-widget_type=\"the7_icon_box_grid_widget.default\">\n\t\t\t\t<div class=\"elementor-widget-container\">\n\t\t\t\t\t<div class=\"the7-box-grid-wrapper the7-elementor-widget loading-effect-none the7_icon_box_grid_widget-6b96b4c\">\t\t\t<div class=\"dt-css-grid\">\n\t\t\t\t\t\t\t\t\t<div class=\"wf-cell shown\">\n\t\t\t\t\t\t<div class=\"the7-icon-box-grid\">\t\t\t\t\t\t\t<div class=\"box-content-wrapper\">\n\t\t\t\t\t\t\t\t\t\t\t\t\t\t\t\t\t<a class=\"elementor-icon-div\" aria-label=\"Nous travaillons actuellement sur la liste des exposants\">\t\t\t\t\t\t\t\t\t\t<div class=\"elementor-icon\">\n\t\t\t\t\t\t\t\t\t\t\t<svg aria-hidden=\"true\" class=\"e-font-icon-svg e-fas-info-circle\" viewBox=\"0 0 512 512\" xmlns=\"http:\/\/www.w3.org\/2000\/svg\"><path d=\"M256 8C119.043 8 8 119.083 8 256c0 136.997 111.043 248 248 248s248-111.003 248-248C504 119.083 392.957 8 256 8zm0 110c23.196 0 42 18.804 42 42s-18.804 42-42 42-42-18.804-42-42 18.804-42 42-42zm56 254c0 6.627-5.373 12-12 12h-88c-6.627 0-12-5.373-12-12v-24c0-6.627 5.373-12 12-12h12v-64h-12c-6.627 0-12-5.373-12-12v-24c0-6.627 5.373-12 12-12h64c6.627 0 12 5.373 12 12v100h12c6.627 0 12 5.373 12 12v24z\"><\/path><\/svg>\t\t\t\t\t\t\t\t\t\t<\/div>\n\t\t\t\t\t\t\t\t\t<\/a>\t\t\t\t\t\t\t\t\t\t\t\t\t\t\t\t<div class=\"box-content\">\n\t\t\t\t\t\t\t\t\t\t\t\t\t\t\t\t\t\t\t\t\t\t\t\t\t\t\t\t\t<h4 class=\"box-heading\">\n\t\t\t\t\t\t\t\t\t\t\t<a aria-label=\"Nous travaillons actuellement sur la liste des exposants\">\t\t\t\t\t\t\t\t\t\t\t\tNous travaillons actuellement sur la liste des exposants\t\t\t\t\t\t\t\t\t\t\t<\/a>\t\t\t\t\t\t\t\t\t\t<\/h4>\n\t\t\t\t\t\t\t\t\t\t\t\t\t\t\t\t\t\t\t\t\t\t\t\t\t\t\t\t<div class=\"box-description\">Notre vaste zone d\u2019exposition est le point de rencontre le plus complet de l\u2019industrie cycliste europ\u00e9enne ; vous pourrez bient\u00f4t consulter les exposants de 2026. \n<br><br>\nUtilisez cette liste pour planifier votre visite, entrer en contact avec les fabricants et localiser les stands cl\u00e9s proposant des d\u00e9monstrations de produits, ou utilisez le filtre pour trouver vos marques pr\u00e9f\u00e9r\u00e9es.<\/div>\n\t\t\t\t\t\t\t\t\t\t\t\t\t\t\t\t\t\t\t\t\t\t\t\t\t\t<\/div>\n\t\t\t\t\t\t\t<\/div>\n\t\t\t\t\t\t<\/div>\t\t\t\t\t<\/div>\n\t\t\t\t\t\t\t<\/div>\n\t\t<\/div>\t\t\t\t<\/div>\n\t\t\t\t<\/div>\n\t\t\t\t<\/div>\n\t\t<div class=\"elementor-element elementor-element-602feb8 e-con-full e-flex e-con e-child\" data-id=\"602feb8\" data-element_type=\"container\" data-e-type=\"container\">\n\t\t\t\t<div class=\"elementor-element elementor-element-da16c9b elementor-widget elementor-widget-image\" data-id=\"da16c9b\" data-element_type=\"widget\" data-e-type=\"widget\" data-widget_type=\"image.default\">\n\t\t\t\t\t\t\t\t\t\t\t\t\t\t\t<img fetchpriority=\"high\" decoding=\"async\" width=\"1024\" height=\"683\" src=\"https:\/\/www.seaottereurope.com\/wp-content\/uploads\/2025\/11\/apertura-marcas-soe-1024x683.jpg\" class=\"attachment-large size-large wp-image-619042\" alt=\"\" srcset=\"https:\/\/www.seaottereurope.com\/wp-content\/uploads\/2025\/11\/apertura-marcas-soe-1024x683.jpg 1024w, https:\/\/www.seaottereurope.com\/wp-content\/uploads\/2025\/11\/apertura-marcas-soe-300x200.jpg 300w, https:\/\/www.seaottereurope.com\/wp-content\/uploads\/2025\/11\/apertura-marcas-soe-768x512.jpg 768w, https:\/\/www.seaottereurope.com\/wp-content\/uploads\/2025\/11\/apertura-marcas-soe.jpg 1500w\" sizes=\"(max-width: 1024px) 100vw, 1024px\" \/>\t\t\t\t\t\t\t\t\t\t\t\t\t\t\t<\/div>\n\t\t\t\t<\/div>\n\t\t\t\t\t<\/div>\n\t\t\t\t<\/div>\n\t\t\t\t<\/div>\n\t\t\t\t<\/div>\n\t\t","protected":false},"excerpt":{"rendered":"<p>Nous travaillons actuellement sur la liste des exposants Notre vaste zone d\u2019exposition est le point de rencontre le plus complet de l\u2019industrie cycliste europ\u00e9enne ; vous pourrez bient\u00f4t consulter les exposants de 2026. Utilisez cette liste pour planifier votre visite, entrer en contact avec les fabricants et localiser les stands cl\u00e9s proposant des d\u00e9monstrations de&hellip;<\/p>\n","protected":false},"author":4,"featured_media":0,"parent":0,"menu_order":0,"comment_status":"closed","ping_status":"closed","template":"","meta":{"footnotes":""},"class_list":["post-45623","page","type-page","status-publish","hentry"],"_links":{"self":[{"href":"https:\/\/www.seaottereurope.com\/fr\/wp-json\/wp\/v2\/pages\/45623","targetHints":{"allow":["GET"]}}],"collection":[{"href":"https:\/\/www.seaottereurope.com\/fr\/wp-json\/wp\/v2\/pages"}],"about":[{"href":"https:\/\/www.seaottereurope.com\/fr\/wp-json\/wp\/v2\/types\/page"}],"author":[{"embeddable":true,"href":"https:\/\/www.seaottereurope.com\/fr\/wp-json\/wp\/v2\/users\/4"}],"replies":[{"embeddable":true,"href":"https:\/\/www.seaottereurope.com\/fr\/wp-json\/wp\/v2\/comments?post=45623"}],"version-history":[{"count":6,"href":"https:\/\/www.seaottereurope.com\/fr\/wp-json\/wp\/v2\/pages\/45623\/revisions"}],"predecessor-version":[{"id":621869,"href":"https:\/\/www.seaottereurope.com\/fr\/wp-json\/wp\/v2\/pages\/45623\/revisions\/621869"}],"wp:attachment":[{"href":"https:\/\/www.seaottereurope.com\/fr\/wp-json\/wp\/v2\/media?parent=45623"}],"curies":[{"name":"wp","href":"https:\/\/api.w.org\/{rel}","templated":true}]}}