{"id":45648,"date":"2025-10-03T12:05:28","date_gmt":"2025-10-03T10:05:28","guid":{"rendered":"https:\/\/seaottereurope.com\/programme-sportif\/"},"modified":"2026-02-05T10:57:51","modified_gmt":"2026-02-05T09:57:51","slug":"horaires-des-epreuves-sportives","status":"publish","type":"page","link":"https:\/\/www.seaottereurope.com\/fr\/horaires-des-epreuves-sportives\/","title":{"rendered":"Horaires des \u00e9preuves sportives"},"content":{"rendered":"\t\t<div data-elementor-type=\"wp-page\" data-elementor-id=\"45648\" class=\"elementor elementor-45648 elementor-41524\" data-elementor-post-type=\"page\">\n\t\t\t\t<div class=\"elementor-element elementor-element-006ad0a e-flex e-con-boxed e-con e-parent\" data-id=\"006ad0a\" data-element_type=\"container\" data-e-type=\"container\">\n\t\t\t\t\t<div class=\"e-con-inner\">\n\t\t\t\t<div class=\"elementor-element elementor-element-72956fa elementor-widget elementor-widget-text-editor\" data-id=\"72956fa\" data-element_type=\"widget\" data-e-type=\"widget\" data-widget_type=\"text-editor.default\">\n\t\t\t\t\t\t\t\t\t<p>Nous travaillons sur les horaires des \u00e9preuves sportives.<\/p><p>Veuillez consulter la page ult\u00e9rieurement. Merci. <\/p>\t\t\t\t\t\t\t\t<\/div>\n\t\t\t\t\t<\/div>\n\t\t\t\t<\/div>\n\t\t<div class=\"elementor-element elementor-element-7b2dd75 elementor-hidden-desktop elementor-hidden-tablet elementor-hidden-mobile e-flex e-con-boxed e-con e-parent\" data-id=\"7b2dd75\" data-element_type=\"container\" data-e-type=\"container\">\n\t\t\t\t\t<div class=\"e-con-inner\">\n\t\t\t\t<div class=\"elementor-element elementor-element-18a7799 elementor-widget elementor-widget-text-editor\" data-id=\"18a7799\" data-element_type=\"widget\" data-e-type=\"widget\" data-widget_type=\"text-editor.default\">\n\t\t\t\t\t\t\t\t\t<p>Programme provisoire susceptible de modifications<\/p>\t\t\t\t\t\t\t\t<\/div>\n\t\t\t\t<div class=\"elementor-element elementor-element-3cb27c1 elementor-widget elementor-widget-text-editor\" data-id=\"3cb27c1\" data-element_type=\"widget\" data-e-type=\"widget\" data-widget_type=\"text-editor.default\">\n\t\t\t\t\t\t\t\t\t<h2>Vendredi&nbsp;18<\/h2><table style=\"width: 100%; border-collapse: separate; border-spacing: 0 1px; background: #cfcfcf; font-family: Arial, sans-serif; font-size: 14px;\"><thead><tr style=\"background: #f5f5f5;\"><th style=\"padding: 10px 12px; text-align: left;\">Heure<\/th><th style=\"padding: 10px 12px; text-align: left;\">Activit\u00e9<\/th><th style=\"padding: 10px 12px; text-align: left;\">Lieu<\/th><\/tr><\/thead><tbody><tr style=\"background: #fff;\"><td style=\"padding: 10px 12px;\">10h00<\/td><td style=\"padding: 10px 12px;\">OUVERTURE DU FESTIVAL<\/td><td style=\"padding: 10px 12px;\">FESTIVAL SEA OTTER EUROPE<\/td><\/tr><tr style=\"background: #fff;\"><td style=\"padding: 10px 12px;\">11h00<\/td><td style=\"padding: 10px 12px;\">D\u00c9BUT DEMOBIKE<\/td><td style=\"padding: 10px 12px;\">CIRCUITS DEMOBIKE<\/td><\/tr><tr style=\"background: #fff;\"><td style=\"padding: 10px 12px;\">12h00 &#8211; 19h00<\/td><td style=\"padding: 10px 12px;\">Entra\u00eenements XCO<\/td><td style=\"padding: 10px 12px;\">D\u00c9PART XCO<\/td><\/tr><tr style=\"background: #fff;\"><td style=\"padding: 10px 12px;\">13h00 &#8211; 15h30<\/td><td style=\"padding: 10px 12px;\">Entra\u00eenements XCC\/XCE<\/td><td style=\"padding: 10px 12px;\">ZONE EURO MOBILITY<\/td><\/tr><tr style=\"background: #fff;\"><td style=\"padding: 10px 12px;\">16h00<\/td><td style=\"padding: 10px 12px;\">Entra\u00eenements XCE<\/td><td style=\"padding: 10px 12px;\">ZONE EURO MOBILITY<\/td><\/tr><tr style=\"background: #fff;\"><td style=\"padding: 10px 12px;\">16h40<\/td><td style=\"padding: 10px 12px;\">CONTRE-LA-MONTRE FEMMES XCE<\/td><td style=\"padding: 10px 12px;\">ZONE EURO MOBILITY<\/td><\/tr><tr style=\"background: #fff;\"><td style=\"padding: 10px 12px;\">16h50<\/td><td style=\"padding: 10px 12px;\">CONTRE-LA-MONTRE HOMMES XCE<\/td><td style=\"padding: 10px 12px;\">ZONE EURO MOBILITY<\/td><\/tr><tr style=\"background: #fff;\"><td style=\"padding: 10px 12px;\">17h10 &#8211; 18h10<\/td><td style=\"padding: 10px 12px;\">FINALES FEMMES ET HOMMES<\/td><td style=\"padding: 10px 12px;\">ZONE EURO MOBILITY<\/td><\/tr><tr style=\"background: #fff;\"><td style=\"padding: 10px 12px;\">18h20<\/td><td style=\"padding: 10px 12px;\">SHORT TRACK FEMMES<\/td><td style=\"padding: 10px 12px;\">ZONE EURO MOBILITY<\/td><\/tr><tr style=\"background: #fff;\"><td style=\"padding: 10px 12px;\">18h30<\/td><td style=\"padding: 10px 12px;\">SHORT TRACK HOMMES<\/td><td style=\"padding: 10px 12px;\">ZONE EURO MOBILITY<\/td><\/tr><tr style=\"background: #fff;\"><td style=\"padding: 10px 12px;\">18h50<\/td><td style=\"padding: 10px 12px;\">Remise des prix SHORT TRACK et XCE<\/td><td style=\"padding: 10px 12px;\">ZONE EURO MOBILITY<\/td><\/tr><tr style=\"background: #fff;\"><td style=\"padding: 10px 12px;\">19h00<\/td><td style=\"padding: 10px 12px;\">FIN DEMOBIKE<\/td><td style=\"padding: 10px 12px;\">CIRCUITS DEMOBIKE<\/td><\/tr><tr style=\"background: #fff;\"><td style=\"padding: 10px 12px;\">19h30<\/td><td style=\"padding: 10px 12px;\">FERMETURE DU FESTIVAL<\/td><td style=\"padding: 10px 12px;\">FESTIVAL SEA OTTER EUROPE<\/td><\/tr><\/tbody><\/table>\t\t\t\t\t\t\t\t<\/div>\n\t\t\t\t<div class=\"elementor-element elementor-element-d402372 elementor-widget elementor-widget-text-editor\" data-id=\"d402372\" data-element_type=\"widget\" data-e-type=\"widget\" data-widget_type=\"text-editor.default\">\n\t\t\t\t\t\t\t\t\t<h2>Samedi&nbsp;19<\/h2><table style=\"width: 100%; border-collapse: separate; border-spacing: 0 1px; background: #cfcfcf; font-family: Arial, sans-serif; font-size: 14px;\"><thead><tr style=\"background: #f5f5f5;\"><th style=\"padding: 10px 12px; text-align: left;\">Heure<\/th><th style=\"padding: 10px 12px; text-align: left;\">Activit\u00e9<\/th><th style=\"padding: 10px 12px; text-align: left;\">Lieu<\/th><\/tr><\/thead><tbody><tr style=\"background: #fff;\"><td style=\"padding: 10px 12px;\">9h00<\/td><td style=\"padding: 10px 12px;\">OUVERTURE DU FESTIVAL<\/td><td style=\"padding: 10px 12px;\">FESTIVAL SEA OTTER EUROPE<\/td><\/tr><tr style=\"background: #fff;\"><td style=\"padding: 10px 12px;\">9h30<\/td><td style=\"padding: 10px 12px;\">D\u00c9BUT DEMOBIKE<\/td><td style=\"padding: 10px 12px;\">CIRCUITS DEMOBIKE<\/td><\/tr><tr style=\"background: #fff;\"><td style=\"padding: 10px 12px;\">9h00<\/td><td style=\"padding: 10px 12px;\">PREMIER D\u00c9PART SHIMANO SUPER CUP MASSI<\/td><td style=\"padding: 10px 12px;\">D\u00c9PART XCO<\/td><\/tr><tr style=\"background: #fff;\"><td style=\"padding: 10px 12px;\">10h30<\/td><td style=\"padding: 10px 12px;\">D\u00c9PART 226ERS UCI GRAVEL WORLD SERIES<\/td><td style=\"padding: 10px 12px;\">JUI\u00c0<\/td><\/tr><tr style=\"background: #fff;\"><td style=\"padding: 10px 12px;\">10h40<\/td><td style=\"padding: 10px 12px;\">DEUXI\u00c8ME D\u00c9PART SHIMANO SUPER CUP MASSI<\/td><td style=\"padding: 10px 12px;\">D\u00c9PART XCO<\/td><\/tr><tr style=\"background: #fff;\"><td style=\"padding: 10px 12px;\">10h50<\/td><td style=\"padding: 10px 12px;\">1re&nbsp;Remise des prix SHIMANO SUPER CUP MASSI<\/td><td style=\"padding: 10px 12px;\">SC\u00c8NE TRAILER<\/td><\/tr><tr style=\"background: #fff;\"><td style=\"padding: 10px 12px;\">12h30<\/td><td style=\"padding: 10px 12px;\">TROISI\u00c8ME D\u00c9PART SHIMANO SUPER CUP MASSI<\/td><td style=\"padding: 10px 12px;\">D\u00c9PART XCO<\/td><\/tr><tr style=\"background: #fff;\"><td style=\"padding: 10px 12px;\">14h30<\/td><td style=\"padding: 10px 12px;\">2e&nbsp;Remise des prix SHIMANO SUPER CUP MASSI<\/td><td style=\"padding: 10px 12px;\">SC\u00c8NE TRAILER<\/td><\/tr><tr style=\"background: #fff;\"><td style=\"padding: 10px 12px;\">16h00<\/td><td style=\"padding: 10px 12px;\">YOUTH SHIMANO Pr\u00e9Benjamin<\/td><td style=\"padding: 10px 12px;\">D\u00c9PART XCO<\/td><\/tr><tr style=\"background: #fff;\"><td style=\"padding: 10px 12px;\">16h00<\/td><td style=\"padding: 10px 12px;\">D\u00c9PART CHAMPIONNAT D\u2019ESPAGNE XCE<\/td><td style=\"padding: 10px 12px;\">ZONE EUROMOBILITY<\/td><\/tr><tr style=\"background: #fff;\"><td style=\"padding: 10px 12px;\">16h15<\/td><td style=\"padding: 10px 12px;\">YOUTH SHIMANO Benjamin<\/td><td style=\"padding: 10px 12px;\">D\u00c9PART XCO<\/td><\/tr><tr style=\"background: #fff;\"><td style=\"padding: 10px 12px;\">16h30<\/td><td style=\"padding: 10px 12px;\">YOUTH D\u00e9butants<\/td><td style=\"padding: 10px 12px;\">D\u00c9PART XCO<\/td><\/tr><tr style=\"background: #fff;\"><td style=\"padding: 10px 12px;\">16h55<\/td><td style=\"padding: 10px 12px;\">YOUTH Alevin<\/td><td style=\"padding: 10px 12px;\">D\u00c9PART XCO<\/td><\/tr><tr style=\"background: #fff;\"><td style=\"padding: 10px 12px;\">17h35<\/td><td style=\"padding: 10px 12px;\">YOUTH Infantil<\/td><td style=\"padding: 10px 12px;\">D\u00c9PART XCO<\/td><\/tr><tr style=\"background: #fff;\"><td style=\"padding: 10px 12px;\">17h30<\/td><td style=\"padding: 10px 12px;\">Remise des prix 226ERS UCI GRAVEL WORLD SERIES<\/td><td style=\"padding: 10px 12px;\">SC\u00c8NE TRAILER<\/td><\/tr><tr style=\"background: #fff;\"><td style=\"padding: 10px 12px;\">18h00<\/td><td style=\"padding: 10px 12px;\">Remise des prix SUPER CUP YOUTH<\/td><td style=\"padding: 10px 12px;\">SC\u00c8NE TRAILER<\/td><\/tr><tr style=\"background: #fff;\"><td style=\"padding: 10px 12px;\">18h00<\/td><td style=\"padding: 10px 12px;\">FINALES CHAMPIONNAT D\u2019ESPAGNE XCE<\/td><td style=\"padding: 10px 12px;\">ZONE EUROMOBILITY<\/td><\/tr><tr style=\"background: #fff;\"><td style=\"padding: 10px 12px;\">18h30<\/td><td style=\"padding: 10px 12px;\">D\u00c9PART MTB CLASSIC<\/td><td style=\"padding: 10px 12px;\">D\u00c9PART XCO<\/td><\/tr><tr style=\"background: #fff;\"><td style=\"padding: 10px 12px;\">19h00<\/td><td style=\"padding: 10px 12px;\">FIN DEMOBIKE<\/td><td style=\"padding: 10px 12px;\">CIRCUITS DEMOBIKE<\/td><\/tr><tr style=\"background: #fff;\"><td style=\"padding: 10px 12px;\">19h30<\/td><td style=\"padding: 10px 12px;\">FERMETURE DU FESTIVAL<\/td><td style=\"padding: 10px 12px;\">FESTIVAL SEA OTTER EUROPE<\/td><\/tr><\/tbody><\/table>\t\t\t\t\t\t\t\t<\/div>\n\t\t\t\t<div class=\"elementor-element elementor-element-6d7b1d0 elementor-widget elementor-widget-text-editor\" data-id=\"6d7b1d0\" data-element_type=\"widget\" data-e-type=\"widget\" data-widget_type=\"text-editor.default\">\n\t\t\t\t\t\t\t\t\t<h2>Dimanche&nbsp;20<\/h2>\n<table style=\"width: 100%; border-collapse: separate; border-spacing: 0 1px; background: #cfcfcf; font-family: Arial, sans-serif; font-size: 14px;\">\n<thead>\n<tr style=\"background: #f5f5f5;\">\n<th style=\"padding: 10px 12px; text-align: left;\">HORAIRE<\/th>\n<th style=\"padding: 10px 12px; text-align: left;\">ACTIVIT\u00c9<\/th>\n<th style=\"padding: 10px 12px; text-align: left;\">LIEU<\/th>\n<\/tr>\n<\/thead>\n<tbody>\n<tr style=\"background: #fff;\">\n<td style=\"padding: 10px 12px;\">08h00<\/td>\n<td style=\"padding: 10px 12px;\">D\u00c9PART CICLOBRAVA by Orbea<\/td>\n<td style=\"padding: 10px 12px;\">PASSEIG DE LA DEVESA<\/td>\n<\/tr>\n<tr style=\"background: #fff;\">\n<td style=\"padding: 10px 12px;\">08h35<\/td>\n<td style=\"padding: 10px 12px;\">D\u00c9PART SCOTT MARATHON XCM\/XCP<\/td>\n<td style=\"padding: 10px 12px;\">D\u00c9PART XCO<\/td>\n<\/tr>\n<tr style=\"background: #fff;\">\n<td style=\"padding: 10px 12px;\"><strong>09h00<\/strong><\/td>\n<td style=\"padding: 10px 12px;\" colspan=\"2\"><strong>OUVERTURE DU FESTIVAL SEA OTTER EUROPE<\/strong><\/td>\n<\/tr>\n<tr style=\"background: #fff;\">\n<td style=\"padding: 10px 12px;\">09h15<\/td>\n<td style=\"padding: 10px 12px;\">D\u00c9PART GIRONA GRAVEL RIDE<\/td>\n<td style=\"padding: 10px 12px;\">PASSEIG DE LA DEVESA<\/td>\n<\/tr>\n<tr style=\"background: #fff;\">\n<td style=\"padding: 10px 12px;\">09h15 &#8211; 13h30<\/td>\n<td style=\"padding: 10px 12px;\">D\u00c9BUT COUPE GIRONA TRIAL by SEA OTTER EUROPE<\/td>\n<td style=\"padding: 10px 12px;\">ZONE EURO MOBILITY<\/td>\n<\/tr>\n<tr style=\"background: #fff;\">\n<td style=\"padding: 10px 12px;\">09h30<\/td>\n<td style=\"padding: 10px 12px;\">D\u00c9BUT DEMOBIKE<\/td>\n<td style=\"padding: 10px 12px;\">CIRCUITS DEMOBIKE<\/td>\n<\/tr>\n<tr style=\"background: #fff;\">\n<td style=\"padding: 10px 12px;\">09h30<\/td>\n<td style=\"padding: 10px 12px;\">D\u00c9PART UCI HERO &#8211; La Tramun<\/td>\n<td style=\"padding: 10px 12px;\">LES PLANES D&rsquo;HOSTOLES<\/td>\n<\/tr>\n<tr style=\"background: #fff;\">\n<td style=\"padding: 10px 12px;\">10h00 &#8211; 14h00<\/td>\n<td style=\"padding: 10px 12px;\">MAQUILLAGE ET ATELIER DE BADGES<\/td>\n<td style=\"padding: 10px 12px;\">ZONE JAUNE<\/td>\n<\/tr>\n<tr style=\"background: #fff;\">\n<td style=\"padding: 10px 12px;\">11h00<\/td>\n<td style=\"padding: 10px 12px;\">D\u00c9PART PREMI\u00c8RE MANCHE DE MINI DH<\/td>\n<td style=\"padding: 10px 12px;\">ZONE PUIG D&rsquo;EN ROCA<\/td>\n<\/tr>\n<tr style=\"background: #fff;\">\n<td style=\"padding: 10px 12px;\">11h30 &#8211; 13h30<\/td>\n<td style=\"padding: 10px 12px;\">MAG LLUC<\/td>\n<td style=\"padding: 10px 12px;\">ZONE VERTE ET ZONE EURO MOBILITY<\/td>\n<\/tr>\n<tr style=\"background: #fff;\">\n<td style=\"padding: 10px 12px;\">12h00 &#8211; 14h00<\/td>\n<td style=\"padding: 10px 12px;\">DJ MARVIN<\/td>\n<td style=\"padding: 10px 12px;\">SC\u00c8NE TRAILER<\/td>\n<\/tr>\n<tr style=\"background: #fff;\">\n<td style=\"padding: 10px 12px;\">12h00<\/td>\n<td style=\"padding: 10px 12px;\">D\u00c9PART DEUXI\u00c8ME MANCHE DE MINI DH<\/td>\n<td style=\"padding: 10px 12px;\">ZONE PUIG D&rsquo;EN ROCA<\/td>\n<\/tr>\n<tr style=\"background: #fff;\">\n<td style=\"padding: 10px 12px;\">12h30<\/td>\n<td style=\"padding: 10px 12px;\">Remise des prix SCOTT MARATHON CUP XCP<\/td>\n<td style=\"padding: 10px 12px;\">SC\u00c8NE ZONE VERTE<\/td>\n<\/tr>\n<tr style=\"background: #fff;\">\n<td style=\"padding: 10px 12px;\">13h00<\/td>\n<td style=\"padding: 10px 12px;\">Remise des prix MINI DH<\/td>\n<td style=\"padding: 10px 12px;\">ZONE PUIG D&rsquo;EN ROCA<\/td>\n<\/tr>\n<tr style=\"background: #fff;\">\n<td style=\"padding: 10px 12px;\">13h30<\/td>\n<td style=\"padding: 10px 12px;\">Remise des prix COUPE GIRONA TRIAL<\/td>\n<td style=\"padding: 10px 12px;\">ZONE EURO MOBILITY<\/td>\n<\/tr>\n<tr style=\"background: #fff;\">\n<td style=\"padding: 10px 12px;\">13h30<\/td>\n<td style=\"padding: 10px 12px;\">Remise des prix SCOTT MARATHON CUP XCM<\/td>\n<td style=\"padding: 10px 12px;\">SC\u00c8NE ZONE VERTE<\/td>\n<\/tr>\n<tr style=\"background: #fff;\">\n<td style=\"padding: 10px 12px;\">14h00<\/td>\n<td style=\"padding: 10px 12px;\">FIN DEMOBIKE<\/td>\n<td style=\"padding: 10px 12px;\">CIRCUITS DEMOBIKE<\/td>\n<\/tr>\n<tr style=\"background: #fff;\">\n<td style=\"padding: 10px 12px;\"><strong>14h30<\/strong><\/td>\n<td style=\"padding: 10px 12px;\" colspan=\"2\"><strong>FERMETURE DU FESTIVAL SEA OTTER EUROPE<\/strong><\/td>\n<\/tr>\n<tr style=\"background: #fff;\">\n<td style=\"padding: 10px 12px;\">14h30<\/td>\n<td style=\"padding: 10px 12px;\">Remise des prix UCI HERO LA TRAMUN<\/td>\n<td style=\"padding: 10px 12px;\">SC\u00c8NE ZONE VERTE EXT\u00c9RIEURE<\/td>\n<\/tr>\n<tr style=\"background: #fff;\">\n<td style=\"padding: 10px 12px;\">15h00<\/td>\n<td style=\"padding: 10px 12px;\">Remise des prix UCI HERO G\u00e9n\u00e9ral<\/td>\n<td style=\"padding: 10px 12px;\">SC\u00c8NE ZONE VERTE EXT\u00c9RIEURE<\/td>\n<\/tr>\n<\/tbody>\n<\/table>\t\t\t\t\t\t\t\t<\/div>\n\t\t\t\t\t<\/div>\n\t\t\t\t<\/div>\n\t\t\t\t<\/div>\n\t\t","protected":false},"excerpt":{"rendered":"<p>Nous travaillons sur les horaires des \u00e9preuves sportives. Veuillez consulter la page ult\u00e9rieurement. Merci. Programme provisoire susceptible de modifications Vendredi&nbsp;18 Heure Activit\u00e9 Lieu 10h00 OUVERTURE DU FESTIVAL FESTIVAL SEA OTTER EUROPE 11h00 D\u00c9BUT DEMOBIKE CIRCUITS DEMOBIKE 12h00 &#8211; 19h00 Entra\u00eenements XCO D\u00c9PART XCO 13h00 &#8211; 15h30 Entra\u00eenements XCC\/XCE ZONE EURO MOBILITY 16h00 Entra\u00eenements XCE ZONE&hellip;<\/p>\n","protected":false},"author":4,"featured_media":0,"parent":0,"menu_order":0,"comment_status":"closed","ping_status":"closed","template":"","meta":{"footnotes":""},"class_list":["post-45648","page","type-page","status-publish","hentry"],"_links":{"self":[{"href":"https:\/\/www.seaottereurope.com\/fr\/wp-json\/wp\/v2\/pages\/45648","targetHints":{"allow":["GET"]}}],"collection":[{"href":"https:\/\/www.seaottereurope.com\/fr\/wp-json\/wp\/v2\/pages"}],"about":[{"href":"https:\/\/www.seaottereurope.com\/fr\/wp-json\/wp\/v2\/types\/page"}],"author":[{"embeddable":true,"href":"https:\/\/www.seaottereurope.com\/fr\/wp-json\/wp\/v2\/users\/4"}],"replies":[{"embeddable":true,"href":"https:\/\/www.seaottereurope.com\/fr\/wp-json\/wp\/v2\/comments?post=45648"}],"version-history":[{"count":3,"href":"https:\/\/www.seaottereurope.com\/fr\/wp-json\/wp\/v2\/pages\/45648\/revisions"}],"predecessor-version":[{"id":620622,"href":"https:\/\/www.seaottereurope.com\/fr\/wp-json\/wp\/v2\/pages\/45648\/revisions\/620622"}],"wp:attachment":[{"href":"https:\/\/www.seaottereurope.com\/fr\/wp-json\/wp\/v2\/media?parent=45648"}],"curies":[{"name":"wp","href":"https:\/\/api.w.org\/{rel}","templated":true}]}}