{"id":45722,"date":"2025-10-10T09:23:54","date_gmt":"2025-10-10T07:23:54","guid":{"rendered":"https:\/\/seaottereurope.com\/tourisme-a-gerone-et-sur-la-costa-brava\/"},"modified":"2026-01-12T13:37:37","modified_gmt":"2026-01-12T12:37:37","slug":"tourisme-a-gerone-et-sur-la-costa-brava","status":"publish","type":"page","link":"https:\/\/www.seaottereurope.com\/fr\/tourisme-a-gerone-et-sur-la-costa-brava\/","title":{"rendered":"Tourisme \u00e0 G\u00e9rone et sur la Costa Brava"},"content":{"rendered":"\t\t<div data-elementor-type=\"wp-page\" data-elementor-id=\"45722\" class=\"elementor elementor-45722 elementor-41540\" data-elementor-post-type=\"page\">\n\t\t\t\t<div class=\"elementor-element elementor-element-799d9fa e-con-full e-flex e-con e-parent\" data-id=\"799d9fa\" data-element_type=\"container\" data-e-type=\"container\">\n\t\t<div class=\"elementor-element elementor-element-1e89f05 e-flex e-con-boxed e-con e-child\" data-id=\"1e89f05\" data-element_type=\"container\" data-e-type=\"container\">\n\t\t\t\t\t<div class=\"e-con-inner\">\n\t\t<div class=\"elementor-element elementor-element-6ecd501 e-con-full e-flex e-con e-child\" data-id=\"6ecd501\" data-element_type=\"container\" data-e-type=\"container\">\n\t\t\t\t<div class=\"elementor-element elementor-element-aad1bfb content-align-right the7-hover-visibility-disabled preserve-img-ratio-cover transform-overlay-yes exceeding-frame-yes elementor-widget elementor-widget-the7-image-widget\" data-id=\"aad1bfb\" data-element_type=\"widget\" data-e-type=\"widget\" data-settings=\"{&quot;hover_visibility&quot;:&quot;disabled&quot;}\" data-widget_type=\"the7-image-widget.default\">\n\t\t\t\t<div class=\"elementor-widget-container\">\n\t\t\t\t\t<div class=\"the7-image-container\"><div class=\"the7-image-wrapper the7-elementor-widget the7-transform-container\"><div class=\"post-thumbnail-rollover layzr-bg img-css-resize-wrapper\"><img fetchpriority=\"high\" decoding=\"async\" width=\"1200\" height=\"801\" src=\"data:image\/svg+xml,%3Csvg%20xmlns%3D&#039;http%3A%2F%2Fwww.w3.org%2F2000%2Fsvg&#039;%20viewBox%3D&#039;0%200%201200%20801&#039;%2F%3E\" class=\"attachment-full size-full preload-me aspect lazy lazy-load\" alt=\"Gros plan de plusieurs cyclistes qui r\u00e9alisent une route touristique et qui ont fait une halte devant la cath\u00e9drale de G\u00e9rone profitant de leur visite au festival Sea Otter Europe\" sizes=\"(max-width: 1200px) 100vw, 1200px\" style=\"--ratio: 1200 \/ 801;\" data-src=\"https:\/\/www.seaottereurope.com\/wp-content\/uploads\/2025\/07\/catedral-girona-festival-sea-otter-europe.jpg\" loading=\"eager\" data-srcset=\"https:\/\/www.seaottereurope.com\/wp-content\/uploads\/2025\/07\/catedral-girona-festival-sea-otter-europe.jpg 1200w, https:\/\/www.seaottereurope.com\/wp-content\/uploads\/2025\/07\/catedral-girona-festival-sea-otter-europe-300x200.jpg 300w, https:\/\/www.seaottereurope.com\/wp-content\/uploads\/2025\/07\/catedral-girona-festival-sea-otter-europe-1024x684.jpg 1024w, https:\/\/www.seaottereurope.com\/wp-content\/uploads\/2025\/07\/catedral-girona-festival-sea-otter-europe-768x513.jpg 768w\" \/><\/div><\/div><\/div>\t\t\t\t<\/div>\n\t\t\t\t<\/div>\n\t\t\t\t<\/div>\n\t\t<div class=\"elementor-element elementor-element-627bb14 e-con-full e-flex e-con e-child\" data-id=\"627bb14\" data-element_type=\"container\" data-e-type=\"container\">\n\t\t\t\t<div class=\"elementor-element elementor-element-883a6a8 elementor-widget elementor-widget-the7-heading\" data-id=\"883a6a8\" data-element_type=\"widget\" data-e-type=\"widget\" data-widget_type=\"the7-heading.default\">\n\t\t\t\t<div class=\"elementor-widget-container\">\n\t\t\t\t\t<h3 class=\"the7-heading-title elementor-size-default\">Explorez G\u00e9rone<\/h3>\t\t\t\t<\/div>\n\t\t\t\t<\/div>\n\t\t\t\t<div class=\"elementor-element elementor-element-bedd6ca elementor-widget-tablet__width-inherit elementor-widget elementor-widget-the7-heading\" data-id=\"bedd6ca\" data-element_type=\"widget\" data-e-type=\"widget\" data-widget_type=\"the7-heading.default\">\n\t\t\t\t<div class=\"elementor-widget-container\">\n\t\t\t\t\t<div class=\"the7-heading-title elementor-size-default\">Plus qu'un festival : une exp\u00e9rience \u00e0 G\u00e9rone et sur la Costa Brava<\/div>\t\t\t\t<\/div>\n\t\t\t\t<\/div>\n\t\t\t\t<div class=\"elementor-element elementor-element-ebd8efb elementor-widget-tablet__width-inherit elementor-widget elementor-widget-text-editor\" data-id=\"ebd8efb\" data-element_type=\"widget\" data-e-type=\"widget\" data-widget_type=\"text-editor.default\">\n\t\t\t\t\t\t\t\t\t<p><span style=\"background-color: rgba(255, 255, 255, 0); word-spacing: normal;\">Participer \u00e0 <b>Sea Otter Europe<\/b>, ce n&rsquo;est pas seulement vivre l&rsquo;un des plus grands festivals cyclistes d&rsquo;Europe : c&rsquo;est aussi une occasion unique de d\u00e9couvrir <strong>G\u00e9rone<\/strong> et la <strong>Costa Brava<\/strong>, une destination de r\u00eave pour les amateurs de sport, de nature et de culture.<\/span><\/p><p><b>G\u00e9rone<\/b>, avec sa vieille ville charg\u00e9e d&rsquo;histoire, ses rues pav\u00e9es et ses remparts m\u00e9di\u00e9vaux, invite \u00e0 se perdre dans ses recoins pleins de charme. Se promener dans <b>le Barri Vell<\/b>, traverser l&#8217;embl\u00e9matique <b>Pont de les Peixateries Velles<\/b> con\u00e7u par Eiffel, ou profiter de la gastronomie locale ne sont que quelques-unes des exp\u00e9riences incontournables. <\/p><p>\u00c0 quelques kilom\u00e8tres, la <strong>Costa Brava<\/strong> d\u00e9ploie des paysages spectaculaires : criques cach\u00e9es, falaises, villages de p\u00eacheurs et routes c\u00f4ti\u00e8res parfaites pour la randonn\u00e9e \u00e0 v\u00e9lo ou \u00e0 pied. Des localit\u00e9s comme <b>Cadaqu\u00e9s<\/b>, <b>Calella de Palafrugell<\/b>, <b>Begur<\/b> ou <b>Tossa de Mar<\/b> combinent mer, montagne et tradition dans un environnement naturel incomparable. <\/p>\t\t\t\t\t\t\t\t<\/div>\n\t\t\t\t<\/div>\n\t\t\t\t\t<\/div>\n\t\t\t\t<\/div>\n\t\t\t\t<\/div>\n\t\t<div class=\"elementor-element elementor-element-6151268 e-con-full e-flex e-con e-parent\" data-id=\"6151268\" data-element_type=\"container\" data-e-type=\"container\" data-settings=\"{&quot;background_background&quot;:&quot;classic&quot;}\">\n\t\t<div class=\"elementor-element elementor-element-960bd20 e-flex e-con-boxed e-con e-child\" data-id=\"960bd20\" data-element_type=\"container\" data-e-type=\"container\">\n\t\t\t\t\t<div class=\"e-con-inner\">\n\t\t<div class=\"elementor-element elementor-element-f08ad40 e-flex e-con-boxed e-con e-child\" data-id=\"f08ad40\" data-element_type=\"container\" data-e-type=\"container\">\n\t\t\t\t\t<div class=\"e-con-inner\">\n\t\t\t\t<div class=\"elementor-element elementor-element-d4a66b6 elementor-widget elementor-widget-the7-heading\" data-id=\"d4a66b6\" data-element_type=\"widget\" data-e-type=\"widget\" data-widget_type=\"the7-heading.default\">\n\t\t\t\t<div class=\"elementor-widget-container\">\n\t\t\t\t\t<h3 class=\"the7-heading-title elementor-size-default\">Tourisme et environnement<\/h3>\t\t\t\t<\/div>\n\t\t\t\t<\/div>\n\t\t\t\t<div class=\"elementor-element elementor-element-aad7b71 elementor-widget elementor-widget-the7-heading\" data-id=\"aad7b71\" data-element_type=\"widget\" data-e-type=\"widget\" data-widget_type=\"the7-heading.default\">\n\t\t\t\t<div class=\"elementor-widget-container\">\n\t\t\t\t\t<div class=\"the7-heading-title elementor-size-default\">Le paradis des cyclistes<\/div>\t\t\t\t<\/div>\n\t\t\t\t<\/div>\n\t\t\t\t<div class=\"elementor-element elementor-element-e5c80b3 elementor-widget-tablet__width-inherit elementor-widget__width-initial elementor-widget elementor-widget-text-editor\" data-id=\"e5c80b3\" data-element_type=\"widget\" data-e-type=\"widget\" data-widget_type=\"text-editor.default\">\n\t\t\t\t\t\t\t\t\t<p>De plus, G\u00e9rone et la Costa Brava sont un v\u00e9ritable paradis pour les cyclistes. Leurs routes sinueuses, chemins de gravier et itin\u00e9raires de montagne attirent des sportifs du monde entier. Certains des meilleurs professionnels du cyclisme s&rsquo;y entra\u00eenent, et ce n&rsquo;est pas un hasard : le climat, le paysage et les infrastructures en font un territoire id\u00e9al pour p\u00e9daler tout au long de l&rsquo;ann\u00e9e.  <\/p><p> <\/p><p>Profitez de votre visite \u00e0 Sea Otter Europe pour profiter \u00e9galement de tout ce qu&rsquo;offre cette r\u00e9gion : culture, sport, gastronomie et nature dans une m\u00eame destination<span style=\"background-color: rgba(255, 255, 255, 0); word-spacing: normal;\">.<\/span><\/p>\t\t\t\t\t\t\t\t<\/div>\n\t\t\t\t\t<\/div>\n\t\t\t\t<\/div>\n\t\t<div class=\"elementor-element elementor-element-b1c48ff e-grid e-con-full e-con e-child\" data-id=\"b1c48ff\" data-element_type=\"container\" data-e-type=\"container\">\n\t\t<div class=\"elementor-element elementor-element-d952fb1 e-con-full e-flex e-con e-child\" data-id=\"d952fb1\" data-element_type=\"container\" data-e-type=\"container\">\n\t\t\t\t<div class=\"elementor-element elementor-element-162538f elementor-widget__width-initial the7-hover-visibility-hover content-align-left preserve-img-ratio-cover transform-overlay-yes exceeding-frame-yes elementor-widget elementor-widget-the7-image-widget\" data-id=\"162538f\" data-element_type=\"widget\" data-e-type=\"widget\" data-settings=\"{&quot;hover_visibility&quot;:&quot;hover&quot;}\" data-widget_type=\"the7-image-widget.default\">\n\t\t\t\t<div class=\"elementor-widget-container\">\n\t\t\t\t\t<div class=\"the7-image-container\"><div class=\"the7-image-wrapper the7-elementor-widget the7-transform-container\"><div class=\"post-thumbnail-rollover img-css-resize-wrapper\"><img decoding=\"async\" width=\"768\" height=\"512\" src=\"https:\/\/www.seaottereurope.com\/wp-content\/uploads\/2025\/10\/vistes-riu-girona-sea-otter-europe-min-768x512.jpg\" class=\"attachment-medium_large size-medium_large preload-me aspect\" alt=\"Hermosas vistas del r\u00edo Ter pasando por la ciudad de Girona, sede del festival europeo del ciclismo Sea Otter Europe\" srcset=\"https:\/\/www.seaottereurope.com\/wp-content\/uploads\/2025\/10\/vistes-riu-girona-sea-otter-europe-min-768x512.jpg 768w, https:\/\/www.seaottereurope.com\/wp-content\/uploads\/2025\/10\/vistes-riu-girona-sea-otter-europe-min-300x200.jpg 300w, https:\/\/www.seaottereurope.com\/wp-content\/uploads\/2025\/10\/vistes-riu-girona-sea-otter-europe-min-1024x683.jpg 1024w, https:\/\/www.seaottereurope.com\/wp-content\/uploads\/2025\/10\/vistes-riu-girona-sea-otter-europe-min-1536x1024.jpg 1536w, https:\/\/www.seaottereurope.com\/wp-content\/uploads\/2025\/10\/vistes-riu-girona-sea-otter-europe-min.jpg 2016w\" sizes=\"(max-width: 768px) 100vw, 768px\" style=\"--ratio: 768 \/ 512;\" \/><\/div><\/div><\/div>\t\t\t\t<\/div>\n\t\t\t\t<\/div>\n\t\t<div class=\"elementor-element elementor-element-92e5b8b e-con-full e-flex e-con e-child\" data-id=\"92e5b8b\" data-element_type=\"container\" data-e-type=\"container\">\n\t\t\t\t<div class=\"elementor-element elementor-element-1fb5d13 elementor-widget elementor-widget-the7-heading\" data-id=\"1fb5d13\" data-element_type=\"widget\" data-e-type=\"widget\" data-widget_type=\"the7-heading.default\">\n\t\t\t\t<div class=\"elementor-widget-container\">\n\t\t\t\t\t<h3 class=\"the7-heading-title elementor-size-default\">Visitez G\u00e9rone<\/h3>\t\t\t\t<\/div>\n\t\t\t\t<\/div>\n\t\t\t\t<div class=\"elementor-element elementor-element-a2d1525 elementor-widget elementor-widget-text-editor\" data-id=\"a2d1525\" data-element_type=\"widget\" data-e-type=\"widget\" data-widget_type=\"text-editor.default\">\n\t\t\t\t\t\t\t\t\t<p><strong data-start=\"88\" data-end=\"98\">G\u00e9rone<\/strong> est l&rsquo;une des provinces de Catalogne pleine d&rsquo;histoire et de charme, o\u00f9 ses rues m\u00e9di\u00e9vales, son patrimoine culturel et son ambiance cycliste en font une destination unique \u00e0 appr\u00e9cier tout au long de l&rsquo;ann\u00e9e.<\/p>\t\t\t\t\t\t\t\t<\/div>\n\t\t\t\t<div class=\"elementor-element elementor-element-db23d5a elementor-widget elementor-widget-button\" data-id=\"db23d5a\" data-element_type=\"widget\" data-e-type=\"widget\" data-widget_type=\"button.default\">\n\t\t\t\t\t\t\t\t\t\t<a class=\"elementor-button elementor-button-link elementor-size-sm\" href=\"https:\/\/web.girona.cat\/\" target=\"_blank\" rel=\"noopener\">\n\t\t\t\t\t\t<span class=\"elementor-button-content-wrapper\">\n\t\t\t\t\t\t\t\t\t<span class=\"elementor-button-text\">PLUS D\u2019INFOS<\/span>\n\t\t\t\t\t<\/span>\n\t\t\t\t\t<\/a>\n\t\t\t\t\t\t\t\t<\/div>\n\t\t\t\t<\/div>\n\t\t\t\t<\/div>\n\t\t<div class=\"elementor-element elementor-element-23e0a53 e-con-full e-flex e-con e-child\" data-id=\"23e0a53\" data-element_type=\"container\" data-e-type=\"container\">\n\t\t\t\t<div class=\"elementor-element elementor-element-b748da6 elementor-widget__width-initial the7-hover-visibility-hover content-align-left preserve-img-ratio-cover transform-overlay-yes exceeding-frame-yes elementor-widget elementor-widget-the7-image-widget\" data-id=\"b748da6\" data-element_type=\"widget\" data-e-type=\"widget\" data-settings=\"{&quot;hover_visibility&quot;:&quot;hover&quot;}\" data-widget_type=\"the7-image-widget.default\">\n\t\t\t\t<div class=\"elementor-widget-container\">\n\t\t\t\t\t<div class=\"the7-image-container\"><div class=\"the7-image-wrapper the7-elementor-widget the7-transform-container\"><div class=\"post-thumbnail-rollover img-css-resize-wrapper\"><img decoding=\"async\" width=\"768\" height=\"512\" src=\"https:\/\/www.seaottereurope.com\/wp-content\/uploads\/2025\/10\/costa-brava-sea-otter-europe-768x512.jpg\" class=\"attachment-medium_large size-medium_large preload-me aspect\" alt=\"Fant\u00e1stica vista del mar de la Costa Brava en Girona para visitar durante su estancia en Sea Otter Europe\" srcset=\"https:\/\/www.seaottereurope.com\/wp-content\/uploads\/2025\/10\/costa-brava-sea-otter-europe-768x512.jpg 768w, https:\/\/www.seaottereurope.com\/wp-content\/uploads\/2025\/10\/costa-brava-sea-otter-europe-300x200.jpg 300w, https:\/\/www.seaottereurope.com\/wp-content\/uploads\/2025\/10\/costa-brava-sea-otter-europe-1024x682.jpg 1024w, https:\/\/www.seaottereurope.com\/wp-content\/uploads\/2025\/10\/costa-brava-sea-otter-europe-1536x1024.jpg 1536w, https:\/\/www.seaottereurope.com\/wp-content\/uploads\/2025\/10\/costa-brava-sea-otter-europe.jpg 2000w\" sizes=\"(max-width: 768px) 100vw, 768px\" style=\"--ratio: 768 \/ 512;\" \/><\/div><\/div><\/div>\t\t\t\t<\/div>\n\t\t\t\t<\/div>\n\t\t<div class=\"elementor-element elementor-element-085fb13 e-con-full e-flex e-con e-child\" data-id=\"085fb13\" data-element_type=\"container\" data-e-type=\"container\">\n\t\t\t\t<div class=\"elementor-element elementor-element-97489c5 elementor-widget elementor-widget-the7-heading\" data-id=\"97489c5\" data-element_type=\"widget\" data-e-type=\"widget\" data-widget_type=\"the7-heading.default\">\n\t\t\t\t<div class=\"elementor-widget-container\">\n\t\t\t\t\t<h3 class=\"the7-heading-title elementor-size-default\">Costa Brava, Pyr\u00e9n\u00e9es de G\u00e9rone<\/h3>\t\t\t\t<\/div>\n\t\t\t\t<\/div>\n\t\t\t\t<div class=\"elementor-element elementor-element-911fec1 elementor-widget elementor-widget-text-editor\" data-id=\"911fec1\" data-element_type=\"widget\" data-e-type=\"widget\" data-widget_type=\"text-editor.default\">\n\t\t\t\t\t\t\t\t\t<p><strong data-start=\"290\" data-end=\"308\">La Costa Brava<\/strong> est le joyau de la M\u00e9diterran\u00e9e catalane : un littoral spectaculaire qui combine plages, criques, nature et villages de caract\u00e8re, parfait pour explorer sur deux roues ou simplement se d\u00e9tendre au bord de la mer.<\/p>\t\t\t\t\t\t\t\t<\/div>\n\t\t\t\t<div class=\"elementor-element elementor-element-dab9e14 elementor-widget elementor-widget-button\" data-id=\"dab9e14\" data-element_type=\"widget\" data-e-type=\"widget\" data-widget_type=\"button.default\">\n\t\t\t\t\t\t\t\t\t\t<a class=\"elementor-button elementor-button-link elementor-size-sm\" href=\"https:\/\/costabrava.org\/es\/\" target=\"_blank\" rel=\"noopener\">\n\t\t\t\t\t\t<span class=\"elementor-button-content-wrapper\">\n\t\t\t\t\t\t\t\t\t<span class=\"elementor-button-text\">PLUS D\u2019INFOS<\/span>\n\t\t\t\t\t<\/span>\n\t\t\t\t\t<\/a>\n\t\t\t\t\t\t\t\t<\/div>\n\t\t\t\t<\/div>\n\t\t\t\t<\/div>\n\t\t\t\t<\/div>\n\t\t\t\t\t<\/div>\n\t\t\t\t<\/div>\n\t\t\t\t<\/div>\n\t\t<div class=\"elementor-element elementor-element-90d9923 e-con-full e-flex e-con e-child\" data-id=\"90d9923\" data-element_type=\"container\" data-e-type=\"container\" data-settings=\"{&quot;background_background&quot;:&quot;classic&quot;}\">\n\t\t<div class=\"elementor-element elementor-element-214b30d e-flex e-con-boxed e-con e-child\" data-id=\"214b30d\" data-element_type=\"container\" data-e-type=\"container\" data-settings=\"{&quot;background_background&quot;:&quot;gradient&quot;}\">\n\t\t\t\t\t<div class=\"e-con-inner\">\n\t\t<div class=\"elementor-element elementor-element-449cc1e e-con-full e-flex e-con e-child\" data-id=\"449cc1e\" data-element_type=\"container\" data-e-type=\"container\">\n\t\t\t\t<div class=\"elementor-element elementor-element-28ea909 elementor-widget-tablet__width-inherit elementor-widget__width-initial elementor-widget elementor-widget-the7-heading\" data-id=\"28ea909\" data-element_type=\"widget\" data-e-type=\"widget\" data-widget_type=\"the7-heading.default\">\n\t\t\t\t<div class=\"elementor-widget-container\">\n\t\t\t\t\t<div class=\"the7-heading-title elementor-size-default\">Vous venez au festival Sea Otter Europe ?<\/div>\t\t\t\t<\/div>\n\t\t\t\t<\/div>\n\t\t\t\t<div class=\"elementor-element elementor-element-a2124d9 elementor-widget-tablet__width-inherit elementor-widget__width-initial elementor-widget elementor-widget-the7-heading\" data-id=\"a2124d9\" data-element_type=\"widget\" data-e-type=\"widget\" data-widget_type=\"the7-heading.default\">\n\t\t\t\t<div class=\"elementor-widget-container\">\n\t\t\t\t\t<div class=\"the7-heading-title elementor-size-default\">nous vous expliquons comment vous rendre au festival<\/div>\t\t\t\t<\/div>\n\t\t\t\t<\/div>\n\t\t\t\t<\/div>\n\t\t<div class=\"elementor-element elementor-element-f6c5fcf e-con-full e-flex e-con e-child\" data-id=\"f6c5fcf\" data-element_type=\"container\" data-e-type=\"container\">\n\t\t\t\t<div class=\"elementor-element elementor-element-602be66 elementor-align-justify elementor-widget elementor-widget-the7_button_widget\" data-id=\"602be66\" data-element_type=\"widget\" data-e-type=\"widget\" data-widget_type=\"the7_button_widget.default\">\n\t\t\t\t<div class=\"elementor-widget-container\">\n\t\t\t\t\t<div class=\"elementor-button-wrapper\"><a href=\"https:\/\/seaottereurope.com\/fr\/comment-sy-rendre-et-se-garer\/\" class=\"box-button elementor-button elementor-size-xl\">COMMENT S\u2019Y RENDRE<\/a><\/div>\t\t\t\t<\/div>\n\t\t\t\t<\/div>\n\t\t\t\t<\/div>\n\t\t\t\t\t<\/div>\n\t\t\t\t<\/div>\n\t\t\t\t<\/div>\n\t\t\t\t<\/div>\n\t\t","protected":false},"excerpt":{"rendered":"<p>Explorez G\u00e9rone Plus qu&rsquo;un festival : une exp\u00e9rience \u00e0 G\u00e9rone et sur la Costa Brava Participer \u00e0 Sea Otter Europe, ce n&rsquo;est pas seulement vivre l&rsquo;un des plus grands festivals cyclistes d&rsquo;Europe : c&rsquo;est aussi une occasion unique de d\u00e9couvrir G\u00e9rone et la Costa Brava, une destination de r\u00eave pour les amateurs de sport, de&hellip;<\/p>\n","protected":false},"author":4,"featured_media":0,"parent":0,"menu_order":10,"comment_status":"closed","ping_status":"closed","template":"","meta":{"footnotes":""},"class_list":["post-45722","page","type-page","status-publish","hentry"],"_links":{"self":[{"href":"https:\/\/www.seaottereurope.com\/fr\/wp-json\/wp\/v2\/pages\/45722","targetHints":{"allow":["GET"]}}],"collection":[{"href":"https:\/\/www.seaottereurope.com\/fr\/wp-json\/wp\/v2\/pages"}],"about":[{"href":"https:\/\/www.seaottereurope.com\/fr\/wp-json\/wp\/v2\/types\/page"}],"author":[{"embeddable":true,"href":"https:\/\/www.seaottereurope.com\/fr\/wp-json\/wp\/v2\/users\/4"}],"replies":[{"embeddable":true,"href":"https:\/\/www.seaottereurope.com\/fr\/wp-json\/wp\/v2\/comments?post=45722"}],"version-history":[{"count":3,"href":"https:\/\/www.seaottereurope.com\/fr\/wp-json\/wp\/v2\/pages\/45722\/revisions"}],"predecessor-version":[{"id":619114,"href":"https:\/\/www.seaottereurope.com\/fr\/wp-json\/wp\/v2\/pages\/45722\/revisions\/619114"}],"wp:attachment":[{"href":"https:\/\/www.seaottereurope.com\/fr\/wp-json\/wp\/v2\/media?parent=45722"}],"curies":[{"name":"wp","href":"https:\/\/api.w.org\/{rel}","templated":true}]}}