{"id":45735,"date":"2025-07-15T08:58:27","date_gmt":"2025-07-15T06:58:27","guid":{"rendered":"https:\/\/seaottereurope.com\/a-propos-de-sea-otter-europe\/"},"modified":"2026-02-11T08:43:59","modified_gmt":"2026-02-11T07:43:59","slug":"a-propos-de-sea-otter-europe","status":"publish","type":"page","link":"https:\/\/www.seaottereurope.com\/fr\/a-propos-de-sea-otter-europe\/","title":{"rendered":"\u00c0 propos de Sea Otter Europe"},"content":{"rendered":"\t\t<div data-elementor-type=\"wp-page\" data-elementor-id=\"45735\" class=\"elementor elementor-45735 elementor-40679\" data-elementor-post-type=\"page\">\n\t\t\t\t<div class=\"elementor-element elementor-element-5a3082d e-con-full e-flex e-con e-parent\" data-id=\"5a3082d\" data-element_type=\"container\" data-e-type=\"container\">\n\t\t<div class=\"elementor-element elementor-element-aceeffd e-flex e-con-boxed e-con e-child\" data-id=\"aceeffd\" data-element_type=\"container\" data-e-type=\"container\">\n\t\t\t\t\t<div class=\"e-con-inner\">\n\t\t<div class=\"elementor-element elementor-element-1d385d9 e-con-full e-flex e-con e-child\" data-id=\"1d385d9\" data-element_type=\"container\" data-e-type=\"container\">\n\t\t\t\t<div class=\"elementor-element elementor-element-710301d content-align-right the7-hover-visibility-disabled preserve-img-ratio-cover transform-overlay-yes exceeding-frame-yes elementor-widget elementor-widget-the7-image-widget\" data-id=\"710301d\" data-element_type=\"widget\" data-e-type=\"widget\" data-settings=\"{&quot;hover_visibility&quot;:&quot;disabled&quot;}\" data-widget_type=\"the7-image-widget.default\">\n\t\t\t\t<div class=\"elementor-widget-container\">\n\t\t\t\t\t<div class=\"the7-image-container\"><div class=\"the7-image-wrapper the7-elementor-widget the7-transform-container\"><div class=\"post-thumbnail-rollover layzr-bg img-css-resize-wrapper\"><img fetchpriority=\"high\" decoding=\"async\" width=\"1800\" height=\"1200\" src=\"data:image\/svg+xml,%3Csvg%20xmlns%3D&#039;http%3A%2F%2Fwww.w3.org%2F2000%2Fsvg&#039;%20viewBox%3D&#039;0%200%201800%201200&#039;%2F%3E\" class=\"attachment-full size-full preload-me aspect lazy lazy-load\" alt=\"Salida de una carrera de BTT en el Sea Otter Classic en Monterey, California con numerosos ciclistas iniciando la prueba bajo el arco oficial del evento de ciclismo.\" sizes=\"(max-width: 1800px) 100vw, 1800px\" style=\"--ratio: 1800 \/ 1200;\" data-src=\"https:\/\/www.seaottereurope.com\/wp-content\/uploads\/2025\/11\/sea-otter-europe-classsic.jpg\" loading=\"eager\" data-srcset=\"https:\/\/www.seaottereurope.com\/wp-content\/uploads\/2025\/11\/sea-otter-europe-classsic.jpg 1800w, https:\/\/www.seaottereurope.com\/wp-content\/uploads\/2025\/11\/sea-otter-europe-classsic-300x200.jpg 300w, https:\/\/www.seaottereurope.com\/wp-content\/uploads\/2025\/11\/sea-otter-europe-classsic-1024x683.jpg 1024w, https:\/\/www.seaottereurope.com\/wp-content\/uploads\/2025\/11\/sea-otter-europe-classsic-768x512.jpg 768w, https:\/\/www.seaottereurope.com\/wp-content\/uploads\/2025\/11\/sea-otter-europe-classsic-1536x1024.jpg 1536w\" \/><\/div><\/div><\/div>\t\t\t\t<\/div>\n\t\t\t\t<\/div>\n\t\t\t\t<\/div>\n\t\t<div class=\"elementor-element elementor-element-87d48a9 e-con-full e-flex e-con e-child\" data-id=\"87d48a9\" data-element_type=\"container\" data-e-type=\"container\">\n\t\t\t\t<div class=\"elementor-element elementor-element-7b22b37 elementor-widget elementor-widget-the7-heading\" data-id=\"7b22b37\" data-element_type=\"widget\" data-e-type=\"widget\" data-widget_type=\"the7-heading.default\">\n\t\t\t\t<div class=\"elementor-widget-container\">\n\t\t\t\t\t<h3 class=\"the7-heading-title elementor-size-default\">histoire<\/h3>\t\t\t\t<\/div>\n\t\t\t\t<\/div>\n\t\t\t\t<div class=\"elementor-element elementor-element-0e381f6 elementor-widget-tablet__width-inherit elementor-widget elementor-widget-text-editor\" data-id=\"0e381f6\" data-element_type=\"widget\" data-e-type=\"widget\" data-widget_type=\"text-editor.default\">\n\t\t\t\t\t\t\t\t\t<p>L\u2019origine de Sea Otter Europe<\/p>\t\t\t\t\t\t\t\t<\/div>\n\t\t\t\t<div class=\"elementor-element elementor-element-831938e elementor-widget-tablet__width-inherit elementor-widget elementor-widget-text-editor\" data-id=\"831938e\" data-element_type=\"widget\" data-e-type=\"widget\" data-widget_type=\"text-editor.default\">\n\t\t\t\t\t\t\t\t\t<p>Sea Otter Europe est n\u00e9 comme la version europ\u00e9enne de <b>Sea Otter Classic<\/b>, le plus grand festival cycliste au monde, qui se tient depuis 1991 \u00e0 Laguna Seca (Californie). En 2017, l\u2019\u00e9v\u00e9nement est arriv\u00e9 \u00e0 G\u00e9rone &#8211; Costa Brava, devenant rapidement la r\u00e9f\u00e9rence cycliste en Europe. <\/p>\n<p>Depuis lors, Sea Otter Europe a grandi ann\u00e9e apr\u00e8s ann\u00e9e pour se positionner comme un \u00e9v\u00e9nement cl\u00e9 pour tous les acteurs du secteur, tels que les professionnels de l\u2019industrie, les coureurs et le public final.<\/p>\n<p>Un festival qui rassemble les derni\u00e8res nouveaut\u00e9s du secteur, un programme sportif tr\u00e8s complet, des services exclusifs pour les professionnels, des essais gratuits de v\u00e9los, des activit\u00e9s pour toute la famille et bien plus encore. Sea Otter Europe cr\u00e9e l&rsquo;\u00e9cosyst\u00e8me cycliste ultime. &nbsp;<\/p><p>Un \u00e9v\u00e9nement con\u00e7u pour tous les amateurs de v\u00e9lo.<\/p>\t\t\t\t\t\t\t\t<\/div>\n\t\t\t\t<\/div>\n\t\t\t\t\t<\/div>\n\t\t\t\t<\/div>\n\t\t\t\t<div class=\"elementor-element elementor-element-ca1eeff elementor-widget elementor-widget-spacer\" data-id=\"ca1eeff\" data-element_type=\"widget\" data-e-type=\"widget\" data-widget_type=\"spacer.default\">\n\t\t\t\t\t\t\t<div class=\"elementor-spacer\">\n\t\t\t<div class=\"elementor-spacer-inner\"><\/div>\n\t\t<\/div>\n\t\t\t\t\t\t<\/div>\n\t\t\t\t<\/div>\n\t\t<div class=\"elementor-element elementor-element-8d6b95a e-con-full e-flex e-con e-parent\" data-id=\"8d6b95a\" data-element_type=\"container\" data-e-type=\"container\">\n\t\t\t\t<div class=\"elementor-element elementor-element-d95dd41 elementor-widget elementor-widget-spacer\" data-id=\"d95dd41\" data-element_type=\"widget\" data-e-type=\"widget\" data-widget_type=\"spacer.default\">\n\t\t\t\t\t\t\t<div class=\"elementor-spacer\">\n\t\t\t<div class=\"elementor-spacer-inner\"><\/div>\n\t\t<\/div>\n\t\t\t\t\t\t<\/div>\n\t\t<div class=\"elementor-element elementor-element-b6550d3 e-flex e-con-boxed e-con e-child\" data-id=\"b6550d3\" data-element_type=\"container\" data-e-type=\"container\">\n\t\t\t\t\t<div class=\"e-con-inner\">\n\t\t<div class=\"elementor-element elementor-element-8673d7f e-flex e-con-boxed e-con e-child\" data-id=\"8673d7f\" data-element_type=\"container\" data-e-type=\"container\">\n\t\t\t\t\t<div class=\"e-con-inner\">\n\t\t\t\t<div class=\"elementor-element elementor-element-ff1af39 elementor-widget elementor-widget-the7-heading\" data-id=\"ff1af39\" data-element_type=\"widget\" data-e-type=\"widget\" data-widget_type=\"the7-heading.default\">\n\t\t\t\t<div class=\"elementor-widget-container\">\n\t\t\t\t\t<h3 class=\"the7-heading-title elementor-size-default\">Chronologie<\/h3>\t\t\t\t<\/div>\n\t\t\t\t<\/div>\n\t\t\t\t<div class=\"elementor-element elementor-element-3326355 elementor-widget-tablet__width-inherit elementor-widget elementor-widget-text-editor\" data-id=\"3326355\" data-element_type=\"widget\" data-e-type=\"widget\" data-widget_type=\"text-editor.default\">\n\t\t\t\t\t\t\t\t\t<p>D\u00e9couvrez l\u2019\u00e9volution du festival<\/p>\t\t\t\t\t\t\t\t<\/div>\n\t\t\t\t<div class=\"elementor-element elementor-element-85a6183 elementor-widget-tablet__width-inherit elementor-widget__width-initial elementor-widget elementor-widget-text-editor\" data-id=\"85a6183\" data-element_type=\"widget\" data-e-type=\"widget\" data-widget_type=\"text-editor.default\">\n\t\t\t\t\t\t\t\t\t<p>La <strong>Sea Otter Europe<\/strong> s\u2019est consolid\u00e9e comme un point de rencontre cl\u00e9 entre la communaut\u00e9 cycliste.<\/p>\t\t\t\t\t\t\t\t<\/div>\n\t\t\t\t\t<\/div>\n\t\t\t\t<\/div>\n\t\t\t\t<div class=\"elementor-element elementor-element-53c4ab4 elementor-widget elementor-widget-timeline-widget-addon\" data-id=\"53c4ab4\" data-element_type=\"widget\" data-e-type=\"widget\" data-widget_type=\"timeline-widget-addon.default\">\n\t\t\t\t<div class=\"elementor-widget-container\">\n\t\t\t\t\t<!-- ========= Timeline Widget  Addon For Elementor 1.6.24 ========= -->\n<div id=\"twae-wrapper-53c4ab4\" class=\"twae-wrapper twae-horizontal-timeline\">\n<div class=\"twae-wrapper-inside\">\n <div id=\"twae-slider-container-53c4ab4\" data-dir=\"\" data-slidestoshow=\"5\" data-autoplay=\"false\" data-auto-height=\"true\" class=\"twae-slider-container swiper-container\">\n <div  class=\"twae-slider-wrapper swiper-wrapper no-height\"><!-- Start of Story Repeater Content --><div id=\"twae-article-f908847\" class=\"twae-repeater-item twae-story swiper-slide twae-story-no-icon\"><!-- Story Label --><div class=\"twae-labels\"><div class=\"twae-label-big\">2025<\/div><\/div><!-- Story Icon --><div class=\"twae-icon\"><i aria-hidden=\"true\" class=\"far fa-clock\"><\/i><\/div><!-- Story Arrow --><div class=\"twae-arrow\"><\/div><!-- Start of Story Content --><div class=\"twae-content\"><!-- Story Description --><div class=\"twae-description\"><div class=\"content-box-percentage content-box-counter\" style=\"text-align: left\"><strong><span class=\"display-counter\" data-value=\"44.000\" data-direction=\"up\" data-decimals=\"3\">44&nbsp;000<\/span>&nbsp;m\u00b2<\/strong> de zone d\u2019exposition<br \/><span class=\"display-counter\" data-value=\"44.000\" data-direction=\"up\" data-decimals=\"3\"><strong>74&nbsp;000<\/strong>&nbsp;visiteurs<br \/><\/span><strong>301<\/strong>&nbsp;stands<br \/><strong>507<\/strong>&nbsp;marques<br \/><strong>581<\/strong>&nbsp;v\u00e9los de d\u00e9monstration<br \/><strong>6&nbsp;124<\/strong>&nbsp;participants<\/div>\n<div style=\"text-align: left\"><strong>114<\/strong>&nbsp;nationalit\u00e9s<\/div>\n<\/div><\/div><\/div><!-- Start of Story Repeater Content --><div id=\"twae-article-5fcf491\" class=\"twae-repeater-item twae-story swiper-slide twae-story-no-icon\"><!-- Story Label --><div class=\"twae-labels\"><div class=\"twae-label-big twae-label-big\">2024<\/div><\/div><!-- Story Icon --><div class=\"twae-icon\"><i aria-hidden=\"true\" class=\"far fa-clock\"><\/i><\/div><!-- Story Arrow --><div class=\"twae-arrow\"><\/div><!-- Start of Story Content --><div class=\"twae-content\"><!-- Story Description --><div class=\"twae-description twae-description\"><div class=\"content-box-percentage content-box-counter\" style=\"text-align: left\"><strong><span class=\"display-counter\" data-value=\"44.000\" data-direction=\"up\" data-decimals=\"3\">42&nbsp;000<\/span>&nbsp;m\u00b2<\/strong> de zone d\u2019exposition<br \/><span class=\"display-counter\" data-value=\"44.000\" data-direction=\"up\" data-decimals=\"3\"><strong>68&nbsp;000<\/strong>&nbsp;visiteurs<br \/><\/span><strong>298<\/strong>&nbsp;stands<br \/><strong>500<\/strong>&nbsp;marques<br \/><strong>597<\/strong>&nbsp;v\u00e9los de d\u00e9monstration<br \/><strong>6&nbsp;000<\/strong>&nbsp;participants<\/div>\n<div style=\"text-align: left\"><strong>115<\/strong>&nbsp;nationalit\u00e9s<\/div>\n<\/div><\/div><\/div><!-- Start of Story Repeater Content --><div id=\"twae-article-20af932\" class=\"twae-repeater-item twae-story swiper-slide twae-story-no-icon\"><!-- Story Label --><div class=\"twae-labels\"><div class=\"twae-label-big twae-label-big twae-label-big\">2023<\/div><\/div><!-- Story Icon --><div class=\"twae-icon\"><i aria-hidden=\"true\" class=\"far fa-clock\"><\/i><\/div><!-- Story Arrow --><div class=\"twae-arrow\"><\/div><!-- Start of Story Content --><div class=\"twae-content\"><!-- Story Description --><div class=\"twae-description twae-description twae-description\"><div class=\"content-box-percentage content-box-counter\" style=\"text-align: left\"><strong><span class=\"display-counter\" data-value=\"44.000\" data-direction=\"up\" data-decimals=\"3\">35&nbsp;000<\/span>&nbsp;m\u00b2<\/strong> de zone d\u2019exposition<br \/><span class=\"display-counter\" data-value=\"44.000\" data-direction=\"up\" data-decimals=\"3\"><strong>64&nbsp;160<\/strong>&nbsp;visiteurs<br \/><\/span><strong>250<\/strong>&nbsp;stands<br \/><strong>402<\/strong>&nbsp;marques<br \/><strong>525&nbsp;<\/strong>v\u00e9los de d\u00e9monstration<br \/><strong>5&nbsp;300<\/strong>&nbsp;participants<\/div>\n<div style=\"text-align: left\"><strong>112<\/strong>&nbsp;nationalit\u00e9s<\/div>\n<\/div><\/div><\/div><!-- Start of Story Repeater Content --><div id=\"twae-article-6a8cc48\" class=\"twae-repeater-item twae-story swiper-slide twae-story-no-icon\"><!-- Story Label --><div class=\"twae-labels\"><div class=\"twae-label-big twae-label-big twae-label-big twae-label-big\">2022<\/div><\/div><!-- Story Icon --><div class=\"twae-icon\"><i aria-hidden=\"true\" class=\"far fa-clock\"><\/i><\/div><!-- Story Arrow --><div class=\"twae-arrow\"><\/div><!-- Start of Story Content --><div class=\"twae-content\"><!-- Story Description --><div class=\"twae-description twae-description twae-description twae-description\"><div class=\"content-box-percentage content-box-counter\" style=\"text-align: left\"><strong><span class=\"display-counter\" data-value=\"44.000\" data-direction=\"up\" data-decimals=\"3\">31&nbsp;000<\/span>&nbsp;m\u00b2<\/strong> de zone d\u2019exposition<br \/><span class=\"display-counter\" data-value=\"44.000\" data-direction=\"up\" data-decimals=\"3\"><strong>60&nbsp;000<\/strong>&nbsp;visiteurs<br \/><\/span><strong>210<\/strong>&nbsp;stands<br \/><strong>350<\/strong>&nbsp;marques<br \/><strong>431&nbsp;<\/strong>v\u00e9los de d\u00e9monstration<br \/><strong>4&nbsp;400<\/strong>&nbsp;participants<\/div>\n<div style=\"text-align: left\"><strong>54<\/strong>&nbsp;nationalit\u00e9s<\/div>\n<\/div><\/div><\/div><!-- Start of Story Repeater Content --><div id=\"twae-article-48266a4\" class=\"twae-repeater-item twae-story swiper-slide twae-story-no-icon\"><!-- Story Label --><div class=\"twae-labels\"><div class=\"twae-label-big twae-label-big twae-label-big twae-label-big twae-label-big\">2021<\/div><\/div><!-- Story Icon --><div class=\"twae-icon\"><i aria-hidden=\"true\" class=\"far fa-clock\"><\/i><\/div><!-- Story Arrow --><div class=\"twae-arrow\"><\/div><!-- Start of Story Content --><div class=\"twae-content\"><!-- Story Description --><div class=\"twae-description twae-description twae-description twae-description twae-description\"><div class=\"content-box-percentage content-box-counter\" style=\"text-align: left\"><strong><span class=\"display-counter\" data-value=\"44.000\" data-direction=\"up\" data-decimals=\"3\">26&nbsp;000<\/span>&nbsp;m\u00b2<\/strong> de zone d\u2019exposition<br \/><span class=\"display-counter\" data-value=\"44.000\" data-direction=\"up\" data-decimals=\"3\"><strong>45&nbsp;000<\/strong>&nbsp;visiteurs<br \/><\/span><b>150&nbsp;<\/b>stands<br \/><strong>290<\/strong>&nbsp;marques<br \/><strong>350&nbsp;<\/strong>v\u00e9los de d\u00e9monstration<br \/><strong>4&nbsp;350<\/strong>&nbsp;participants<\/div>\n<div style=\"text-align: left\"><strong>50<\/strong>&nbsp;nationalit\u00e9s<\/div>\n<div>(\u00c9dition post-pand\u00e9mie)<\/div>\n<\/div><\/div><\/div><!-- Start of Story Repeater Content --><div id=\"twae-article-1c5beb0\" class=\"twae-repeater-item twae-story swiper-slide twae-story-no-icon\"><!-- Story Label --><div class=\"twae-labels\"><div class=\"twae-label-big twae-label-big twae-label-big twae-label-big twae-label-big twae-label-big\">2020<\/div><\/div><!-- Story Icon --><div class=\"twae-icon\"><i aria-hidden=\"true\" class=\"far fa-clock\"><\/i><\/div><!-- Story Arrow --><div class=\"twae-arrow\"><\/div><!-- Start of Story Content --><div class=\"twae-content\"><!-- Story Description --><div class=\"twae-description twae-description twae-description twae-description twae-description twae-description\"><div class=\"content-box-percentage content-box-counter\" style=\"text-align: left\">\u00c9dition dans laquelle se d\u00e9roulent les \u00e9v\u00e9nements sportifs alors que Covid-19 oblige \u00e0 annuler le reste du festival.<\/div>\n<\/div><\/div><\/div><!-- Start of Story Repeater Content --><div id=\"twae-article-7198382\" class=\"twae-repeater-item twae-story swiper-slide twae-story-no-icon\"><!-- Story Label --><div class=\"twae-labels\"><div class=\"twae-label-big twae-label-big twae-label-big twae-label-big twae-label-big twae-label-big twae-label-big\">2019<\/div><\/div><!-- Story Icon --><div class=\"twae-icon\"><i aria-hidden=\"true\" class=\"far fa-clock\"><\/i><\/div><!-- Story Arrow --><div class=\"twae-arrow\"><\/div><!-- Start of Story Content --><div class=\"twae-content\"><!-- Story Description --><div class=\"twae-description twae-description twae-description twae-description twae-description twae-description twae-description\"><div class=\"content-box-percentage content-box-counter\">\n<div class=\"content-box-percentage content-box-counter\" style=\"text-align: left\"><strong><span class=\"display-counter\" data-value=\"44.000\" data-direction=\"up\" data-decimals=\"3\">26&nbsp;000<\/span>&nbsp;m\u00b2<\/strong> de zone d\u2019exposition<br \/><span class=\"display-counter\" data-value=\"44.000\" data-direction=\"up\" data-decimals=\"3\"><strong>50&nbsp;000<\/strong>&nbsp;visiteurs<br \/><\/span><b>200&nbsp;<\/b>stands<br \/><strong>420<\/strong>&nbsp;marques<br \/><strong>500<\/strong>&nbsp;v\u00e9los de d\u00e9monstration<br \/><strong>6&nbsp;100<\/strong>&nbsp;participants<\/div>\n<div style=\"text-align: left\"><strong>50<\/strong>&nbsp;nationalit\u00e9s<\/div>\n<\/div>\n<\/div><\/div><\/div><!-- Start of Story Repeater Content --><div id=\"twae-article-3e7e9be\" class=\"twae-repeater-item twae-story swiper-slide twae-story-no-icon\"><!-- Story Label --><div class=\"twae-labels\"><div class=\"twae-label-big twae-label-big twae-label-big twae-label-big twae-label-big twae-label-big twae-label-big twae-label-big\">2018<\/div><\/div><!-- Story Icon --><div class=\"twae-icon\"><i aria-hidden=\"true\" class=\"far fa-clock\"><\/i><\/div><!-- Story Arrow --><div class=\"twae-arrow\"><\/div><!-- Start of Story Content --><div class=\"twae-content\"><!-- Story Description --><div class=\"twae-description twae-description twae-description twae-description twae-description twae-description twae-description twae-description\"><div class=\"content-box-percentage content-box-counter\">\n<div class=\"content-box-percentage content-box-counter\" style=\"text-align: left\"><strong><span class=\"display-counter\" data-value=\"44.000\" data-direction=\"up\" data-decimals=\"3\">26&nbsp;000<\/span>&nbsp;m\u00b2<\/strong> de zone d\u2019exposition<br \/><span class=\"display-counter\" data-value=\"44.000\" data-direction=\"up\" data-decimals=\"3\"><strong>42&nbsp;000<\/strong>&nbsp;visiteurs<br \/><\/span><b>190&nbsp;<\/b>stands<br \/><strong>380<\/strong>&nbsp;marques<br \/><strong>300<\/strong>&nbsp;v\u00e9los de d\u00e9monstration<br \/><strong>5&nbsp;000<\/strong>&nbsp;participants<\/div>\n<div style=\"text-align: left\"><strong>19<\/strong>&nbsp;nationalit\u00e9s<\/div>\n<\/div>\n<\/div><\/div><\/div><!-- Start of Story Repeater Content --><div id=\"twae-article-cbcf975\" class=\"twae-repeater-item twae-story swiper-slide twae-story-no-icon\"><!-- Story Label --><div class=\"twae-labels\"><div class=\"twae-label-big twae-label-big twae-label-big twae-label-big twae-label-big twae-label-big twae-label-big twae-label-big twae-label-big\">2017<\/div><\/div><!-- Story Icon --><div class=\"twae-icon\"><i aria-hidden=\"true\" class=\"far fa-clock\"><\/i><\/div><!-- Story Arrow --><div class=\"twae-arrow\"><\/div><!-- Start of Story Content --><div class=\"twae-content\"><!-- Story Description --><div class=\"twae-description twae-description twae-description twae-description twae-description twae-description twae-description twae-description twae-description\"><div class=\"content-box-percentage content-box-counter\">\n<div class=\"content-box-percentage content-box-counter\" style=\"text-align: left\"><strong><span class=\"display-counter\" data-value=\"44.000\" data-direction=\"up\" data-decimals=\"3\">20&nbsp;000<\/span>&nbsp;m\u00b2<\/strong> de zone d\u2019exposition<br \/><span class=\"display-counter\" data-value=\"44.000\" data-direction=\"up\" data-decimals=\"3\"><strong>30&nbsp;000<\/strong>&nbsp;visiteurs<br \/><\/span><b>150&nbsp;<\/b>stands<br \/><strong>350<\/strong>&nbsp;marques<br \/><strong>220<\/strong>&nbsp;v\u00e9los de d\u00e9monstration<br \/><strong>4&nbsp;200<\/strong>&nbsp;participants<\/div>\n<div style=\"text-align: left\"><strong>12<\/strong>&nbsp;nationalit\u00e9s<\/div>\n<\/div>\n<\/div><\/div><\/div><\/div><\/div><\/div> <!-- Add Arrows -->\n       <div class=\"twae-button-prev\"><i class=\"fas fa-chevron-left\"><\/i><\/div>\n       <div class=\"twae-button-next\"><i class=\"fas fa-chevron-right\"><\/i><\/div>\n       <div class=\"twae-h-line\"><\/div>\n       <div class=\"twae-line-fill\"><\/div>\n    <\/div>\t\t\t\t<\/div>\n\t\t\t\t<\/div>\n\t\t\t\t\t<\/div>\n\t\t\t\t<\/div>\n\t\t\t\t<\/div>\n\t\t<div class=\"elementor-element elementor-element-a9d43cf e-con-full e-flex e-con e-child\" data-id=\"a9d43cf\" data-element_type=\"container\" data-e-type=\"container\" data-settings=\"{&quot;background_background&quot;:&quot;classic&quot;}\">\n\t\t<div class=\"elementor-element elementor-element-a11bbcb e-flex e-con-boxed e-con e-child\" data-id=\"a11bbcb\" data-element_type=\"container\" data-e-type=\"container\" data-settings=\"{&quot;background_background&quot;:&quot;gradient&quot;}\">\n\t\t\t\t\t<div class=\"e-con-inner\">\n\t\t\t\t<div class=\"elementor-element elementor-element-e502b1d elementor-widget-tablet__width-inherit elementor-widget elementor-widget-the7-heading\" data-id=\"e502b1d\" data-element_type=\"widget\" data-e-type=\"widget\" data-widget_type=\"the7-heading.default\">\n\t\t\t\t<div class=\"elementor-widget-container\">\n\t\t\t\t\t<div class=\"the7-heading-title elementor-size-default\">Planifiez votre visite...<\/div>\t\t\t\t<\/div>\n\t\t\t\t<\/div>\n\t\t\t\t<div class=\"elementor-element elementor-element-25143ac elementor-widget-tablet__width-inherit elementor-widget elementor-widget-the7-heading\" data-id=\"25143ac\" data-element_type=\"widget\" data-e-type=\"widget\" data-widget_type=\"the7-heading.default\">\n\t\t\t\t<div class=\"elementor-widget-container\">\n\t\t\t\t\t<div class=\"the7-heading-title elementor-size-default\">Venez profiter du festival Sea Otter Europe&nbsp;!<\/div>\t\t\t\t<\/div>\n\t\t\t\t<\/div>\n\t\t<div class=\"elementor-element elementor-element-b184cae e-flex e-con-boxed e-con e-child\" data-id=\"b184cae\" data-element_type=\"container\" data-e-type=\"container\">\n\t\t\t\t\t<div class=\"e-con-inner\">\n\t\t\t\t<div class=\"elementor-element elementor-element-b9dc9b0 elementor-align-center elementor-widget__width-inherit elementor-widget elementor-widget-the7_button_widget\" data-id=\"b9dc9b0\" data-element_type=\"widget\" data-e-type=\"widget\" data-widget_type=\"the7_button_widget.default\">\n\t\t\t\t<div class=\"elementor-widget-container\">\n\t\t\t\t\t<div class=\"elementor-button-wrapper\"><a href=\"https:\/\/seaottereurope.com\/fr\/programme-general-du-festival\/\" class=\"box-button elementor-button elementor-size-xl\">D\u00c9COUVREZ LE PROGRAMME<\/a><\/div>\t\t\t\t<\/div>\n\t\t\t\t<\/div>\n\t\t\t\t\t<\/div>\n\t\t\t\t<\/div>\n\t\t\t\t\t<\/div>\n\t\t\t\t<\/div>\n\t\t\t\t<\/div>\n\t\t\t\t<\/div>\n\t\t","protected":false},"excerpt":{"rendered":"<p>histoire L\u2019origine de Sea Otter Europe Sea Otter Europe est n\u00e9 comme la version europ\u00e9enne de Sea Otter Classic, le plus grand festival cycliste au monde, qui se tient depuis 1991 \u00e0 Laguna Seca (Californie). En 2017, l\u2019\u00e9v\u00e9nement est arriv\u00e9 \u00e0 G\u00e9rone &#8211; Costa Brava, devenant rapidement la r\u00e9f\u00e9rence cycliste en Europe. Depuis lors, Sea&hellip;<\/p>\n","protected":false},"author":4,"featured_media":45741,"parent":0,"menu_order":5,"comment_status":"closed","ping_status":"closed","template":"","meta":{"footnotes":""},"class_list":["post-45735","page","type-page","status-publish","has-post-thumbnail","hentry"],"_links":{"self":[{"href":"https:\/\/www.seaottereurope.com\/fr\/wp-json\/wp\/v2\/pages\/45735","targetHints":{"allow":["GET"]}}],"collection":[{"href":"https:\/\/www.seaottereurope.com\/fr\/wp-json\/wp\/v2\/pages"}],"about":[{"href":"https:\/\/www.seaottereurope.com\/fr\/wp-json\/wp\/v2\/types\/page"}],"author":[{"embeddable":true,"href":"https:\/\/www.seaottereurope.com\/fr\/wp-json\/wp\/v2\/users\/4"}],"replies":[{"embeddable":true,"href":"https:\/\/www.seaottereurope.com\/fr\/wp-json\/wp\/v2\/comments?post=45735"}],"version-history":[{"count":6,"href":"https:\/\/www.seaottereurope.com\/fr\/wp-json\/wp\/v2\/pages\/45735\/revisions"}],"predecessor-version":[{"id":620957,"href":"https:\/\/www.seaottereurope.com\/fr\/wp-json\/wp\/v2\/pages\/45735\/revisions\/620957"}],"wp:featuredmedia":[{"embeddable":true,"href":"https:\/\/www.seaottereurope.com\/fr\/wp-json\/wp\/v2\/media\/45741"}],"wp:attachment":[{"href":"https:\/\/www.seaottereurope.com\/fr\/wp-json\/wp\/v2\/media?parent=45735"}],"curies":[{"name":"wp","href":"https:\/\/api.w.org\/{rel}","templated":true}]}}