{"id":622088,"date":"2026-01-14T11:58:33","date_gmt":"2026-01-14T10:58:33","guid":{"rendered":"https:\/\/www.seaottereurope.com\/hebergement\/"},"modified":"2026-03-02T12:58:04","modified_gmt":"2026-03-02T11:58:04","slug":"hebergement","status":"publish","type":"page","link":"https:\/\/www.seaottereurope.com\/fr\/hebergement\/","title":{"rendered":"H\u00e9bergement"},"content":{"rendered":"\t\t<div data-elementor-type=\"wp-page\" data-elementor-id=\"622088\" class=\"elementor elementor-622088 elementor-619314\" data-elementor-post-type=\"page\">\n\t\t\t\t<div class=\"elementor-element elementor-element-236e6c5 e-con-full e-flex e-con e-parent\" data-id=\"236e6c5\" data-element_type=\"container\" data-e-type=\"container\">\n\t\t<div class=\"elementor-element elementor-element-180a549 e-flex e-con-boxed e-con e-child\" data-id=\"180a549\" data-element_type=\"container\" data-e-type=\"container\">\n\t\t\t\t\t<div class=\"e-con-inner\">\n\t\t<div class=\"elementor-element elementor-element-6de6199 e-flex e-con-boxed e-con e-child\" data-id=\"6de6199\" data-element_type=\"container\" data-e-type=\"container\">\n\t\t\t\t\t<div class=\"e-con-inner\">\n\t\t\t\t<div class=\"elementor-element elementor-element-1579b48 elementor-widget elementor-widget-the7-heading\" data-id=\"1579b48\" data-element_type=\"widget\" data-e-type=\"widget\" data-widget_type=\"the7-heading.default\">\n\t\t\t\t<div class=\"elementor-widget-container\">\n\t\t\t\t\t<h3 class=\"the7-heading-title elementor-size-default\">O\u00d9 DORMIR<\/h3>\t\t\t\t<\/div>\n\t\t\t\t<\/div>\n\t\t\t\t<div class=\"elementor-element elementor-element-dc362b7 elementor-widget-tablet__width-inherit elementor-widget elementor-widget-the7-heading\" data-id=\"dc362b7\" data-element_type=\"widget\" data-e-type=\"widget\" data-widget_type=\"the7-heading.default\">\n\t\t\t\t<div class=\"elementor-widget-container\">\n\t\t\t\t\t<div class=\"the7-heading-title elementor-size-default\">AVEZ-VOUS BESOIN D'UN H\u00c9BERGEMENT ?<\/div>\t\t\t\t<\/div>\n\t\t\t\t<\/div>\n\t\t\t\t<div class=\"elementor-element elementor-element-7de70f8 elementor-widget__width-initial elementor-widget elementor-widget-text-editor\" data-id=\"7de70f8\" data-element_type=\"widget\" data-e-type=\"widget\" data-widget_type=\"text-editor.default\">\n\t\t\t\t\t\t\t\t\t<p>Afin d&rsquo;offrir la meilleure exp\u00e9rience \u00e0 nos exposants, marques, \u00e9quipes et professionnels du secteur, le festival propose la possibilit\u00e9 de r\u00e9server votre s\u00e9jour <span style=\"background-color: rgba(255, 255, 255, 0);\">pour vous reposer pendant les jours du festival.<\/span><\/p><p>Vous pouvez effectuer une r\u00e9servation en contactant nos partenaires <a href=\"mailto:info@sportcontact.org\" target=\"_blank\" rel=\"noopener\"><b>SPORTCONTACT<\/b><\/a><b> <\/b>ou directement via notre h\u00f4tel officiel du Sea Otter Europe \u00e0 G\u00e9rone.<\/p>\t\t\t\t\t\t\t\t<\/div>\n\t\t\t\t\t<\/div>\n\t\t\t\t<\/div>\n\t\t\t\t\t<\/div>\n\t\t\t\t<\/div>\n\t\t<div class=\"elementor-element elementor-element-4b0cbfd e-flex e-con-boxed e-con e-child\" data-id=\"4b0cbfd\" data-element_type=\"container\" data-e-type=\"container\">\n\t\t\t\t\t<div class=\"e-con-inner\">\n\t\t<div class=\"elementor-element elementor-element-e80ddb8 e-con-full e-flex e-con e-child\" data-id=\"e80ddb8\" data-element_type=\"container\" data-e-type=\"container\" data-settings=\"{&quot;background_background&quot;:&quot;classic&quot;}\">\n\t\t\t\t<div class=\"elementor-element elementor-element-87f9ea2 content-align-right animated-fast the7-hover-visibility-disabled transform-overlay-yes exceeding-frame-yes elementor-invisible elementor-widget elementor-widget-the7-image-widget\" data-id=\"87f9ea2\" data-element_type=\"widget\" data-e-type=\"widget\" data-settings=\"{&quot;_animation&quot;:&quot;slideInLeft&quot;,&quot;hover_visibility&quot;:&quot;disabled&quot;}\" data-widget_type=\"the7-image-widget.default\">\n\t\t\t\t<div class=\"elementor-widget-container\">\n\t\t\t\t\t<div class=\"the7-image-container\"><div class=\"the7-image-wrapper the7-elementor-widget the7-transform-container\"><div class=\"post-thumbnail-rollover layzr-bg img-css-resize-wrapper\"><img fetchpriority=\"high\" decoding=\"async\" width=\"768\" height=\"280\" src=\"data:image\/svg+xml,%3Csvg%20xmlns%3D&#039;http%3A%2F%2Fwww.w3.org%2F2000%2Fsvg&#039;%20viewBox%3D&#039;0%200%20768%20280&#039;%2F%3E\" class=\"attachment-medium_large size-medium_large preload-me aspect lazy lazy-load\" alt=\"\" sizes=\"(max-width: 768px) 100vw, 768px\" style=\"--ratio: 768 \/ 280;\" data-src=\"https:\/\/www.seaottereurope.com\/wp-content\/uploads\/2026\/02\/seaotter_official_hotel_26_blanc-768x280.png\" loading=\"eager\" data-srcset=\"https:\/\/www.seaottereurope.com\/wp-content\/uploads\/2026\/02\/seaotter_official_hotel_26_blanc-768x280.png 768w, https:\/\/www.seaottereurope.com\/wp-content\/uploads\/2026\/02\/seaotter_official_hotel_26_blanc-300x109.png 300w, https:\/\/www.seaottereurope.com\/wp-content\/uploads\/2026\/02\/seaotter_official_hotel_26_blanc-1024x374.png 1024w, https:\/\/www.seaottereurope.com\/wp-content\/uploads\/2026\/02\/seaotter_official_hotel_26_blanc-1536x561.png 1536w, https:\/\/www.seaottereurope.com\/wp-content\/uploads\/2026\/02\/seaotter_official_hotel_26_blanc-2048x747.png 2048w\" \/><\/div><\/div><\/div>\t\t\t\t<\/div>\n\t\t\t\t<\/div>\n\t\t\t\t<\/div>\n\t\t<div class=\"elementor-element elementor-element-cc89d7a e-con-full e-flex e-con e-child\" data-id=\"cc89d7a\" data-element_type=\"container\" data-e-type=\"container\">\n\t\t\t\t<div class=\"elementor-element elementor-element-67fe9a4 elementor-widget elementor-widget-the7-heading\" data-id=\"67fe9a4\" data-element_type=\"widget\" data-e-type=\"widget\" data-widget_type=\"the7-heading.default\">\n\t\t\t\t<div class=\"elementor-widget-container\">\n\t\t\t\t\t<h3 class=\"the7-heading-title elementor-size-default\">H\u00d4TEL OFFICIEL 2026<\/h3>\t\t\t\t<\/div>\n\t\t\t\t<\/div>\n\t\t\t\t<div class=\"elementor-element elementor-element-5cd2267 elementor-widget-tablet__width-inherit elementor-widget elementor-widget-the7-heading\" data-id=\"5cd2267\" data-element_type=\"widget\" data-e-type=\"widget\" data-widget_type=\"the7-heading.default\">\n\t\t\t\t<div class=\"elementor-widget-container\">\n\t\t\t\t\t<div class=\"the7-heading-title elementor-size-default\">H\u00f4tel Carlemany Girona <sup><span style=\"font-size:16px;\">\u2605\u2605\u2605\u2605<\/span><\/sup><\/div>\t\t\t\t<\/div>\n\t\t\t\t<\/div>\n\t\t\t\t<div class=\"elementor-element elementor-element-00b6205 elementor-widget-tablet__width-inherit elementor-widget elementor-widget-text-editor\" data-id=\"00b6205\" data-element_type=\"widget\" data-e-type=\"widget\" data-widget_type=\"text-editor.default\">\n\t\t\t\t\t\t\t\t\t<p>Situ\u00e9 au c\u0153ur de <span class=\"hover:entity-accent entity-underline inline cursor-pointer align-baseline\"><span class=\"whitespace-normal\">G\u00e9rone<\/span><\/span>, l&rsquo;<a href=\"https:\/\/www.hotelcarlemanygirona.com\/\" target=\"_blank\" rel=\"noopener\"><strong>H\u00f4tel Carlemany<\/strong><\/a> Girona allie \u00e9l\u00e9gance, confort et emplacement strat\u00e9gique, id\u00e9al pour profiter \u00e0 la fois du festival et de la ville.<\/p><p data-start=\"604\" data-end=\"654\">Cet h\u00f4tel embl\u00e9matique quatre \u00e9toiles offre :<\/p><ul data-start=\"656\" data-end=\"889\"><li data-start=\"656\" data-end=\"695\"><p data-start=\"658\" data-end=\"695\">Chambres spacieuses et confortables<\/p><\/li><li data-start=\"696\" data-end=\"723\"><p data-start=\"698\" data-end=\"723\">Wi-Fi haut d\u00e9bit<\/p><\/li><li data-start=\"724\" data-end=\"752\"><p data-start=\"726\" data-end=\"752\">Restaurant gastronomique<\/p><\/li><li data-start=\"753\" data-end=\"788\"><p data-start=\"755\" data-end=\"788\">Salles pour r\u00e9unions informelles<\/p><\/li><li data-start=\"789\" data-end=\"838\"><p data-start=\"791\" data-end=\"838\">Service professionnel et attention personnalis\u00e9e<\/p><\/li><li data-start=\"839\" data-end=\"889\"><p data-start=\"841\" data-end=\"889\">Excellente connexion avec le site du festival<\/p><\/li><\/ul><p><strong>Si vous \u00eates exposant ou professionnel, vous pouvez acc\u00e9der \u00e0 des tarifs sp\u00e9ciaux n\u00e9goci\u00e9s par l&rsquo;organisation. <\/strong><\/p><p>Nous vous recommandons de r\u00e9server \u00e0 l&rsquo;avance, car la disponibilit\u00e9 est limit\u00e9e pendant les dates du festival.<\/p>\t\t\t\t\t\t\t\t<\/div>\n\t\t\t\t<div class=\"elementor-element elementor-element-5aaac68 elementor-widget elementor-widget-the7_button_widget\" data-id=\"5aaac68\" data-element_type=\"widget\" data-e-type=\"widget\" data-widget_type=\"the7_button_widget.default\">\n\t\t\t\t<div class=\"elementor-widget-container\">\n\t\t\t\t\t<div class=\"elementor-button-wrapper\"><a href=\"https:\/\/www.hotelcarlemanygirona.com\/booking?channelkey=1d3ff4af-dae6-4c48-b214-05865cc702a1&#038;idiomaid=es&#038;pivotipo=1&#038;skin=carlemany&#038;fullintegration=1&#038;vscroll=1&#038;desde=25%2F02%2F26&#038;hasta=26%2F02%2F26&#038;adultos=2\" target=\"_blank\" class=\"box-button elementor-button elementor-size-xl\" rel=\"noopener\">FAITES VOTRE R\u00c9SERVATION&nbsp;!<\/a><\/div>\t\t\t\t<\/div>\n\t\t\t\t<\/div>\n\t\t\t\t<\/div>\n\t\t\t\t\t<\/div>\n\t\t\t\t<\/div>\n\t\t\t\t<\/div>\n\t\t<div class=\"elementor-element elementor-element-994a840 e-flex e-con-boxed e-con e-parent\" data-id=\"994a840\" data-element_type=\"container\" data-e-type=\"container\">\n\t\t\t\t\t<div class=\"e-con-inner\">\n\t\t\t\t<div class=\"elementor-element elementor-element-5859380 elementor-arrows-position-inside elementor-pagination-position-outside elementor-widget elementor-widget-image-carousel\" data-id=\"5859380\" data-element_type=\"widget\" data-e-type=\"widget\" data-settings=\"{&quot;slides_to_show&quot;:&quot;1&quot;,&quot;navigation&quot;:&quot;both&quot;,&quot;autoplay&quot;:&quot;yes&quot;,&quot;pause_on_hover&quot;:&quot;yes&quot;,&quot;pause_on_interaction&quot;:&quot;yes&quot;,&quot;autoplay_speed&quot;:5000,&quot;infinite&quot;:&quot;yes&quot;,&quot;effect&quot;:&quot;slide&quot;,&quot;speed&quot;:500}\" data-widget_type=\"image-carousel.default\">\n\t\t\t\t\t\t\t<div class=\"elementor-image-carousel-wrapper swiper\" role=\"region\" aria-roledescription=\"carousel\" aria-label=\"Carrusel de im\u00e1genes\" dir=\"ltr\">\n\t\t\t<div class=\"elementor-image-carousel swiper-wrapper\" aria-live=\"off\">\n\t\t\t\t\t\t\t\t<div class=\"swiper-slide\" role=\"group\" aria-roledescription=\"slide\" aria-label=\"1 sur 4\"><figure class=\"swiper-slide-inner\"><img decoding=\"async\" class=\"swiper-slide-image\" src=\"https:\/\/www.seaottereurope.com\/wp-content\/uploads\/2026\/02\/hotel-carlemany-girona-sea-otter-europe.jpg\" alt=\"H\u00f4tel officiel Sea Otter Europe - H\u00f4tel Carlemany Girona\" \/><\/figure><\/div><div class=\"swiper-slide\" role=\"group\" aria-roledescription=\"slide\" aria-label=\"2 sur 4\"><figure class=\"swiper-slide-inner\"><img decoding=\"async\" class=\"swiper-slide-image\" src=\"https:\/\/www.seaottereurope.com\/wp-content\/uploads\/2026\/02\/hotel-carlemany-girona-sea-otter-europe-1.jpg\" alt=\"H\u00f4tel officiel Sea Otter Europe - H\u00f4tel Carlemany Girona\" \/><\/figure><\/div><div class=\"swiper-slide\" role=\"group\" aria-roledescription=\"slide\" aria-label=\"3 sur 4\"><figure class=\"swiper-slide-inner\"><img decoding=\"async\" class=\"swiper-slide-image\" src=\"https:\/\/www.seaottereurope.com\/wp-content\/uploads\/2026\/02\/hotel-carlemany-girona-sea-otter-europe-hab-estandard3.jpg\" alt=\"H\u00f4tel officiel Sea Otter Europe - H\u00f4tel Carlemany Girona\" \/><\/figure><\/div><div class=\"swiper-slide\" role=\"group\" aria-roledescription=\"slide\" aria-label=\"4 sur 4\"><figure class=\"swiper-slide-inner\"><img decoding=\"async\" class=\"swiper-slide-image\" src=\"https:\/\/www.seaottereurope.com\/wp-content\/uploads\/2026\/02\/hotel-carlemany-girona-sea-otter-europe-habitacio-basic-premium.jpg\" alt=\"H\u00f4tel officiel Sea Otter Europe - H\u00f4tel Carlemany Girona\" \/><\/figure><\/div>\t\t\t<\/div>\n\t\t\t\t\t\t\t\t\t\t\t\t<div class=\"elementor-swiper-button elementor-swiper-button-prev\" role=\"button\" tabindex=\"0\">\n\t\t\t\t\t\t<svg aria-hidden=\"true\" class=\"e-font-icon-svg e-eicon-chevron-left\" viewBox=\"0 0 1000 1000\" xmlns=\"http:\/\/www.w3.org\/2000\/svg\"><path d=\"M646 125C629 125 613 133 604 142L308 442C296 454 292 471 292 487 292 504 296 521 308 533L604 854C617 867 629 875 646 875 663 875 679 871 692 858 704 846 713 829 713 812 713 796 708 779 692 767L438 487 692 225C700 217 708 204 708 187 708 171 704 154 692 142 675 129 663 125 646 125Z\"><\/path><\/svg>\t\t\t\t\t<\/div>\n\t\t\t\t\t<div class=\"elementor-swiper-button elementor-swiper-button-next\" role=\"button\" tabindex=\"0\">\n\t\t\t\t\t\t<svg aria-hidden=\"true\" class=\"e-font-icon-svg e-eicon-chevron-right\" viewBox=\"0 0 1000 1000\" xmlns=\"http:\/\/www.w3.org\/2000\/svg\"><path d=\"M696 533C708 521 713 504 713 487 713 471 708 454 696 446L400 146C388 133 375 125 354 125 338 125 325 129 313 142 300 154 292 171 292 187 292 204 296 221 308 233L563 492 304 771C292 783 288 800 288 817 288 833 296 850 308 863 321 871 338 875 354 875 371 875 388 867 400 854L696 533Z\"><\/path><\/svg>\t\t\t\t\t<\/div>\n\t\t\t\t\n\t\t\t\t\t\t\t\t\t<div class=\"swiper-pagination\"><\/div>\n\t\t\t\t\t\t\t\t\t<\/div>\n\t\t\t\t\t\t<\/div>\n\t\t\t\t\t<\/div>\n\t\t\t\t<\/div>\n\t\t\t\t<\/div>\n\t\t","protected":false},"excerpt":{"rendered":"<p>O\u00d9 DORMIR AVEZ-VOUS BESOIN D&rsquo;UN H\u00c9BERGEMENT ? Afin d&rsquo;offrir la meilleure exp\u00e9rience \u00e0 nos exposants, marques, \u00e9quipes et professionnels du secteur, le festival propose la possibilit\u00e9 de r\u00e9server votre s\u00e9jour pour vous reposer pendant les jours du festival. Vous pouvez effectuer une r\u00e9servation en contactant nos partenaires SPORTCONTACT ou directement via notre h\u00f4tel officiel du&hellip;<\/p>\n","protected":false},"author":4,"featured_media":0,"parent":0,"menu_order":0,"comment_status":"closed","ping_status":"closed","template":"","meta":{"footnotes":""},"class_list":["post-622088","page","type-page","status-publish","hentry"],"_links":{"self":[{"href":"https:\/\/www.seaottereurope.com\/fr\/wp-json\/wp\/v2\/pages\/622088","targetHints":{"allow":["GET"]}}],"collection":[{"href":"https:\/\/www.seaottereurope.com\/fr\/wp-json\/wp\/v2\/pages"}],"about":[{"href":"https:\/\/www.seaottereurope.com\/fr\/wp-json\/wp\/v2\/types\/page"}],"author":[{"embeddable":true,"href":"https:\/\/www.seaottereurope.com\/fr\/wp-json\/wp\/v2\/users\/4"}],"replies":[{"embeddable":true,"href":"https:\/\/www.seaottereurope.com\/fr\/wp-json\/wp\/v2\/comments?post=622088"}],"version-history":[{"count":5,"href":"https:\/\/www.seaottereurope.com\/fr\/wp-json\/wp\/v2\/pages\/622088\/revisions"}],"predecessor-version":[{"id":622178,"href":"https:\/\/www.seaottereurope.com\/fr\/wp-json\/wp\/v2\/pages\/622088\/revisions\/622178"}],"wp:attachment":[{"href":"https:\/\/www.seaottereurope.com\/fr\/wp-json\/wp\/v2\/media?parent=622088"}],"curies":[{"name":"wp","href":"https:\/\/api.w.org\/{rel}","templated":true}]}}